{"id":4314,"date":"2026-02-20T07:55:33","date_gmt":"2026-02-20T07:55:33","guid":{"rendered":"https:\/\/myliusvara.lt\/uncategorized\/frosch-higieniskais-trauku-mazgajamas-masinas-tiritajs-ar-zalo-citronu-125g\/"},"modified":"2026-02-23T13:26:10","modified_gmt":"2026-02-23T13:26:10","slug":"frosch-higieniskais-trauku-mazgajamas-masinas-tiritajs-ar-zalo-citronu-125g","status":"publish","type":"product","link":"https:\/\/myliusvara.lt\/lv\/mazgasanas-un-skalosanas-lidzekli\/frosch-higieniskais-trauku-mazgajamas-masinas-tiritajs-ar-zalo-citronu-125g\/","title":{"rendered":"Frosch Higi\u0113niskais trauku mazg\u0101jam\u0101s ma\u0161\u012bnas t\u012br\u012bt\u0101js ar Za\u013co Citronu 125g"},"content":{"rendered":"<p>Nodro\u0161ina jaud\u012bgu un higi\u0113nisku visu trauku mazg\u0101jamo ma\u0161\u012bnu t\u012br\u012b\u0161anu, izt\u012bra pat gr\u016bti sasniedzamas vietas, piem\u0113ram, sprauslas, filtrus vai noteces atveres. Jaud\u012bga formula ar za\u013co citronu no\u0146em ka\u013c\u0137akmens nogulsnes, taukus un nepat\u012bkamas smakas, uztur trauku mazg\u0101jam\u0101s ma\u0161\u012bnas darb\u012bbu un aizsarg\u0101 t\u0101s da\u013cas. Lieto\u0161ana: ievietojiet t\u012br\u012b\u0161anas tablet\u012bti un palaidiet mazg\u0101\u0161anas ciklu. Ra\u017eots V\u0101cij\u0101.<\/p>\n","protected":false},"excerpt":{"rendered":"<p>Nodro\u0161ina jaud\u012bgu un higi\u0113nisku visu trauku mazg\u0101jamo ma\u0161\u012bnu t\u012br\u012b\u0161anu, izt\u012bra pat gr\u016bti sasniedzamas vietas, piem\u0113ram, sprauslas, filtrus vai noteces atveres. Jaud\u012bga formula ar za\u013co citronu no\u0146em ka\u013c\u0137akmens nogulsnes, taukus un nepat\u012bkamas smakas, uztur trauku mazg\u0101jam\u0101s ma\u0161\u012bnas darb\u012bbu un aizsarg\u0101 t\u0101s da\u013cas. Lieto\u0161ana: ievietojiet t\u012br\u012b\u0161anas tablet\u012bti un palaidiet mazg\u0101\u0161anas ciklu. Ra\u017eots V\u0101cij\u0101.<\/p>\n","protected":false},"featured_media":3973,"comment_status":"open","ping_status":"closed","template":"","meta":[],"product_brand":[63],"product_cat":[149],"product_tag":[],"class_list":{"0":"post-4314","1":"product","2":"type-product","3":"status-publish","4":"has-post-thumbnail","6":"product_brand-frosch","7":"product_cat-mazgasanas-un-skalosanas-lidzekli","9":"first","10":"instock","11":"shipping-taxable","12":"purchasable","13":"product-type-simple"},"_links":{"self":[{"href":"https:\/\/myliusvara.lt\/lv\/wp-json\/wp\/v2\/product\/4314","targetHints":{"allow":["GET"]}}],"collection":[{"href":"https:\/\/myliusvara.lt\/lv\/wp-json\/wp\/v2\/product"}],"about":[{"href":"https:\/\/myliusvara.lt\/lv\/wp-json\/wp\/v2\/types\/product"}],"replies":[{"embeddable":true,"href":"https:\/\/myliusvara.lt\/lv\/wp-json\/wp\/v2\/comments?post=4314"}],"wp:featuredmedia":[{"embeddable":true,"href":"https:\/\/myliusvara.lt\/lv\/wp-json\/wp\/v2\/media\/3973"}],"wp:attachment":[{"href":"https:\/\/myliusvara.lt\/lv\/wp-json\/wp\/v2\/media?parent=4314"}],"wp:term":[{"taxonomy":"product_brand","embeddable":true,"href":"https:\/\/myliusvara.lt\/lv\/wp-json\/wp\/v2\/product_brand?post=4314"},{"taxonomy":"product_cat","embeddable":true,"href":"https:\/\/myliusvara.lt\/lv\/wp-json\/wp\/v2\/product_cat?post=4314"},{"taxonomy":"product_tag","embeddable":true,"href":"https:\/\/myliusvara.lt\/lv\/wp-json\/wp\/v2\/product_tag?post=4314"}],"curies":[{"name":"wp","href":"https:\/\/api.w.org\/{rel}","templated":true}]}}