{"id":4313,"date":"2026-02-20T07:55:33","date_gmt":"2026-02-20T07:55:33","guid":{"rendered":"https:\/\/myliusvara.lt\/uncategorized\/frosch-skalosanas-skidrums-automatiskajam-trauku-mazgajamajam-masinam-750-ml\/"},"modified":"2026-02-23T13:26:10","modified_gmt":"2026-02-23T13:26:10","slug":"frosch-skalosanas-skidrums-automatiskajam-trauku-mazgajamajam-masinam-750-ml","status":"publish","type":"product","link":"https:\/\/myliusvara.lt\/lv\/trauku-un-trauku-mazgajamas-masinas-tirisanas-lidzekli\/frosch-skalosanas-skidrums-automatiskajam-trauku-mazgajamajam-masinam-750-ml\/","title":{"rendered":"Frosch Skalo\u0161anas \u0161\u0137idrums autom\u0101tiskaj\u0101m trauku mazg\u0101jamaj\u0101m ma\u0161\u012bn\u0101m 750 ml"},"content":{"rendered":"<p>Sp\u012bd\u012bgiem traukiem, gl\u0101z\u0113m un galda piederumiem. Formula ar efekt\u012bvu bioalkoholu nodro\u0161ina t\u012br\u012b\u0161anu bez atlikumiem, \u0101tru \u017e\u0101v\u0113\u0161anu, pasarg\u0101 no ka\u013c\u0137akmens nogulsn\u0113m. Lieto\u0161ana: regul\u0101ri lieciet skalo\u0161anas \u0161\u0137idrumu trauku mazg\u0101jam\u0101s ma\u0161\u012bnas attiec\u012bgaj\u0101 nodal\u012bjum\u0101, iev\u0113rojot ma\u0161\u012bnas ra\u017eot\u0101ja nor\u0101d\u012bjumus. Glab\u0101t b\u0113rniem nepieejam\u0101 viet\u0101. Ra\u017eots V\u0101cij\u0101.<\/p>\n","protected":false},"excerpt":{"rendered":"<p>Sp\u012bd\u012bgiem traukiem, gl\u0101z\u0113m un galda piederumiem. Formula ar efekt\u012bvu bioalkoholu nodro\u0161ina t\u012br\u012b\u0161anu bez atlikumiem, \u0101tru \u017e\u0101v\u0113\u0161anu, pasarg\u0101 no ka\u013c\u0137akmens nogulsn\u0113m. Lieto\u0161ana: regul\u0101ri lieciet skalo\u0161anas \u0161\u0137idrumu trauku mazg\u0101jam\u0101s ma\u0161\u012bnas attiec\u012bgaj\u0101 nodal\u012bjum\u0101, iev\u0113rojot ma\u0161\u012bnas ra\u017eot\u0101ja nor\u0101d\u012bjumus. Glab\u0101t b\u0113rniem nepieejam\u0101 viet\u0101. Ra\u017eots V\u0101cij\u0101.<\/p>\n","protected":false},"featured_media":3970,"comment_status":"closed","ping_status":"closed","template":"","meta":[],"product_brand":[63],"product_cat":[150,167],"product_tag":[],"class_list":{"0":"post-4313","1":"product","2":"type-product","3":"status-publish","4":"has-post-thumbnail","6":"product_brand-frosch","7":"product_cat-ekomarkejums","8":"product_cat-trauku-un-trauku-mazgajamas-masinas-tirisanas-lidzekli","10":"first","11":"instock","12":"shipping-taxable","13":"purchasable","14":"product-type-simple"},"_links":{"self":[{"href":"https:\/\/myliusvara.lt\/lv\/wp-json\/wp\/v2\/product\/4313","targetHints":{"allow":["GET"]}}],"collection":[{"href":"https:\/\/myliusvara.lt\/lv\/wp-json\/wp\/v2\/product"}],"about":[{"href":"https:\/\/myliusvara.lt\/lv\/wp-json\/wp\/v2\/types\/product"}],"replies":[{"embeddable":true,"href":"https:\/\/myliusvara.lt\/lv\/wp-json\/wp\/v2\/comments?post=4313"}],"wp:featuredmedia":[{"embeddable":true,"href":"https:\/\/myliusvara.lt\/lv\/wp-json\/wp\/v2\/media\/3970"}],"wp:attachment":[{"href":"https:\/\/myliusvara.lt\/lv\/wp-json\/wp\/v2\/media?parent=4313"}],"wp:term":[{"taxonomy":"product_brand","embeddable":true,"href":"https:\/\/myliusvara.lt\/lv\/wp-json\/wp\/v2\/product_brand?post=4313"},{"taxonomy":"product_cat","embeddable":true,"href":"https:\/\/myliusvara.lt\/lv\/wp-json\/wp\/v2\/product_cat?post=4313"},{"taxonomy":"product_tag","embeddable":true,"href":"https:\/\/myliusvara.lt\/lv\/wp-json\/wp\/v2\/product_tag?post=4313"}],"curies":[{"name":"wp","href":"https:\/\/api.w.org\/{rel}","templated":true}]}}