{"id":4311,"date":"2026-02-20T07:55:34","date_gmt":"2026-02-20T07:55:34","guid":{"rendered":"https:\/\/myliusvara.lt\/uncategorized\/frosch-baby-skidrais-mazgasanas-lidzeklis-15l\/"},"modified":"2026-02-23T13:26:10","modified_gmt":"2026-02-23T13:26:10","slug":"frosch-baby-skidrais-mazgasanas-lidzeklis-15l","status":"publish","type":"product","link":"https:\/\/myliusvara.lt\/lv\/pasakumi-zidainiem-un-berniem\/frosch-baby-skidrais-mazgasanas-lidzeklis-15l\/","title":{"rendered":"Frosch BABY \u0160\u0137idrais mazg\u0101\u0161anas l\u012bdzeklis 1,5l"},"content":{"rendered":"<p>Liela mazg\u0101\u0161anas jauda visiem tekstilizstr\u0101d\u0101jumiem no 20\u201395 \u00b0C, nav piem\u0113rots vilnai un z\u012bdam. Hipoaler\u0123iska formula ar kumel\u012b\u0161u ekstraktiem un r\u016bp\u012bgi atlas\u012bt\u0101m smar\u017eviel\u0101m. Bez kr\u0101sviel\u0101m un bez pievienotiem konservantiem. \u012apa\u0161i piem\u0113rots z\u012bdai\u0146u, mazu b\u0113rnu un aler\u0123isku cilv\u0113ku vajadz\u012bb\u0101m. Lieto\u0161ana: doz\u0113 atbilsto\u0161i nor\u0101d\u0113m uz iepakojuma. Ra\u017eots V\u0101cij\u0101.<\/p>\n","protected":false},"excerpt":{"rendered":"<p>Liela mazg\u0101\u0161anas jauda visiem tekstilizstr\u0101d\u0101jumiem no 20\u201395 \u00b0C, nav piem\u0113rots vilnai un z\u012bdam. Hipoaler\u0123iska formula ar kumel\u012b\u0161u ekstraktiem un r\u016bp\u012bgi atlas\u012bt\u0101m smar\u017eviel\u0101m. Bez kr\u0101sviel\u0101m un bez pievienotiem konservantiem. \u012apa\u0161i piem\u0113rots z\u012bdai\u0146u, mazu b\u0113rnu un aler\u0123isku cilv\u0113ku vajadz\u012bb\u0101m. Lieto\u0161ana: doz\u0113 atbilsto\u0161i nor\u0101d\u0113m uz iepakojuma. Ra\u017eots V\u0101cij\u0101.<\/p>\n","protected":false},"featured_media":3997,"comment_status":"open","ping_status":"closed","template":"","meta":[],"product_brand":[63],"product_cat":[150,149,165],"product_tag":[],"class_list":{"0":"post-4311","1":"product","2":"type-product","3":"status-publish","4":"has-post-thumbnail","6":"product_brand-frosch","7":"product_cat-ekomarkejums","8":"product_cat-mazgasanas-un-skalosanas-lidzekli","9":"product_cat-pasakumi-zidainiem-un-berniem","11":"first","12":"instock","13":"shipping-taxable","14":"purchasable","15":"product-type-simple"},"_links":{"self":[{"href":"https:\/\/myliusvara.lt\/lv\/wp-json\/wp\/v2\/product\/4311","targetHints":{"allow":["GET"]}}],"collection":[{"href":"https:\/\/myliusvara.lt\/lv\/wp-json\/wp\/v2\/product"}],"about":[{"href":"https:\/\/myliusvara.lt\/lv\/wp-json\/wp\/v2\/types\/product"}],"replies":[{"embeddable":true,"href":"https:\/\/myliusvara.lt\/lv\/wp-json\/wp\/v2\/comments?post=4311"}],"wp:featuredmedia":[{"embeddable":true,"href":"https:\/\/myliusvara.lt\/lv\/wp-json\/wp\/v2\/media\/3997"}],"wp:attachment":[{"href":"https:\/\/myliusvara.lt\/lv\/wp-json\/wp\/v2\/media?parent=4311"}],"wp:term":[{"taxonomy":"product_brand","embeddable":true,"href":"https:\/\/myliusvara.lt\/lv\/wp-json\/wp\/v2\/product_brand?post=4311"},{"taxonomy":"product_cat","embeddable":true,"href":"https:\/\/myliusvara.lt\/lv\/wp-json\/wp\/v2\/product_cat?post=4311"},{"taxonomy":"product_tag","embeddable":true,"href":"https:\/\/myliusvara.lt\/lv\/wp-json\/wp\/v2\/product_tag?post=4311"}],"curies":[{"name":"wp","href":"https:\/\/api.w.org\/{rel}","templated":true}]}}