{"id":4310,"date":"2026-02-20T07:55:34","date_gmt":"2026-02-20T07:55:34","guid":{"rendered":"https:\/\/myliusvara.lt\/uncategorized\/frosch-jaudigs-mazgasanas-lidzeklis-ar-sodu-15l\/"},"modified":"2026-02-23T13:26:09","modified_gmt":"2026-02-23T13:26:09","slug":"frosch-jaudigs-mazgasanas-lidzeklis-ar-sodu-15l","status":"publish","type":"product","link":"https:\/\/myliusvara.lt\/lv\/ekomarkejums\/frosch-jaudigs-mazgasanas-lidzeklis-ar-sodu-15l\/","title":{"rendered":"Frosch Jaud\u012bgs mazg\u0101\u0161anas l\u012bdzeklis ar Sodu 1,5l"},"content":{"rendered":"<p>Jaud\u012bgs mazg\u0101\u0161anas l\u012bdzeklis ar sodu \u2014 lieliski piem\u0113rots baltiem audumiem no 20 l\u012bdz 95 \u00b0C. Nav piem\u0113rots vilnai un z\u012bdam. Efekt\u012bva formula ar traipu no\u0146emo\u0161u sodu nodro\u0161ina lielisku rezult\u0101tu. Nesatur konservantus, produkts dermato\u0123iski test\u0113ts. Pirms mazg\u0101\u0161anas \u0161\u0137irojiet ve\u013cu p\u0113c kr\u0101sas, net\u012br\u012bbas pak\u0101pes un temperat\u016bras pras\u012bb\u0101m. Ra\u017eots V\u0101cij\u0101.<\/p>\n","protected":false},"excerpt":{"rendered":"<p>Jaud\u012bgs mazg\u0101\u0161anas l\u012bdzeklis ar sodu \u2014 lieliski piem\u0113rots baltiem audumiem no 20 l\u012bdz 95 \u00b0C. Nav piem\u0113rots vilnai un z\u012bdam. Efekt\u012bva formula ar traipu no\u0146emo\u0161u sodu nodro\u0161ina lielisku rezult\u0101tu. Nesatur konservantus, produkts dermato\u0123iski test\u0113ts. Pirms mazg\u0101\u0161anas \u0161\u0137irojiet ve\u013cu p\u0113c kr\u0101sas, net\u012br\u012bbas pak\u0101pes un temperat\u016bras pras\u012bb\u0101m. Ra\u017eots V\u0101cij\u0101.<\/p>\n","protected":false},"featured_media":3994,"comment_status":"open","ping_status":"closed","template":"","meta":[],"product_brand":[63],"product_cat":[150,149],"product_tag":[],"class_list":{"0":"post-4310","1":"product","2":"type-product","3":"status-publish","4":"has-post-thumbnail","6":"product_brand-frosch","7":"product_cat-ekomarkejums","8":"product_cat-mazgasanas-un-skalosanas-lidzekli","10":"first","11":"instock","12":"shipping-taxable","13":"purchasable","14":"product-type-simple"},"_links":{"self":[{"href":"https:\/\/myliusvara.lt\/lv\/wp-json\/wp\/v2\/product\/4310","targetHints":{"allow":["GET"]}}],"collection":[{"href":"https:\/\/myliusvara.lt\/lv\/wp-json\/wp\/v2\/product"}],"about":[{"href":"https:\/\/myliusvara.lt\/lv\/wp-json\/wp\/v2\/types\/product"}],"replies":[{"embeddable":true,"href":"https:\/\/myliusvara.lt\/lv\/wp-json\/wp\/v2\/comments?post=4310"}],"wp:featuredmedia":[{"embeddable":true,"href":"https:\/\/myliusvara.lt\/lv\/wp-json\/wp\/v2\/media\/3994"}],"wp:attachment":[{"href":"https:\/\/myliusvara.lt\/lv\/wp-json\/wp\/v2\/media?parent=4310"}],"wp:term":[{"taxonomy":"product_brand","embeddable":true,"href":"https:\/\/myliusvara.lt\/lv\/wp-json\/wp\/v2\/product_brand?post=4310"},{"taxonomy":"product_cat","embeddable":true,"href":"https:\/\/myliusvara.lt\/lv\/wp-json\/wp\/v2\/product_cat?post=4310"},{"taxonomy":"product_tag","embeddable":true,"href":"https:\/\/myliusvara.lt\/lv\/wp-json\/wp\/v2\/product_tag?post=4310"}],"curies":[{"name":"wp","href":"https:\/\/api.w.org\/{rel}","templated":true}]}}