{"id":4309,"date":"2026-02-20T07:55:34","date_gmt":"2026-02-20T07:55:34","guid":{"rendered":"https:\/\/myliusvara.lt\/uncategorized\/frosch-traipu-tiritajs-ar-aktivo-skabekli-75ml\/"},"modified":"2026-02-23T13:26:09","modified_gmt":"2026-02-23T13:26:09","slug":"frosch-traipu-tiritajs-ar-aktivo-skabekli-75ml","status":"publish","type":"product","link":"https:\/\/myliusvara.lt\/lv\/traipu-tiritaji\/frosch-traipu-tiritajs-ar-aktivo-skabekli-75ml\/","title":{"rendered":"Frosch Traipu t\u012br\u012bt\u0101js ar Akt\u012bvo Sk\u0101bekli 75ml"},"content":{"rendered":"<p>Jaud\u012bga, kr\u0101s\u0101m dro\u0161a traipu no\u0146em\u0161ana visiem baltiem un kr\u0101sainiem audumiem, iz\u0146emot z\u012bdu. Formula ar akt\u012bvo sk\u0101bekli no\u0146em balinamus traipus, piem\u0113ram, ke\u010dupu, sarkano v\u012bnu, kafiju, t\u0113ju, \u0161okol\u0101di, aug\u013cu un d\u0101rze\u0146u traipus. Lieto\u0161ana: pirms mazg\u0101\u0161anas uzkl\u0101jiet uz traipa, atst\u0101jiet iedarboties un tad mazg\u0101jiet k\u0101 parasti.<\/p>\n","protected":false},"excerpt":{"rendered":"<p>Jaud\u012bga, kr\u0101s\u0101m dro\u0161a traipu no\u0146em\u0161ana visiem baltiem un kr\u0101sainiem audumiem, iz\u0146emot z\u012bdu. Formula ar akt\u012bvo sk\u0101bekli no\u0146em balinamus traipus, piem\u0113ram, ke\u010dupu, sarkano v\u012bnu, kafiju, t\u0113ju, \u0161okol\u0101di, aug\u013cu un d\u0101rze\u0146u traipus. Lieto\u0161ana: pirms mazg\u0101\u0161anas uzkl\u0101jiet uz traipa, atst\u0101jiet iedarboties un tad mazg\u0101jiet k\u0101 parasti.<\/p>\n","protected":false},"featured_media":3991,"comment_status":"open","ping_status":"closed","template":"","meta":[],"product_brand":[63],"product_cat":[157],"product_tag":[],"class_list":{"0":"post-4309","1":"product","2":"type-product","3":"status-publish","4":"has-post-thumbnail","6":"product_brand-frosch","7":"product_cat-traipu-tiritaji","9":"first","10":"instock","11":"shipping-taxable","12":"purchasable","13":"product-type-simple"},"_links":{"self":[{"href":"https:\/\/myliusvara.lt\/lv\/wp-json\/wp\/v2\/product\/4309","targetHints":{"allow":["GET"]}}],"collection":[{"href":"https:\/\/myliusvara.lt\/lv\/wp-json\/wp\/v2\/product"}],"about":[{"href":"https:\/\/myliusvara.lt\/lv\/wp-json\/wp\/v2\/types\/product"}],"replies":[{"embeddable":true,"href":"https:\/\/myliusvara.lt\/lv\/wp-json\/wp\/v2\/comments?post=4309"}],"wp:featuredmedia":[{"embeddable":true,"href":"https:\/\/myliusvara.lt\/lv\/wp-json\/wp\/v2\/media\/3991"}],"wp:attachment":[{"href":"https:\/\/myliusvara.lt\/lv\/wp-json\/wp\/v2\/media?parent=4309"}],"wp:term":[{"taxonomy":"product_brand","embeddable":true,"href":"https:\/\/myliusvara.lt\/lv\/wp-json\/wp\/v2\/product_brand?post=4309"},{"taxonomy":"product_cat","embeddable":true,"href":"https:\/\/myliusvara.lt\/lv\/wp-json\/wp\/v2\/product_cat?post=4309"},{"taxonomy":"product_tag","embeddable":true,"href":"https:\/\/myliusvara.lt\/lv\/wp-json\/wp\/v2\/product_tag?post=4309"}],"curies":[{"name":"wp","href":"https:\/\/api.w.org\/{rel}","templated":true}]}}