{"id":4308,"date":"2026-02-20T07:55:34","date_gmt":"2026-02-20T07:55:34","guid":{"rendered":"https:\/\/myliusvara.lt\/uncategorized\/frosch-traipu-tiritajs-ar-citronu-75ml\/"},"modified":"2026-02-23T13:26:09","modified_gmt":"2026-02-23T13:26:09","slug":"frosch-traipu-tiritajs-ar-citronu-75ml","status":"publish","type":"product","link":"https:\/\/myliusvara.lt\/lv\/traipu-tiritaji\/frosch-traipu-tiritajs-ar-citronu-75ml\/","title":{"rendered":"Frosch Traipu t\u012br\u012bt\u0101js ar Citronu 75ml"},"content":{"rendered":"<p>Jaud\u012bgs, kr\u0101s\u0101m dro\u0161s traipu t\u012br\u012bt\u0101js visiem baltiem un kr\u0101sainiem audumiem, iz\u0146emot z\u012bdu. Formula ar citr\u0101tu \u2014 citronsk\u0101bes s\u0101li \u2014 no\u0146em taukainumus un pigmenta traipus, piem\u0113ram, e\u013c\u013cu, grima, putek\u013cu, dezodoranta vai sviedru traipus. Lieto\u0161ana: pirms mazg\u0101\u0161anas uzkl\u0101jiet uz traipa, atst\u0101jiet iedarboties un tad mazg\u0101jiet k\u0101 parasti.<\/p>\n","protected":false},"excerpt":{"rendered":"<p>Jaud\u012bgs, kr\u0101s\u0101m dro\u0161s traipu t\u012br\u012bt\u0101js visiem baltiem un kr\u0101sainiem audumiem, iz\u0146emot z\u012bdu. Formula ar citr\u0101tu \u2014 citronsk\u0101bes s\u0101li \u2014 no\u0146em taukainumus un pigmenta traipus, piem\u0113ram, e\u013c\u013cu, grima, putek\u013cu, dezodoranta vai sviedru traipus. Lieto\u0161ana: pirms mazg\u0101\u0161anas uzkl\u0101jiet uz traipa, atst\u0101jiet iedarboties un tad mazg\u0101jiet k\u0101 parasti.<\/p>\n","protected":false},"featured_media":3985,"comment_status":"open","ping_status":"closed","template":"","meta":[],"product_brand":[63],"product_cat":[157],"product_tag":[],"class_list":{"0":"post-4308","1":"product","2":"type-product","3":"status-publish","4":"has-post-thumbnail","6":"product_brand-frosch","7":"product_cat-traipu-tiritaji","9":"first","10":"instock","11":"shipping-taxable","12":"purchasable","13":"product-type-simple"},"_links":{"self":[{"href":"https:\/\/myliusvara.lt\/lv\/wp-json\/wp\/v2\/product\/4308","targetHints":{"allow":["GET"]}}],"collection":[{"href":"https:\/\/myliusvara.lt\/lv\/wp-json\/wp\/v2\/product"}],"about":[{"href":"https:\/\/myliusvara.lt\/lv\/wp-json\/wp\/v2\/types\/product"}],"replies":[{"embeddable":true,"href":"https:\/\/myliusvara.lt\/lv\/wp-json\/wp\/v2\/comments?post=4308"}],"wp:featuredmedia":[{"embeddable":true,"href":"https:\/\/myliusvara.lt\/lv\/wp-json\/wp\/v2\/media\/3985"}],"wp:attachment":[{"href":"https:\/\/myliusvara.lt\/lv\/wp-json\/wp\/v2\/media?parent=4308"}],"wp:term":[{"taxonomy":"product_brand","embeddable":true,"href":"https:\/\/myliusvara.lt\/lv\/wp-json\/wp\/v2\/product_brand?post=4308"},{"taxonomy":"product_cat","embeddable":true,"href":"https:\/\/myliusvara.lt\/lv\/wp-json\/wp\/v2\/product_cat?post=4308"},{"taxonomy":"product_tag","embeddable":true,"href":"https:\/\/myliusvara.lt\/lv\/wp-json\/wp\/v2\/product_tag?post=4308"}],"curies":[{"name":"wp","href":"https:\/\/api.w.org\/{rel}","templated":true}]}}