{"id":4304,"date":"2026-02-20T07:55:35","date_gmt":"2026-02-20T07:55:35","guid":{"rendered":"https:\/\/myliusvara.lt\/uncategorized\/frosch-mazgasanas-pulveris-ar-citronu-145kg\/"},"modified":"2026-02-23T13:26:08","modified_gmt":"2026-02-23T13:26:08","slug":"frosch-mazgasanas-pulveris-ar-citronu-145kg","status":"publish","type":"product","link":"https:\/\/myliusvara.lt\/lv\/mazgasanas-un-skalosanas-lidzekli\/frosch-mazgasanas-pulveris-ar-citronu-145kg\/","title":{"rendered":"Frosch Mazg\u0101\u0161anas pulveris ar Citronu 1,45kg"},"content":{"rendered":"<p>Liela mazg\u0101\u0161anas jauda, \u012bpa\u0161i baltiem audumiem mazg\u0101\u0161anai 30\u201395 \u00b0C temperat\u016br\u0101; nav piem\u0113rots vilnai un z\u012bdam. Jaud\u012bga formula ar citronu svaigumu nodro\u0161ina lieliskus mazg\u0101\u0161anas rezult\u0101tus. Bez kr\u0101sviel\u0101m un konservantiem, dermato\u0123iski test\u0113ts. Lieto\u0161ana: pirms mazg\u0101\u0161anas \u0161\u0137irojiet ve\u013cu un iev\u0113rojiet ap\u0123\u0113rba kop\u0161anas instrukcijas. Ra\u017eots V\u0101cij\u0101.<\/p>\n","protected":false},"excerpt":{"rendered":"<p>Liela mazg\u0101\u0161anas jauda, \u012bpa\u0161i baltiem audumiem mazg\u0101\u0161anai 30\u201395 \u00b0C temperat\u016br\u0101; nav piem\u0113rots vilnai un z\u012bdam. Jaud\u012bga formula ar citronu svaigumu nodro\u0161ina lieliskus mazg\u0101\u0161anas rezult\u0101tus. Bez kr\u0101sviel\u0101m un konservantiem, dermato\u0123iski test\u0113ts. Lieto\u0161ana: pirms mazg\u0101\u0161anas \u0161\u0137irojiet ve\u013cu un iev\u0113rojiet ap\u0123\u0113rba kop\u0161anas instrukcijas. Ra\u017eots V\u0101cij\u0101.<\/p>\n","protected":false},"featured_media":4003,"comment_status":"open","ping_status":"closed","template":"","meta":[],"product_brand":[63],"product_cat":[149],"product_tag":[],"class_list":{"0":"post-4304","1":"product","2":"type-product","3":"status-publish","4":"has-post-thumbnail","6":"product_brand-frosch","7":"product_cat-mazgasanas-un-skalosanas-lidzekli","9":"first","10":"instock","11":"shipping-taxable","12":"purchasable","13":"product-type-simple"},"_links":{"self":[{"href":"https:\/\/myliusvara.lt\/lv\/wp-json\/wp\/v2\/product\/4304","targetHints":{"allow":["GET"]}}],"collection":[{"href":"https:\/\/myliusvara.lt\/lv\/wp-json\/wp\/v2\/product"}],"about":[{"href":"https:\/\/myliusvara.lt\/lv\/wp-json\/wp\/v2\/types\/product"}],"replies":[{"embeddable":true,"href":"https:\/\/myliusvara.lt\/lv\/wp-json\/wp\/v2\/comments?post=4304"}],"wp:featuredmedia":[{"embeddable":true,"href":"https:\/\/myliusvara.lt\/lv\/wp-json\/wp\/v2\/media\/4003"}],"wp:attachment":[{"href":"https:\/\/myliusvara.lt\/lv\/wp-json\/wp\/v2\/media?parent=4304"}],"wp:term":[{"taxonomy":"product_brand","embeddable":true,"href":"https:\/\/myliusvara.lt\/lv\/wp-json\/wp\/v2\/product_brand?post=4304"},{"taxonomy":"product_cat","embeddable":true,"href":"https:\/\/myliusvara.lt\/lv\/wp-json\/wp\/v2\/product_cat?post=4304"},{"taxonomy":"product_tag","embeddable":true,"href":"https:\/\/myliusvara.lt\/lv\/wp-json\/wp\/v2\/product_tag?post=4304"}],"curies":[{"name":"wp","href":"https:\/\/api.w.org\/{rel}","templated":true}]}}