{"id":4303,"date":"2026-02-20T07:55:35","date_gmt":"2026-02-20T07:55:35","guid":{"rendered":"https:\/\/myliusvara.lt\/uncategorized\/frosch-mazgasanas-pulveris-aloe-vera-145kg\/"},"modified":"2026-02-23T13:26:08","modified_gmt":"2026-02-23T13:26:08","slug":"frosch-mazgasanas-pulveris-aloe-vera-145kg","status":"publish","type":"product","link":"https:\/\/myliusvara.lt\/lv\/mazgasanas-un-skalosanas-lidzekli\/frosch-mazgasanas-pulveris-aloe-vera-145kg\/","title":{"rendered":"Frosch Mazg\u0101\u0161anas pulveris Aloe Vera 1,45kg"},"content":{"rendered":"<p>Liela mazg\u0101\u0161anas jauda baltiem un kr\u0101sainiem audumiem mazg\u0101\u0161anai 30\u201395 \u00b0C temperat\u016br\u0101. Nav piem\u0113rots vilnai un z\u012bdam. \u0100dai draudz\u012bga formula ar alvejas ekstraktiem un r\u016bp\u012bgi atlas\u012bt\u0101m smar\u017eviel\u0101m. Bez pievienot\u0101m kr\u0101sviel\u0101m vai konservantiem, dermato\u0123iski test\u0113ts, hipoaler\u0123isks. Lieto\u0161ana: pirms mazg\u0101\u0161anas \u0161\u0137irojiet ve\u013cu un iev\u0113rojiet ap\u0123\u0113rba kop\u0161anas instrukcijas. Ra\u017eots V\u0101cij\u0101.<\/p>\n","protected":false},"excerpt":{"rendered":"<p>Liela mazg\u0101\u0161anas jauda baltiem un kr\u0101sainiem audumiem mazg\u0101\u0161anai 30\u201395 \u00b0C temperat\u016br\u0101. Nav piem\u0113rots vilnai un z\u012bdam. \u0100dai draudz\u012bga formula ar alvejas ekstraktiem un r\u016bp\u012bgi atlas\u012bt\u0101m smar\u017eviel\u0101m. Bez pievienot\u0101m kr\u0101sviel\u0101m vai konservantiem, dermato\u0123iski test\u0113ts, hipoaler\u0123isks. Lieto\u0161ana: pirms mazg\u0101\u0161anas \u0161\u0137irojiet ve\u013cu un iev\u0113rojiet ap\u0123\u0113rba kop\u0161anas instrukcijas. Ra\u017eots V\u0101cij\u0101.<\/p>\n","protected":false},"featured_media":4000,"comment_status":"open","ping_status":"closed","template":"","meta":[],"product_brand":[63],"product_cat":[149],"product_tag":[],"class_list":{"0":"post-4303","1":"product","2":"type-product","3":"status-publish","4":"has-post-thumbnail","6":"product_brand-frosch","7":"product_cat-mazgasanas-un-skalosanas-lidzekli","9":"first","10":"instock","11":"shipping-taxable","12":"purchasable","13":"product-type-simple"},"_links":{"self":[{"href":"https:\/\/myliusvara.lt\/lv\/wp-json\/wp\/v2\/product\/4303","targetHints":{"allow":["GET"]}}],"collection":[{"href":"https:\/\/myliusvara.lt\/lv\/wp-json\/wp\/v2\/product"}],"about":[{"href":"https:\/\/myliusvara.lt\/lv\/wp-json\/wp\/v2\/types\/product"}],"replies":[{"embeddable":true,"href":"https:\/\/myliusvara.lt\/lv\/wp-json\/wp\/v2\/comments?post=4303"}],"wp:featuredmedia":[{"embeddable":true,"href":"https:\/\/myliusvara.lt\/lv\/wp-json\/wp\/v2\/media\/4000"}],"wp:attachment":[{"href":"https:\/\/myliusvara.lt\/lv\/wp-json\/wp\/v2\/media?parent=4303"}],"wp:term":[{"taxonomy":"product_brand","embeddable":true,"href":"https:\/\/myliusvara.lt\/lv\/wp-json\/wp\/v2\/product_brand?post=4303"},{"taxonomy":"product_cat","embeddable":true,"href":"https:\/\/myliusvara.lt\/lv\/wp-json\/wp\/v2\/product_cat?post=4303"},{"taxonomy":"product_tag","embeddable":true,"href":"https:\/\/myliusvara.lt\/lv\/wp-json\/wp\/v2\/product_tag?post=4303"}],"curies":[{"name":"wp","href":"https:\/\/api.w.org\/{rel}","templated":true}]}}