{"id":4296,"date":"2026-02-20T07:55:39","date_gmt":"2026-02-20T07:55:39","guid":{"rendered":"https:\/\/myliusvara.lt\/uncategorized\/frosch-baby-audumu-mikstinatajs-750ml\/"},"modified":"2026-02-23T13:26:06","modified_gmt":"2026-02-23T13:26:06","slug":"frosch-baby-audumu-mikstinatajs-750ml","status":"publish","type":"product","link":"https:\/\/myliusvara.lt\/lv\/pasakumi-zidainiem-un-berniem\/frosch-baby-audumu-mikstinatajs-750ml\/","title":{"rendered":"Frosch BABY Audumu m\u012bkstin\u0101t\u0101js 750ml"},"content":{"rendered":"<p>Frosch Baby \u2014 audumu m\u012bkstin\u0101t\u0101js ar kumel\u012b\u0161u ekstraktu. Piem\u0113rots jut\u012bgai \u0101dai, z\u012bdai\u0146iem un aler\u0123iskiem cilv\u0113kiem. Audums k\u013c\u016bst \u012bpa\u0161i m\u012bksts un pat\u012bkams. Hipoaler\u0123isks, bez kr\u0101sviel\u0101m, ar maigu smar\u017eu. Dermato\u0123iski test\u0113ts, veg\u0101nisks. Lieto\u0161ana: 25 ml parastajai mazg\u0101\u0161anai, 35 ml \u2014 \u012bpa\u0161i smagiem gad\u012bjumiem. Ielieciet m\u012bkstin\u0101t\u0101ju mazg\u0101\u0161anas ma\u0161\u012bnas attiec\u012bgaj\u0101 nodal\u012bjum\u0101. Ra\u017eots V\u0101cij\u0101.<\/p>\n","protected":false},"excerpt":{"rendered":"<p>Frosch Baby \u2014 audumu m\u012bkstin\u0101t\u0101js ar kumel\u012b\u0161u ekstraktu. Piem\u0113rots jut\u012bgai \u0101dai, z\u012bdai\u0146iem un aler\u0123iskiem cilv\u0113kiem. Audums k\u013c\u016bst \u012bpa\u0161i m\u012bksts un pat\u012bkams. Hipoaler\u0123isks, bez kr\u0101sviel\u0101m, ar maigu smar\u017eu. Dermato\u0123iski test\u0113ts, veg\u0101nisks. Lieto\u0161ana: 25 ml parastajai mazg\u0101\u0161anai, 35 ml \u2014 \u012bpa\u0161i smagiem gad\u012bjumiem. Ielieciet m\u012bkstin\u0101t\u0101ju mazg\u0101\u0161anas ma\u0161\u012bnas attiec\u012bgaj\u0101 nodal\u012bjum\u0101. Ra\u017eots V\u0101cij\u0101.<\/p>\n","protected":false},"featured_media":4024,"comment_status":"open","ping_status":"closed","template":"","meta":[],"product_brand":[63],"product_cat":[165],"product_tag":[],"class_list":{"0":"post-4296","1":"product","2":"type-product","3":"status-publish","4":"has-post-thumbnail","6":"product_brand-frosch","7":"product_cat-pasakumi-zidainiem-un-berniem","9":"first","10":"instock","11":"shipping-taxable","12":"purchasable","13":"product-type-simple"},"_links":{"self":[{"href":"https:\/\/myliusvara.lt\/lv\/wp-json\/wp\/v2\/product\/4296","targetHints":{"allow":["GET"]}}],"collection":[{"href":"https:\/\/myliusvara.lt\/lv\/wp-json\/wp\/v2\/product"}],"about":[{"href":"https:\/\/myliusvara.lt\/lv\/wp-json\/wp\/v2\/types\/product"}],"replies":[{"embeddable":true,"href":"https:\/\/myliusvara.lt\/lv\/wp-json\/wp\/v2\/comments?post=4296"}],"wp:featuredmedia":[{"embeddable":true,"href":"https:\/\/myliusvara.lt\/lv\/wp-json\/wp\/v2\/media\/4024"}],"wp:attachment":[{"href":"https:\/\/myliusvara.lt\/lv\/wp-json\/wp\/v2\/media?parent=4296"}],"wp:term":[{"taxonomy":"product_brand","embeddable":true,"href":"https:\/\/myliusvara.lt\/lv\/wp-json\/wp\/v2\/product_brand?post=4296"},{"taxonomy":"product_cat","embeddable":true,"href":"https:\/\/myliusvara.lt\/lv\/wp-json\/wp\/v2\/product_cat?post=4296"},{"taxonomy":"product_tag","embeddable":true,"href":"https:\/\/myliusvara.lt\/lv\/wp-json\/wp\/v2\/product_tag?post=4296"}],"curies":[{"name":"wp","href":"https:\/\/api.w.org\/{rel}","templated":true}]}}