{"id":4295,"date":"2026-02-20T07:55:40","date_gmt":"2026-02-20T07:55:40","guid":{"rendered":"https:\/\/myliusvara.lt\/uncategorized\/frosch-roku-ziepes-jutigai-adai-ar-pantenolu-uzpilde-500ml\/"},"modified":"2026-02-23T13:26:06","modified_gmt":"2026-02-23T13:26:06","slug":"frosch-roku-ziepes-jutigai-adai-ar-pantenolu-uzpilde-500ml","status":"publish","type":"product","link":"https:\/\/myliusvara.lt\/lv\/skidras-ziepes-un-dusas-zelejas\/frosch-roku-ziepes-jutigai-adai-ar-pantenolu-uzpilde-500ml\/","title":{"rendered":"Frosch Roku ziepes jut\u012bgai \u0101dai ar Pantenolu (uzpilde) 500ml"},"content":{"rendered":"<p>\u0160\u012b \u012bpa\u0161i maig\u0101 formula att\u012bra un aizsarg\u0101 jut\u012bgu \u0101du. T\u0101s mitrino\u0161\u0101s sast\u0101vda\u013cas pastiprina dabisko \u0101das sk\u0101bo aizsargsl\u0101ni un nodro\u0161ina pat\u012bkamu t\u012br\u012bbas saj\u016btu. \u013boti laba \u0101das sader\u012bba ar \u0101dai neitr\u0101lu pH 5,5 formulu \u2014 dermato\u0123iski apstiprin\u0101ta. Bez EDTA, bez parab\u0113niem, bez mikroplastmasas. Lieto\u0161ana: atskr\u016bv\u0113jiet v\u0101ci\u0146u un ielieciet ziepju kr\u0113mu tuk\u0161\u0101 Frosch dozator\u0101. Samitriniet rokas, ier\u012bv\u0113jiet ziepes un r\u016bp\u012bgi mazg\u0101jiet vismaz 20 sekundes, p\u0113c tam noskalojiet ar \u016bdeni un nosusiniet. Ra\u017eots V\u0101cij\u0101.<\/p>\n","protected":false},"excerpt":{"rendered":"<p>\u0160\u012b \u012bpa\u0161i maig\u0101 formula att\u012bra un aizsarg\u0101 jut\u012bgu \u0101du. T\u0101s mitrino\u0161\u0101s sast\u0101vda\u013cas pastiprina dabisko \u0101das sk\u0101bo aizsargsl\u0101ni un nodro\u0161ina pat\u012bkamu t\u012br\u012bbas saj\u016btu. \u013boti laba \u0101das sader\u012bba ar \u0101dai neitr\u0101lu pH 5,5 formulu \u2014 dermato\u0123iski apstiprin\u0101ta. Bez EDTA, bez parab\u0113niem, bez mikroplastmasas. Lieto\u0161ana: atskr\u016bv\u0113jiet v\u0101ci\u0146u un ielieciet ziepju kr\u0113mu tuk\u0161\u0101 Frosch dozator\u0101. Samitriniet rokas, ier\u012bv\u0113jiet ziepes<\/p>\n<div class=\"klb-readmore\"><a class=\"c-btn\" href=\"https:\/\/myliusvara.lt\/lv\/skidras-ziepes-un-dusas-zelejas\/frosch-roku-ziepes-jutigai-adai-ar-pantenolu-uzpilde-500ml\/\">Read More <i class=\"far fa-plus\"><\/i><\/a><\/div>\n","protected":false},"featured_media":4045,"comment_status":"open","ping_status":"closed","template":"","meta":[],"product_brand":[63],"product_cat":[178],"product_tag":[],"class_list":{"0":"post-4295","1":"product","2":"type-product","3":"status-publish","4":"has-post-thumbnail","6":"product_brand-frosch","7":"product_cat-skidras-ziepes-un-dusas-zelejas","9":"first","10":"instock","11":"shipping-taxable","12":"purchasable","13":"product-type-simple"},"_links":{"self":[{"href":"https:\/\/myliusvara.lt\/lv\/wp-json\/wp\/v2\/product\/4295","targetHints":{"allow":["GET"]}}],"collection":[{"href":"https:\/\/myliusvara.lt\/lv\/wp-json\/wp\/v2\/product"}],"about":[{"href":"https:\/\/myliusvara.lt\/lv\/wp-json\/wp\/v2\/types\/product"}],"replies":[{"embeddable":true,"href":"https:\/\/myliusvara.lt\/lv\/wp-json\/wp\/v2\/comments?post=4295"}],"wp:featuredmedia":[{"embeddable":true,"href":"https:\/\/myliusvara.lt\/lv\/wp-json\/wp\/v2\/media\/4045"}],"wp:attachment":[{"href":"https:\/\/myliusvara.lt\/lv\/wp-json\/wp\/v2\/media?parent=4295"}],"wp:term":[{"taxonomy":"product_brand","embeddable":true,"href":"https:\/\/myliusvara.lt\/lv\/wp-json\/wp\/v2\/product_brand?post=4295"},{"taxonomy":"product_cat","embeddable":true,"href":"https:\/\/myliusvara.lt\/lv\/wp-json\/wp\/v2\/product_cat?post=4295"},{"taxonomy":"product_tag","embeddable":true,"href":"https:\/\/myliusvara.lt\/lv\/wp-json\/wp\/v2\/product_tag?post=4295"}],"curies":[{"name":"wp","href":"https:\/\/api.w.org\/{rel}","templated":true}]}}