{"id":4292,"date":"2026-02-20T07:55:40","date_gmt":"2026-02-20T07:55:40","guid":{"rendered":"https:\/\/myliusvara.lt\/uncategorized\/frosch-roku-ziepes-ar-lavandu-uzpilde-500ml\/"},"modified":"2026-02-23T13:26:05","modified_gmt":"2026-02-23T13:26:05","slug":"frosch-roku-ziepes-ar-lavandu-uzpilde-500ml","status":"publish","type":"product","link":"https:\/\/myliusvara.lt\/lv\/skidras-ziepes-un-dusas-zelejas\/frosch-roku-ziepes-ar-lavandu-uzpilde-500ml\/","title":{"rendered":"Frosch Roku ziepes ar Lavandu (uzpilde) 500ml"},"content":{"rendered":"<p>Formula ar \u0101dai neitr\u0101lu pH un lavandas ekstraktu maigi att\u012bra un kopj rokas, pasarg\u0101jot t\u0101s no iz\u017e\u016b\u0161anas. Dermato\u0123iski test\u0113ts. Lieto\u0161ana: atskr\u016bv\u0113jiet v\u0101ci\u0146u un ielieciet kr\u0113mziepes tuk\u0161\u0101 Frosch ziepes dozator\u0101. Samitriniet rokas, ier\u012bv\u0113jiet Frosch kr\u0113mziepes un r\u016bp\u012bgi mazg\u0101jiet vismaz 20 sekundes, p\u0113c tam noskalojiet ar \u016bdeni un nosusiniet. Bez EDTA, mikroplastmasas un parab\u0113niem. Piem\u0113rots veg\u0101niem. Iepakojums 100% p\u0101rstr\u0101d\u0101jams. Ingredients: Aqua, Sodium Laureth Sulfate, Sodium Chloride, Glycerin, Cocamidopropyl Betaine, Coco-Glucoside, Glyceryl Oleate, Propylene Glycol, Lavandula Angustifolia Flower Extract, Citric Acid, Lactic Acid, Sodium Benzoate, Parfum, CI 14720, CI 42090. Ra\u017eots V\u0101cij\u0101.<\/p>\n","protected":false},"excerpt":{"rendered":"<p>Formula ar \u0101dai neitr\u0101lu pH un lavandas ekstraktu maigi att\u012bra un kopj rokas, pasarg\u0101jot t\u0101s no iz\u017e\u016b\u0161anas. Dermato\u0123iski test\u0113ts. Lieto\u0161ana: atskr\u016bv\u0113jiet v\u0101ci\u0146u un ielieciet kr\u0113mziepes tuk\u0161\u0101 Frosch ziepes dozator\u0101. Samitriniet rokas, ier\u012bv\u0113jiet Frosch kr\u0113mziepes un r\u016bp\u012bgi mazg\u0101jiet vismaz 20 sekundes, p\u0113c tam noskalojiet ar \u016bdeni un nosusiniet. Bez EDTA, mikroplastmasas un parab\u0113niem. Piem\u0113rots veg\u0101niem. Iepakojums<\/p>\n<div class=\"klb-readmore\"><a class=\"c-btn\" href=\"https:\/\/myliusvara.lt\/lv\/skidras-ziepes-un-dusas-zelejas\/frosch-roku-ziepes-ar-lavandu-uzpilde-500ml\/\">Read More <i class=\"far fa-plus\"><\/i><\/a><\/div>\n","protected":false},"featured_media":4036,"comment_status":"open","ping_status":"closed","template":"","meta":[],"product_brand":[63],"product_cat":[178],"product_tag":[],"class_list":{"0":"post-4292","1":"product","2":"type-product","3":"status-publish","4":"has-post-thumbnail","6":"product_brand-frosch","7":"product_cat-skidras-ziepes-un-dusas-zelejas","9":"first","10":"instock","11":"shipping-taxable","12":"purchasable","13":"product-type-simple"},"_links":{"self":[{"href":"https:\/\/myliusvara.lt\/lv\/wp-json\/wp\/v2\/product\/4292","targetHints":{"allow":["GET"]}}],"collection":[{"href":"https:\/\/myliusvara.lt\/lv\/wp-json\/wp\/v2\/product"}],"about":[{"href":"https:\/\/myliusvara.lt\/lv\/wp-json\/wp\/v2\/types\/product"}],"replies":[{"embeddable":true,"href":"https:\/\/myliusvara.lt\/lv\/wp-json\/wp\/v2\/comments?post=4292"}],"wp:featuredmedia":[{"embeddable":true,"href":"https:\/\/myliusvara.lt\/lv\/wp-json\/wp\/v2\/media\/4036"}],"wp:attachment":[{"href":"https:\/\/myliusvara.lt\/lv\/wp-json\/wp\/v2\/media?parent=4292"}],"wp:term":[{"taxonomy":"product_brand","embeddable":true,"href":"https:\/\/myliusvara.lt\/lv\/wp-json\/wp\/v2\/product_brand?post=4292"},{"taxonomy":"product_cat","embeddable":true,"href":"https:\/\/myliusvara.lt\/lv\/wp-json\/wp\/v2\/product_cat?post=4292"},{"taxonomy":"product_tag","embeddable":true,"href":"https:\/\/myliusvara.lt\/lv\/wp-json\/wp\/v2\/product_tag?post=4292"}],"curies":[{"name":"wp","href":"https:\/\/api.w.org\/{rel}","templated":true}]}}