{"id":4291,"date":"2026-02-20T07:55:41","date_gmt":"2026-02-20T07:55:41","guid":{"rendered":"https:\/\/myliusvara.lt\/uncategorized\/frosch-dusas-zeleja-sampuns-berniem-300ml\/"},"modified":"2026-02-23T13:26:05","modified_gmt":"2026-02-23T13:26:05","slug":"frosch-dusas-zeleja-sampuns-berniem-300ml","status":"publish","type":"product","link":"https:\/\/myliusvara.lt\/lv\/skidras-ziepes-un-dusas-zelejas\/frosch-dusas-zeleja-sampuns-berniem-300ml\/","title":{"rendered":"Frosch Du\u0161as \u017eeleja-\u0161amp\u016bns B\u0113rniem 300ml"},"content":{"rendered":"<p>Maiga formula ar kvie\u0161u olbaltumviel\u0101m nodro\u0161ina vieglu matu \u0137emm\u0113\u0161anu un nekairina acis. \u013boti laba \u0101das sader\u012bba apstiprin\u0101ta dermato\u0123iski. Maigaj\u0101 un r\u016bp\u012bgaj\u0101 sast\u0101v\u0101 nav kr\u0101svielu, EDTA, parab\u0113nu, dz\u012bvnieku izcelsmes sast\u0101vda\u013cu un mikroplastmasas. \u0100dai neitr\u0101ls pH 5,5. Lieto\u0161ana: Uzkl\u0101jiet uz mitras \u0101das un matiem, ier\u012bv\u0113jiet un noskalojiet. Dermato\u0123iski test\u0113ts. Piem\u0113rots veg\u0101niem.<\/p>\n","protected":false},"excerpt":{"rendered":"<p>Maiga formula ar kvie\u0161u olbaltumviel\u0101m nodro\u0161ina vieglu matu \u0137emm\u0113\u0161anu un nekairina acis. \u013boti laba \u0101das sader\u012bba apstiprin\u0101ta dermato\u0123iski. Maigaj\u0101 un r\u016bp\u012bgaj\u0101 sast\u0101v\u0101 nav kr\u0101svielu, EDTA, parab\u0113nu, dz\u012bvnieku izcelsmes sast\u0101vda\u013cu un mikroplastmasas. \u0100dai neitr\u0101ls pH 5,5. Lieto\u0161ana: Uzkl\u0101jiet uz mitras \u0101das un matiem, ier\u012bv\u0113jiet un noskalojiet. Dermato\u0123iski test\u0113ts. Piem\u0113rots veg\u0101niem.<\/p>\n","protected":false},"featured_media":4060,"comment_status":"open","ping_status":"closed","template":"","meta":[],"product_brand":[63],"product_cat":[178],"product_tag":[],"class_list":{"0":"post-4291","1":"product","2":"type-product","3":"status-publish","4":"has-post-thumbnail","6":"product_brand-frosch","7":"product_cat-skidras-ziepes-un-dusas-zelejas","9":"first","10":"instock","11":"shipping-taxable","12":"purchasable","13":"product-type-simple"},"_links":{"self":[{"href":"https:\/\/myliusvara.lt\/lv\/wp-json\/wp\/v2\/product\/4291","targetHints":{"allow":["GET"]}}],"collection":[{"href":"https:\/\/myliusvara.lt\/lv\/wp-json\/wp\/v2\/product"}],"about":[{"href":"https:\/\/myliusvara.lt\/lv\/wp-json\/wp\/v2\/types\/product"}],"replies":[{"embeddable":true,"href":"https:\/\/myliusvara.lt\/lv\/wp-json\/wp\/v2\/comments?post=4291"}],"wp:featuredmedia":[{"embeddable":true,"href":"https:\/\/myliusvara.lt\/lv\/wp-json\/wp\/v2\/media\/4060"}],"wp:attachment":[{"href":"https:\/\/myliusvara.lt\/lv\/wp-json\/wp\/v2\/media?parent=4291"}],"wp:term":[{"taxonomy":"product_brand","embeddable":true,"href":"https:\/\/myliusvara.lt\/lv\/wp-json\/wp\/v2\/product_brand?post=4291"},{"taxonomy":"product_cat","embeddable":true,"href":"https:\/\/myliusvara.lt\/lv\/wp-json\/wp\/v2\/product_cat?post=4291"},{"taxonomy":"product_tag","embeddable":true,"href":"https:\/\/myliusvara.lt\/lv\/wp-json\/wp\/v2\/product_tag?post=4291"}],"curies":[{"name":"wp","href":"https:\/\/api.w.org\/{rel}","templated":true}]}}