{"id":4287,"date":"2026-02-20T07:55:41","date_gmt":"2026-02-20T07:55:41","guid":{"rendered":"https:\/\/myliusvara.lt\/uncategorized\/frosch-roku-ziepes-jutigai-adai-ar-pantenolu-300ml\/"},"modified":"2026-02-23T13:26:04","modified_gmt":"2026-02-23T13:26:04","slug":"frosch-roku-ziepes-jutigai-adai-ar-pantenolu-300ml","status":"publish","type":"product","link":"https:\/\/myliusvara.lt\/lv\/skidras-ziepes-un-dusas-zelejas\/frosch-roku-ziepes-jutigai-adai-ar-pantenolu-300ml\/","title":{"rendered":"Frosch Roku ziepes jut\u012bgai \u0101dai ar Pantenolu 300ml"},"content":{"rendered":"<p>\u0160\u012b \u012bpa\u0161i maig\u0101 formula att\u012bra un aizsarg\u0101 jut\u012bgu \u0101du. T\u0101s mitrino\u0161\u0101s sast\u0101vda\u013cas pastiprina dabisko \u0101das sk\u0101bo aizsargsl\u0101ni un nodro\u0161ina pat\u012bkamu t\u012br\u012bbas saj\u016btu. \u013boti laba \u0101das sader\u012bba ar \u0101dai neitr\u0101lu pH 5,5 formulu \u2014 dermato\u0123iski apstiprin\u0101ta. Bez EDTA, bez parab\u0113niem, bez mikroplastmasas. Naudojimas: Uzkl\u0101jiet ziepju kr\u0113mu uz samitrin\u0101tas rokas, ier\u012bv\u0113jiet un skalojiet ar \u016bdeni. Ingredienti: Aqua, Sodium Laureth Sulfate, Sodium Chloride, Glycerin, Cocamidopropyl Betaine, Panthenol, Citric Acid, Sodium Benzoate, Parfum.<\/p>\n","protected":false},"excerpt":{"rendered":"<p>\u0160\u012b \u012bpa\u0161i maig\u0101 formula att\u012bra un aizsarg\u0101 jut\u012bgu \u0101du. T\u0101s mitrino\u0161\u0101s sast\u0101vda\u013cas pastiprina dabisko \u0101das sk\u0101bo aizsargsl\u0101ni un nodro\u0161ina pat\u012bkamu t\u012br\u012bbas saj\u016btu. \u013boti laba \u0101das sader\u012bba ar \u0101dai neitr\u0101lu pH 5,5 formulu \u2014 dermato\u0123iski apstiprin\u0101ta. Bez EDTA, bez parab\u0113niem, bez mikroplastmasas. Naudojimas: Uzkl\u0101jiet ziepju kr\u0113mu uz samitrin\u0101tas rokas, ier\u012bv\u0113jiet un skalojiet ar \u016bdeni. Ingredienti: Aqua,<\/p>\n<div class=\"klb-readmore\"><a class=\"c-btn\" href=\"https:\/\/myliusvara.lt\/lv\/skidras-ziepes-un-dusas-zelejas\/frosch-roku-ziepes-jutigai-adai-ar-pantenolu-300ml\/\">Read More <i class=\"far fa-plus\"><\/i><\/a><\/div>\n","protected":false},"featured_media":4048,"comment_status":"open","ping_status":"closed","template":"","meta":[],"product_brand":[63],"product_cat":[178],"product_tag":[],"class_list":{"0":"post-4287","1":"product","2":"type-product","3":"status-publish","4":"has-post-thumbnail","6":"product_brand-frosch","7":"product_cat-skidras-ziepes-un-dusas-zelejas","9":"first","10":"instock","11":"shipping-taxable","12":"purchasable","13":"product-type-simple"},"_links":{"self":[{"href":"https:\/\/myliusvara.lt\/lv\/wp-json\/wp\/v2\/product\/4287","targetHints":{"allow":["GET"]}}],"collection":[{"href":"https:\/\/myliusvara.lt\/lv\/wp-json\/wp\/v2\/product"}],"about":[{"href":"https:\/\/myliusvara.lt\/lv\/wp-json\/wp\/v2\/types\/product"}],"replies":[{"embeddable":true,"href":"https:\/\/myliusvara.lt\/lv\/wp-json\/wp\/v2\/comments?post=4287"}],"wp:featuredmedia":[{"embeddable":true,"href":"https:\/\/myliusvara.lt\/lv\/wp-json\/wp\/v2\/media\/4048"}],"wp:attachment":[{"href":"https:\/\/myliusvara.lt\/lv\/wp-json\/wp\/v2\/media?parent=4287"}],"wp:term":[{"taxonomy":"product_brand","embeddable":true,"href":"https:\/\/myliusvara.lt\/lv\/wp-json\/wp\/v2\/product_brand?post=4287"},{"taxonomy":"product_cat","embeddable":true,"href":"https:\/\/myliusvara.lt\/lv\/wp-json\/wp\/v2\/product_cat?post=4287"},{"taxonomy":"product_tag","embeddable":true,"href":"https:\/\/myliusvara.lt\/lv\/wp-json\/wp\/v2\/product_tag?post=4287"}],"curies":[{"name":"wp","href":"https:\/\/api.w.org\/{rel}","templated":true}]}}