{"id":3202,"date":"2025-04-13T08:57:54","date_gmt":"2025-04-13T08:57:54","guid":{"rendered":"https:\/\/myliusvara.lt\/produktas\/frosch-dusas-un-vannas-tirisanas-lidzeklis-ar-vinskabi-500ml\/"},"modified":"2026-02-23T13:26:47","modified_gmt":"2026-02-23T13:26:47","slug":"frosch-dusas-un-vannas-tirisanas-lidzeklis-ar-vinskabi-500ml","status":"publish","type":"product","link":"https:\/\/myliusvara.lt\/lv\/vannas-istabas-tualetes-kanalizacijas-tirisanas-lidzekli\/frosch-dusas-un-vannas-tirisanas-lidzeklis-ar-vinskabi-500ml\/","title":{"rendered":"Frosch Du\u0161u un vannu t\u012br\u012bt\u0101js ar V\u012bnogu sk\u0101bi 500ml"},"content":{"rendered":"<p>Ra\u017eot\u0101js: <strong>Frosch<\/strong><br \/>\nProdukta nosaukums: <strong>Frosch du\u0161u un vannu smidzin\u0101mais t\u012br\u012bt\u0101js ar v\u012bnogu sk\u0101bi 500ml<\/strong><br \/>\nVai pieejams p\u0101rdo\u0161an\u0101: <strong>J\u0101<\/strong><\/p>\n<p>Dab\u012bgo v\u012bna sk\u0101bju (ieg\u016btu no v\u012bnog\u0101m) vannas un du\u0161as t\u012br\u012bt\u0101js. Tas no\u0146em ka\u013c\u0137akmens nogulsnes, net\u012brumus, \u016bdens nogulsnes un ziepju atlikumus gan vann\u0101, gan cit\u0101s telp\u0101s, du\u0161\u0101s. Efekt\u012bva formula nodro\u0161ina t\u012br\u012bbu bez sv\u012btr\u0101m. Ra\u017eots V\u0101cij\u0101.<\/p>\n","protected":false},"excerpt":{"rendered":"<p>Ra\u017eot\u0101js: Frosch Produkta nosaukums: Frosch du\u0161u un vannu smidzin\u0101mais t\u012br\u012bt\u0101js ar v\u012bnogu sk\u0101bi 500ml Vai pieejams p\u0101rdo\u0161an\u0101: J\u0101 Dab\u012bgo v\u012bna sk\u0101bju (ieg\u016btu no v\u012bnog\u0101m) vannas un du\u0161as t\u012br\u012bt\u0101js. Tas no\u0146em ka\u013c\u0137akmens nogulsnes, net\u012brumus, \u016bdens nogulsnes un ziepju atlikumus gan vann\u0101, gan cit\u0101s telp\u0101s, du\u0161\u0101s. Efekt\u012bva formula nodro\u0161ina t\u012br\u012bbu bez sv\u012btr\u0101m. Ra\u017eots V\u0101cij\u0101.<\/p>\n","protected":false},"featured_media":2957,"comment_status":"open","ping_status":"closed","template":"","meta":[],"product_brand":[63],"product_cat":[150,151],"product_tag":[],"class_list":{"0":"post-3202","1":"product","2":"type-product","3":"status-publish","4":"has-post-thumbnail","6":"product_brand-frosch","7":"product_cat-ekomarkejums","8":"product_cat-vannas-istabas-tualetes-kanalizacijas-tirisanas-lidzekli","10":"first","11":"instock","12":"shipping-taxable","13":"purchasable","14":"product-type-simple"},"_links":{"self":[{"href":"https:\/\/myliusvara.lt\/lv\/wp-json\/wp\/v2\/product\/3202","targetHints":{"allow":["GET"]}}],"collection":[{"href":"https:\/\/myliusvara.lt\/lv\/wp-json\/wp\/v2\/product"}],"about":[{"href":"https:\/\/myliusvara.lt\/lv\/wp-json\/wp\/v2\/types\/product"}],"replies":[{"embeddable":true,"href":"https:\/\/myliusvara.lt\/lv\/wp-json\/wp\/v2\/comments?post=3202"}],"wp:featuredmedia":[{"embeddable":true,"href":"https:\/\/myliusvara.lt\/lv\/wp-json\/wp\/v2\/media\/2957"}],"wp:attachment":[{"href":"https:\/\/myliusvara.lt\/lv\/wp-json\/wp\/v2\/media?parent=3202"}],"wp:term":[{"taxonomy":"product_brand","embeddable":true,"href":"https:\/\/myliusvara.lt\/lv\/wp-json\/wp\/v2\/product_brand?post=3202"},{"taxonomy":"product_cat","embeddable":true,"href":"https:\/\/myliusvara.lt\/lv\/wp-json\/wp\/v2\/product_cat?post=3202"},{"taxonomy":"product_tag","embeddable":true,"href":"https:\/\/myliusvara.lt\/lv\/wp-json\/wp\/v2\/product_tag?post=3202"}],"curies":[{"name":"wp","href":"https:\/\/api.w.org\/{rel}","templated":true}]}}