{"id":3197,"date":"2025-04-13T08:56:01","date_gmt":"2025-04-13T08:56:01","guid":{"rendered":"https:\/\/myliusvara.lt\/produktas\/frosch-lavandas-aromata-tualetes-kopsanas-lidzeklis-750ml\/"},"modified":"2026-02-23T13:26:47","modified_gmt":"2026-02-23T13:26:47","slug":"frosch-lavandas-aromata-tualetes-kopsanas-lidzeklis-750ml","status":"publish","type":"product","link":"https:\/\/myliusvara.lt\/lv\/vannas-istabas-tualetes-kanalizacijas-tirisanas-lidzekli\/frosch-lavandas-aromata-tualetes-kopsanas-lidzeklis-750ml\/","title":{"rendered":"Frosch WC t\u012br\u012bt\u0101js ar Lavandu 750ml"},"content":{"rendered":"<p>Ra\u017eot\u0101js: <strong>Frosch<\/strong><br \/>\nProdukta nosaukums: <strong>Frosch lavandas smar\u017eas WC kop\u0161anas l\u012bdzeklis 750ml<\/strong><br \/>\nVai pieejams p\u0101rdo\u0161an\u0101: <strong>J\u0101<\/strong><\/p>\n<p>WC Gel &#8220;Lavendel&#8221;. \u0160is ir lavandas smar\u017eas t\u012br\u012b\u0161anas l\u012bdzeklis tualetes kop\u0161anai. Lieliski not\u012bra net\u012brumus, ur\u012bna nogulsnes, \u0161\u0137\u012bdina ka\u013c\u0137akmeni. P\u0113c \u0161\u012b l\u012bdzek\u013ca lieto\u0161anas tualet\u0113 ilgi saglab\u0101jas svaigs arom\u0101ts.<\/p>\n<p>Izcelsmes valsts: <strong>V\u0101cija<\/strong><\/p>\n<p>Ra\u017eots V\u0101cij\u0101.<\/p>\n","protected":false},"excerpt":{"rendered":"<p>Ra\u017eot\u0101js: Frosch Produkta nosaukums: Frosch lavandas smar\u017eas WC kop\u0161anas l\u012bdzeklis 750ml Vai pieejams p\u0101rdo\u0161an\u0101: J\u0101 WC Gel &#8220;Lavendel&#8221;. \u0160is ir lavandas smar\u017eas t\u012br\u012b\u0161anas l\u012bdzeklis tualetes kop\u0161anai. Lieliski not\u012bra net\u012brumus, ur\u012bna nogulsnes, \u0161\u0137\u012bdina ka\u013c\u0137akmeni. P\u0113c \u0161\u012b l\u012bdzek\u013ca lieto\u0161anas tualet\u0113 ilgi saglab\u0101jas svaigs arom\u0101ts. Izcelsmes valsts: V\u0101cija Ra\u017eots V\u0101cij\u0101.<\/p>\n","protected":false},"featured_media":2954,"comment_status":"open","ping_status":"closed","template":"","meta":[],"product_brand":[63],"product_cat":[151],"product_tag":[],"class_list":{"0":"post-3197","1":"product","2":"type-product","3":"status-publish","4":"has-post-thumbnail","6":"product_brand-frosch","7":"product_cat-vannas-istabas-tualetes-kanalizacijas-tirisanas-lidzekli","9":"first","10":"instock","11":"shipping-taxable","12":"purchasable","13":"product-type-simple"},"_links":{"self":[{"href":"https:\/\/myliusvara.lt\/lv\/wp-json\/wp\/v2\/product\/3197","targetHints":{"allow":["GET"]}}],"collection":[{"href":"https:\/\/myliusvara.lt\/lv\/wp-json\/wp\/v2\/product"}],"about":[{"href":"https:\/\/myliusvara.lt\/lv\/wp-json\/wp\/v2\/types\/product"}],"replies":[{"embeddable":true,"href":"https:\/\/myliusvara.lt\/lv\/wp-json\/wp\/v2\/comments?post=3197"}],"wp:featuredmedia":[{"embeddable":true,"href":"https:\/\/myliusvara.lt\/lv\/wp-json\/wp\/v2\/media\/2954"}],"wp:attachment":[{"href":"https:\/\/myliusvara.lt\/lv\/wp-json\/wp\/v2\/media?parent=3197"}],"wp:term":[{"taxonomy":"product_brand","embeddable":true,"href":"https:\/\/myliusvara.lt\/lv\/wp-json\/wp\/v2\/product_brand?post=3197"},{"taxonomy":"product_cat","embeddable":true,"href":"https:\/\/myliusvara.lt\/lv\/wp-json\/wp\/v2\/product_cat?post=3197"},{"taxonomy":"product_tag","embeddable":true,"href":"https:\/\/myliusvara.lt\/lv\/wp-json\/wp\/v2\/product_tag?post=3197"}],"curies":[{"name":"wp","href":"https:\/\/api.w.org\/{rel}","templated":true}]}}