{"id":3194,"date":"2020-09-11T17:43:11","date_gmt":"2020-09-11T17:43:11","guid":{"rendered":"https:\/\/myliusvara.lt\/produktas\/frosch-spirit-logu-tirisanas-lidzeklis-500-ml\/"},"modified":"2026-02-23T13:26:47","modified_gmt":"2026-02-23T13:26:47","slug":"frosch-spirit-logu-tirisanas-lidzeklis-500-ml","status":"publish","type":"product","link":"https:\/\/myliusvara.lt\/lv\/vannas-istabas-tualetes-kanalizacijas-tirisanas-lidzekli\/frosch-spirit-logu-tirisanas-lidzeklis-500-ml\/","title":{"rendered":"Frosch Stikla t\u012br\u012bt\u0101js ar Bioalkoholu 500ml"},"content":{"rendered":"<p>Ra\u017eot\u0101js: <strong>Frosch<\/strong><br \/>\nProdukta nosaukums: <strong>Frosch spirta logu t\u012br\u012bt\u0101js<\/strong><br \/>\nVai pieejams p\u0101rdo\u0161an\u0101: <strong>J\u0101<\/strong><\/p>\n<p>Piem\u0113rots lielu stikla un citu gludu virsmu laukumu t\u012br\u012b\u0161anai iek\u0161telp\u0101s un \u0101r\u0101. T\u0101 k\u0101 t\u012br\u012bt\u0101ja sast\u0101v\u0101 ir \u0101tri un efekt\u012bvi taukus no\u0146emo\u0161s alkohols, izmantojot \u0161o t\u012br\u012bt\u0101ju, nodro\u0161in\u0101siet ide\u0101lu t\u012br\u012bbu uz virsm\u0101m, neatst\u0101jot sv\u012btras. Ra\u017eots V\u0101cij\u0101.<\/p>\n","protected":false},"excerpt":{"rendered":"<p>Ra\u017eot\u0101js: Frosch Produkta nosaukums: Frosch spirta logu t\u012br\u012bt\u0101js Vai pieejams p\u0101rdo\u0161an\u0101: J\u0101 Piem\u0113rots lielu stikla un citu gludu virsmu laukumu t\u012br\u012b\u0161anai iek\u0161telp\u0101s un \u0101r\u0101. T\u0101 k\u0101 t\u012br\u012bt\u0101ja sast\u0101v\u0101 ir \u0101tri un efekt\u012bvi taukus no\u0146emo\u0161s alkohols, izmantojot \u0161o t\u012br\u012bt\u0101ju, nodro\u0161in\u0101siet ide\u0101lu t\u012br\u012bbu uz virsm\u0101m, neatst\u0101jot sv\u012btras. Ra\u017eots V\u0101cij\u0101.<\/p>\n","protected":false},"featured_media":2948,"comment_status":"open","ping_status":"closed","template":"","meta":[],"product_brand":[63],"product_cat":[150,151],"product_tag":[],"class_list":{"0":"post-3194","1":"product","2":"type-product","3":"status-publish","4":"has-post-thumbnail","6":"product_brand-frosch","7":"product_cat-ekomarkejums","8":"product_cat-vannas-istabas-tualetes-kanalizacijas-tirisanas-lidzekli","10":"first","11":"instock","12":"shipping-taxable","13":"purchasable","14":"product-type-simple"},"_links":{"self":[{"href":"https:\/\/myliusvara.lt\/lv\/wp-json\/wp\/v2\/product\/3194","targetHints":{"allow":["GET"]}}],"collection":[{"href":"https:\/\/myliusvara.lt\/lv\/wp-json\/wp\/v2\/product"}],"about":[{"href":"https:\/\/myliusvara.lt\/lv\/wp-json\/wp\/v2\/types\/product"}],"replies":[{"embeddable":true,"href":"https:\/\/myliusvara.lt\/lv\/wp-json\/wp\/v2\/comments?post=3194"}],"wp:featuredmedia":[{"embeddable":true,"href":"https:\/\/myliusvara.lt\/lv\/wp-json\/wp\/v2\/media\/2948"}],"wp:attachment":[{"href":"https:\/\/myliusvara.lt\/lv\/wp-json\/wp\/v2\/media?parent=3194"}],"wp:term":[{"taxonomy":"product_brand","embeddable":true,"href":"https:\/\/myliusvara.lt\/lv\/wp-json\/wp\/v2\/product_brand?post=3194"},{"taxonomy":"product_cat","embeddable":true,"href":"https:\/\/myliusvara.lt\/lv\/wp-json\/wp\/v2\/product_cat?post=3194"},{"taxonomy":"product_tag","embeddable":true,"href":"https:\/\/myliusvara.lt\/lv\/wp-json\/wp\/v2\/product_tag?post=3194"}],"curies":[{"name":"wp","href":"https:\/\/api.w.org\/{rel}","templated":true}]}}