{"id":3190,"date":"2025-04-13T09:05:13","date_gmt":"2025-04-13T09:05:13","guid":{"rendered":"https:\/\/myliusvara.lt\/produktas\/frosch-trauku-mazgajamas-masinas-tabletes-ar-dzeramo-sodu-30-gab\/"},"modified":"2026-02-23T13:26:46","modified_gmt":"2026-02-23T13:26:46","slug":"frosch-trauku-mazgajamas-masinas-tabletes-ar-dzeramo-sodu-30-gab","status":"publish","type":"product","link":"https:\/\/myliusvara.lt\/lv\/trauku-un-trauku-mazgajamas-masinas-tirisanas-lidzekli\/frosch-trauku-mazgajamas-masinas-tabletes-ar-dzeramo-sodu-30-gab\/","title":{"rendered":"Frosch trauku mazg\u0101jam\u0101s ma\u0161\u012bnas tabletes ar sodu 30 gab."},"content":{"rendered":"<p>Ra\u017eot\u0101js: <strong>Frosch<\/strong><br \/>\nProdukta nosaukums: <strong>Frosch trauku mazg\u0101jam\u0101s ma\u0161\u012bnas tabletes ar sodu 30 gab.<\/strong><br \/>\nVai pieejams p\u0101rdo\u0161an\u0101: <strong>J\u0101<\/strong><\/p>\n<p>Tabletes trauku mazg\u0101jamaj\u0101m ma\u0161\u012bn\u0101m &#8220;viss vien\u0101&#8221; ar miner\u0101lo s\u0101li <em>(sp\u0113c\u012bga t\u012br\u012b\u0161anas iedarb\u012bba).<\/em> &#8220;Viss vien\u0101&#8221; funkcijas: T\u012br\u012b\u0161ana: tabletes, kuru sast\u0101v\u0101 ir miner\u0101lais s\u0101ls, efekt\u012bvi no\u0146em visus taukus un pat vissmag\u0101kos net\u012brumus. Ra\u017eots V\u0101cij\u0101.<\/p>\n","protected":false},"excerpt":{"rendered":"<p>Ra\u017eot\u0101js: Frosch Produkta nosaukums: Frosch trauku mazg\u0101jam\u0101s ma\u0161\u012bnas tabletes ar sodu 30 gab. Vai pieejams p\u0101rdo\u0161an\u0101: J\u0101 Tabletes trauku mazg\u0101jamaj\u0101m ma\u0161\u012bn\u0101m &#8220;viss vien\u0101&#8221; ar miner\u0101lo s\u0101li (sp\u0113c\u012bga t\u012br\u012b\u0161anas iedarb\u012bba). &#8220;Viss vien\u0101&#8221; funkcijas: T\u012br\u012b\u0161ana: tabletes, kuru sast\u0101v\u0101 ir miner\u0101lais s\u0101ls, efekt\u012bvi no\u0146em visus taukus un pat vissmag\u0101kos net\u012brumus. Ra\u017eots V\u0101cij\u0101.<\/p>\n","protected":false},"featured_media":2966,"comment_status":"open","ping_status":"closed","template":"","meta":[],"product_brand":[63],"product_cat":[167,152],"product_tag":[],"class_list":{"0":"post-3190","1":"product","2":"type-product","3":"status-publish","4":"has-post-thumbnail","6":"product_brand-frosch","7":"product_cat-trauku-un-trauku-mazgajamas-masinas-tirisanas-lidzekli","8":"product_cat-virtuves-kopsanas-lidzekli","10":"first","11":"instock","12":"shipping-taxable","13":"purchasable","14":"product-type-simple"},"_links":{"self":[{"href":"https:\/\/myliusvara.lt\/lv\/wp-json\/wp\/v2\/product\/3190","targetHints":{"allow":["GET"]}}],"collection":[{"href":"https:\/\/myliusvara.lt\/lv\/wp-json\/wp\/v2\/product"}],"about":[{"href":"https:\/\/myliusvara.lt\/lv\/wp-json\/wp\/v2\/types\/product"}],"replies":[{"embeddable":true,"href":"https:\/\/myliusvara.lt\/lv\/wp-json\/wp\/v2\/comments?post=3190"}],"wp:featuredmedia":[{"embeddable":true,"href":"https:\/\/myliusvara.lt\/lv\/wp-json\/wp\/v2\/media\/2966"}],"wp:attachment":[{"href":"https:\/\/myliusvara.lt\/lv\/wp-json\/wp\/v2\/media?parent=3190"}],"wp:term":[{"taxonomy":"product_brand","embeddable":true,"href":"https:\/\/myliusvara.lt\/lv\/wp-json\/wp\/v2\/product_brand?post=3190"},{"taxonomy":"product_cat","embeddable":true,"href":"https:\/\/myliusvara.lt\/lv\/wp-json\/wp\/v2\/product_cat?post=3190"},{"taxonomy":"product_tag","embeddable":true,"href":"https:\/\/myliusvara.lt\/lv\/wp-json\/wp\/v2\/product_tag?post=3190"}],"curies":[{"name":"wp","href":"https:\/\/api.w.org\/{rel}","templated":true}]}}