{"id":3187,"date":"2025-04-13T10:32:21","date_gmt":"2025-04-13T10:32:21","guid":{"rendered":"https:\/\/myliusvara.lt\/produktas\/frosch-lemon-scent-trauku-mazgajamas-masinas-tabletes-30-gab\/"},"modified":"2026-02-23T13:26:41","modified_gmt":"2026-02-23T13:26:41","slug":"frosch-lemon-scent-trauku-mazgajamas-masinas-tabletes-30-gab","status":"publish","type":"product","link":"https:\/\/myliusvara.lt\/lv\/trauku-un-trauku-mazgajamas-masinas-tirisanas-lidzekli\/frosch-lemon-scent-trauku-mazgajamas-masinas-tabletes-30-gab\/","title":{"rendered":"Frosch Citronu smar\u017eas trauku mazg\u0101jam\u0101s ma\u0161\u012bnas tabletes 30 gab."},"content":{"rendered":"<p>Ra\u017eot\u0101js: <strong>Frosch<\/strong><br \/>\nProdukta nosaukums: <strong>Frosch citronu smar\u017eas trauku mazg\u0101jam\u0101s ma\u0161\u012bnas tabletes 30 gab.<\/strong><br \/>\nVai pieejams p\u0101rdo\u0161an\u0101: <strong>J\u0101<\/strong><\/p>\n<p>Trauki k\u013c\u016bst t\u012bri un mirdz\u0113jo\u0161i. Viss vien\u0101. Sp\u0113c\u012bgas iedarb\u012bbas recepte, bag\u0101tin\u0101ta ar citrona arom\u0101tu, lieliski sadala taukus, efekt\u012bvi no\u0146em p\u0101rtikas atlikumus un atst\u0101j svaigu arom\u0101tu. Sast\u0101v\u0101 eso\u0161ais skalo\u0161anas l\u012bdzeklis pie\u0161\u0137ir traukiem sp\u012bdumu. Ra\u017eots V\u0101cij\u0101.<\/p>\n","protected":false},"excerpt":{"rendered":"<p>Ra\u017eot\u0101js: Frosch Produkta nosaukums: Frosch citronu smar\u017eas trauku mazg\u0101jam\u0101s ma\u0161\u012bnas tabletes 30 gab. Vai pieejams p\u0101rdo\u0161an\u0101: J\u0101 Trauki k\u013c\u016bst t\u012bri un mirdz\u0113jo\u0161i. Viss vien\u0101. Sp\u0113c\u012bgas iedarb\u012bbas recepte, bag\u0101tin\u0101ta ar citrona arom\u0101tu, lieliski sadala taukus, efekt\u012bvi no\u0146em p\u0101rtikas atlikumus un atst\u0101j svaigu arom\u0101tu. Sast\u0101v\u0101 eso\u0161ais skalo\u0161anas l\u012bdzeklis pie\u0161\u0137ir traukiem sp\u012bdumu. Ra\u017eots V\u0101cij\u0101.<\/p>\n","protected":false},"featured_media":3011,"comment_status":"open","ping_status":"closed","template":"","meta":[],"product_brand":[63],"product_cat":[150,167,152],"product_tag":[],"class_list":{"0":"post-3187","1":"product","2":"type-product","3":"status-publish","4":"has-post-thumbnail","6":"product_brand-frosch","7":"product_cat-ekomarkejums","8":"product_cat-trauku-un-trauku-mazgajamas-masinas-tirisanas-lidzekli","9":"product_cat-virtuves-kopsanas-lidzekli","11":"first","12":"instock","13":"shipping-taxable","14":"purchasable","15":"product-type-simple"},"_links":{"self":[{"href":"https:\/\/myliusvara.lt\/lv\/wp-json\/wp\/v2\/product\/3187","targetHints":{"allow":["GET"]}}],"collection":[{"href":"https:\/\/myliusvara.lt\/lv\/wp-json\/wp\/v2\/product"}],"about":[{"href":"https:\/\/myliusvara.lt\/lv\/wp-json\/wp\/v2\/types\/product"}],"replies":[{"embeddable":true,"href":"https:\/\/myliusvara.lt\/lv\/wp-json\/wp\/v2\/comments?post=3187"}],"wp:featuredmedia":[{"embeddable":true,"href":"https:\/\/myliusvara.lt\/lv\/wp-json\/wp\/v2\/media\/3011"}],"wp:attachment":[{"href":"https:\/\/myliusvara.lt\/lv\/wp-json\/wp\/v2\/media?parent=3187"}],"wp:term":[{"taxonomy":"product_brand","embeddable":true,"href":"https:\/\/myliusvara.lt\/lv\/wp-json\/wp\/v2\/product_brand?post=3187"},{"taxonomy":"product_cat","embeddable":true,"href":"https:\/\/myliusvara.lt\/lv\/wp-json\/wp\/v2\/product_cat?post=3187"},{"taxonomy":"product_tag","embeddable":true,"href":"https:\/\/myliusvara.lt\/lv\/wp-json\/wp\/v2\/product_tag?post=3187"}],"curies":[{"name":"wp","href":"https:\/\/api.w.org\/{rel}","templated":true}]}}