{"id":3186,"date":"2025-04-13T09:03:01","date_gmt":"2025-04-13T09:03:01","guid":{"rendered":"https:\/\/myliusvara.lt\/produktas\/biologiskais-trauku-mazgasanas-lidzeklis-ar-zalo-citronu-5000ml\/"},"modified":"2026-02-23T13:26:46","modified_gmt":"2026-02-23T13:26:46","slug":"biologiskais-trauku-mazgasanas-lidzeklis-ar-zalo-citronu-5000ml","status":"publish","type":"product","link":"https:\/\/myliusvara.lt\/lv\/trauku-un-trauku-mazgajamas-masinas-tirisanas-lidzekli\/biologiskais-trauku-mazgasanas-lidzeklis-ar-zalo-citronu-5000ml\/","title":{"rendered":"Ekolo\u0123isks Trauku mazg\u0101\u0161anas l\u012bdzeklis ar Za\u013co citronu 5l"},"content":{"rendered":"<p>Ra\u017eot\u0101js: <strong>Frosch<\/strong><br \/>\nProdukta nosaukums: <strong>Ekolo\u0123isks citrona smar\u017eas trauku mazg\u0101\u0161anas l\u012bdzeklis<\/strong><br \/>\nVai pieejams p\u0101rdo\u0161an\u0101: <strong>J\u0101<\/strong><\/p>\n<p>Ekolo\u0123isks citrona smar\u017eas trauku mazg\u0101\u0161anas l\u012bdzeklis. Produkta sast\u0101v\u0101 eso\u0161\u0101 citrona e\u013c\u013ca efekt\u012bvi izn\u012bcina taukus, atst\u0101jot pat\u012bkamu citrona arom\u0101tu. Produkta pH ir neitr\u0101ls, tas ir dermato\u0123iski test\u0113ts. Doz\u0113\u0161ana: viena t\u0113jkarote (5 ml) pietiek 5 litriem \u016bdens. Ra\u017eots V\u0101cij\u0101.<\/p>\n","protected":false},"excerpt":{"rendered":"<p>Ra\u017eot\u0101js: Frosch Produkta nosaukums: Ekolo\u0123isks citrona smar\u017eas trauku mazg\u0101\u0161anas l\u012bdzeklis Vai pieejams p\u0101rdo\u0161an\u0101: J\u0101 Ekolo\u0123isks citrona smar\u017eas trauku mazg\u0101\u0161anas l\u012bdzeklis. Produkta sast\u0101v\u0101 eso\u0161\u0101 citrona e\u013c\u013ca efekt\u012bvi izn\u012bcina taukus, atst\u0101jot pat\u012bkamu citrona arom\u0101tu. Produkta pH ir neitr\u0101ls, tas ir dermato\u0123iski test\u0113ts. Doz\u0113\u0161ana: viena t\u0113jkarote (5 ml) pietiek 5 litriem \u016bdens. Ra\u017eots V\u0101cij\u0101.<\/p>\n","protected":false},"featured_media":2963,"comment_status":"open","ping_status":"closed","template":"","meta":[],"product_brand":[63],"product_cat":[167],"product_tag":[],"class_list":{"0":"post-3186","1":"product","2":"type-product","3":"status-publish","4":"has-post-thumbnail","6":"product_brand-frosch","7":"product_cat-trauku-un-trauku-mazgajamas-masinas-tirisanas-lidzekli","9":"first","10":"instock","11":"shipping-taxable","12":"purchasable","13":"product-type-simple"},"_links":{"self":[{"href":"https:\/\/myliusvara.lt\/lv\/wp-json\/wp\/v2\/product\/3186","targetHints":{"allow":["GET"]}}],"collection":[{"href":"https:\/\/myliusvara.lt\/lv\/wp-json\/wp\/v2\/product"}],"about":[{"href":"https:\/\/myliusvara.lt\/lv\/wp-json\/wp\/v2\/types\/product"}],"replies":[{"embeddable":true,"href":"https:\/\/myliusvara.lt\/lv\/wp-json\/wp\/v2\/comments?post=3186"}],"wp:featuredmedia":[{"embeddable":true,"href":"https:\/\/myliusvara.lt\/lv\/wp-json\/wp\/v2\/media\/2963"}],"wp:attachment":[{"href":"https:\/\/myliusvara.lt\/lv\/wp-json\/wp\/v2\/media?parent=3186"}],"wp:term":[{"taxonomy":"product_brand","embeddable":true,"href":"https:\/\/myliusvara.lt\/lv\/wp-json\/wp\/v2\/product_brand?post=3186"},{"taxonomy":"product_cat","embeddable":true,"href":"https:\/\/myliusvara.lt\/lv\/wp-json\/wp\/v2\/product_cat?post=3186"},{"taxonomy":"product_tag","embeddable":true,"href":"https:\/\/myliusvara.lt\/lv\/wp-json\/wp\/v2\/product_tag?post=3186"}],"curies":[{"name":"wp","href":"https:\/\/api.w.org\/{rel}","templated":true}]}}