{"id":3164,"date":"2025-04-13T10:23:21","date_gmt":"2025-04-13T10:23:21","guid":{"rendered":"https:\/\/myliusvara.lt\/produktas\/dr-beckmann-magic-leaves-krasainiem-audumiem\/"},"modified":"2026-02-23T13:26:42","modified_gmt":"2026-02-23T13:26:42","slug":"dr-beckmann-magic-leaves-krasainiem-audumiem","status":"publish","type":"product","link":"https:\/\/myliusvara.lt\/lv\/top-piedavajumi\/dr-beckmann-magic-leaves-krasainiem-audumiem\/","title":{"rendered":"Dr. Beckmann Magic Leaves mazg\u0101\u0161anas lapel\u012b\u0161i kr\u0101sainajiem audumiem 25gab."},"content":{"rendered":"<p><strong>JAUNUMS!<\/strong><\/p>\n<p>Atkl\u0101jiet jaunu mazg\u0101\u0161anas veidu. No \u0161\u012b br\u012b\u017ea ap\u0123\u0113rbu mazg\u0101\u0161anas l\u012bdzeklis \u2014 vien\u0101 lapel\u012bt\u012b! Jums vairs neb\u016bs j\u0101n\u0113s\u0101 lielas un smagas \u0161\u0137idr\u0101 mazg\u0101\u0161anas l\u012bdzek\u013ca iepakojumi. Lapel\u012b\u0161i ir pies\u0101tin\u0101ti ar mazg\u0101\u0161anas l\u012bdzekli kr\u0101sainajiem audumiem, viegli lietojami un doz\u0113jami, bez kr\u0101sviel\u0101m un konservantiem. Piem\u0113roti kr\u0101sainajiem audumiem no 20-60\u00b0C. Ra\u017eots V\u0101cij\u0101.<\/p>\n","protected":false},"excerpt":{"rendered":"<p>JAUNUMS! Atkl\u0101jiet jaunu mazg\u0101\u0161anas veidu. No \u0161\u012b br\u012b\u017ea ap\u0123\u0113rbu mazg\u0101\u0161anas l\u012bdzeklis \u2014 vien\u0101 lapel\u012bt\u012b! Jums vairs neb\u016bs j\u0101n\u0113s\u0101 lielas un smagas \u0161\u0137idr\u0101 mazg\u0101\u0161anas l\u012bdzek\u013ca iepakojumi. Lapel\u012b\u0161i ir pies\u0101tin\u0101ti ar mazg\u0101\u0161anas l\u012bdzekli kr\u0101sainajiem audumiem, viegli lietojami un doz\u0113jami, bez kr\u0101sviel\u0101m un konservantiem. Piem\u0113roti kr\u0101sainajiem audumiem no 20-60\u00b0C. Ra\u017eots V\u0101cij\u0101.<\/p>\n","protected":false},"featured_media":3666,"comment_status":"open","ping_status":"closed","template":"","meta":[],"product_brand":[64],"product_cat":[149,162],"product_tag":[],"class_list":{"0":"post-3164","1":"product","2":"type-product","3":"status-publish","4":"has-post-thumbnail","6":"product_brand-dr-beckmann","7":"product_cat-mazgasanas-un-skalosanas-lidzekli","8":"product_cat-top-piedavajumi","10":"first","11":"instock","12":"shipping-taxable","13":"purchasable","14":"product-type-simple"},"_links":{"self":[{"href":"https:\/\/myliusvara.lt\/lv\/wp-json\/wp\/v2\/product\/3164","targetHints":{"allow":["GET"]}}],"collection":[{"href":"https:\/\/myliusvara.lt\/lv\/wp-json\/wp\/v2\/product"}],"about":[{"href":"https:\/\/myliusvara.lt\/lv\/wp-json\/wp\/v2\/types\/product"}],"replies":[{"embeddable":true,"href":"https:\/\/myliusvara.lt\/lv\/wp-json\/wp\/v2\/comments?post=3164"}],"wp:featuredmedia":[{"embeddable":true,"href":"https:\/\/myliusvara.lt\/lv\/wp-json\/wp\/v2\/media\/3666"}],"wp:attachment":[{"href":"https:\/\/myliusvara.lt\/lv\/wp-json\/wp\/v2\/media?parent=3164"}],"wp:term":[{"taxonomy":"product_brand","embeddable":true,"href":"https:\/\/myliusvara.lt\/lv\/wp-json\/wp\/v2\/product_brand?post=3164"},{"taxonomy":"product_cat","embeddable":true,"href":"https:\/\/myliusvara.lt\/lv\/wp-json\/wp\/v2\/product_cat?post=3164"},{"taxonomy":"product_tag","embeddable":true,"href":"https:\/\/myliusvara.lt\/lv\/wp-json\/wp\/v2\/product_tag?post=3164"}],"curies":[{"name":"wp","href":"https:\/\/api.w.org\/{rel}","templated":true}]}}