{"id":3153,"date":"2025-04-13T10:15:53","date_gmt":"2025-04-13T10:15:53","guid":{"rendered":"https:\/\/myliusvara.lt\/produktas\/frosch-zero-adas-mikstinatajs-750ml\/"},"modified":"2026-02-23T13:26:43","modified_gmt":"2026-02-23T13:26:43","slug":"frosch-zero-adas-mikstinatajs-750ml","status":"publish","type":"product","link":"https:\/\/myliusvara.lt\/lv\/pasakumi-zidainiem-un-berniem\/frosch-zero-adas-mikstinatajs-750ml\/","title":{"rendered":"Frosch Zero% \u0100dai nekairino\u0161s audumu m\u012bkstin\u0101t\u0101js 750ml"},"content":{"rendered":"<p>Ra\u017eot\u0101js: <strong>Frosch<\/strong><br \/>\nProdukta nosaukums: <strong>Frosch Zero% \u0101dai nekairino\u0161s ve\u013cas m\u012bkstin\u0101t\u0101js 750ml<\/strong><br \/>\nVai pieejams p\u0101rdo\u0161an\u0101: <strong>J\u0101<\/strong><\/p>\n<p>\u0100du saudz\u0113jo\u0161s ve\u013cas skalo\u0161anas losjons. Izl\u012bdzina ap\u0123\u0113rbu, dvie\u013cu, gultas ve\u013cas \u0161\u0137iedras, aizsarg\u0101 \u0101du pret kairin\u0101jumu. \u012apa\u0161i saudz\u0113jo\u0161a formula ar ur\u012bnvielu nodro\u0161ina, ka ap\u0123\u0113rbus, kas mazg\u0101ti ar \u0161o l\u012bdzekli, b\u016bs \u013coti pat\u012bkami valk\u0101t. Ra\u017eots V\u0101cij\u0101.<\/p>\n","protected":false},"excerpt":{"rendered":"<p>Ra\u017eot\u0101js: Frosch Produkta nosaukums: Frosch Zero% \u0101dai nekairino\u0161s ve\u013cas m\u012bkstin\u0101t\u0101js 750ml Vai pieejams p\u0101rdo\u0161an\u0101: J\u0101 \u0100du saudz\u0113jo\u0161s ve\u013cas skalo\u0161anas losjons. Izl\u012bdzina ap\u0123\u0113rbu, dvie\u013cu, gultas ve\u013cas \u0161\u0137iedras, aizsarg\u0101 \u0101du pret kairin\u0101jumu. \u012apa\u0161i saudz\u0113jo\u0161a formula ar ur\u012bnvielu nodro\u0161ina, ka ap\u0123\u0113rbus, kas mazg\u0101ti ar \u0161o l\u012bdzekli, b\u016bs \u013coti pat\u012bkami valk\u0101t. Ra\u017eots V\u0101cij\u0101.<\/p>\n","protected":false},"featured_media":2987,"comment_status":"open","ping_status":"closed","template":"","meta":[],"product_brand":[63],"product_cat":[149,165],"product_tag":[],"class_list":{"0":"post-3153","1":"product","2":"type-product","3":"status-publish","4":"has-post-thumbnail","6":"product_brand-frosch","7":"product_cat-mazgasanas-un-skalosanas-lidzekli","8":"product_cat-pasakumi-zidainiem-un-berniem","10":"first","11":"instock","12":"shipping-taxable","13":"purchasable","14":"product-type-simple"},"_links":{"self":[{"href":"https:\/\/myliusvara.lt\/lv\/wp-json\/wp\/v2\/product\/3153","targetHints":{"allow":["GET"]}}],"collection":[{"href":"https:\/\/myliusvara.lt\/lv\/wp-json\/wp\/v2\/product"}],"about":[{"href":"https:\/\/myliusvara.lt\/lv\/wp-json\/wp\/v2\/types\/product"}],"replies":[{"embeddable":true,"href":"https:\/\/myliusvara.lt\/lv\/wp-json\/wp\/v2\/comments?post=3153"}],"wp:featuredmedia":[{"embeddable":true,"href":"https:\/\/myliusvara.lt\/lv\/wp-json\/wp\/v2\/media\/2987"}],"wp:attachment":[{"href":"https:\/\/myliusvara.lt\/lv\/wp-json\/wp\/v2\/media?parent=3153"}],"wp:term":[{"taxonomy":"product_brand","embeddable":true,"href":"https:\/\/myliusvara.lt\/lv\/wp-json\/wp\/v2\/product_brand?post=3153"},{"taxonomy":"product_cat","embeddable":true,"href":"https:\/\/myliusvara.lt\/lv\/wp-json\/wp\/v2\/product_cat?post=3153"},{"taxonomy":"product_tag","embeddable":true,"href":"https:\/\/myliusvara.lt\/lv\/wp-json\/wp\/v2\/product_tag?post=3153"}],"curies":[{"name":"wp","href":"https:\/\/api.w.org\/{rel}","templated":true}]}}