{"id":3151,"date":"2025-04-13T10:13:29","date_gmt":"2025-04-13T10:13:29","guid":{"rendered":"https:\/\/myliusvara.lt\/produktas\/frosch-zero-adas-mazgasanas-lidzeklis-bez-kairinatajiem-1500ml\/"},"modified":"2026-02-23T13:26:44","modified_gmt":"2026-02-23T13:26:44","slug":"frosch-zero-adas-mazgasanas-lidzeklis-bez-kairinatajiem-1500ml","status":"publish","type":"product","link":"https:\/\/myliusvara.lt\/lv\/pasakumi-zidainiem-un-berniem\/frosch-zero-adas-mazgasanas-lidzeklis-bez-kairinatajiem-1500ml\/","title":{"rendered":"Frosch Zero% \u0100dai nekairino\u0161s mazg\u0101\u0161anas l\u012bdzeklis 1,5l"},"content":{"rendered":"<p>Ra\u017eot\u0101js: <strong>Frosch<\/strong><br \/>\nProdukta nosaukums: <strong>Frosch Zero% \u0101dai nekairino\u0161s mazg\u0101\u0161anas l\u012bdzeklis 1500ml<\/strong><br \/>\nVai pieejams p\u0101rdo\u0161an\u0101: <strong>J\u0101<\/strong><\/p>\n<p>\u0100du nekairino\u0161s, ta\u010du ar \u012bpa\u0161i lab\u0101m mazg\u0101\u0161anas \u012bpa\u0161\u012bb\u0101m mazg\u0101\u0161anas l\u012bdzeklis baltajiem un kr\u0101sainajiem audumiem, piem\u0113rots mazg\u0101\u0161anai no 20 l\u012bdz 95\u00b0C. \u0160is p\u0113c \u012bpa\u0161i saudz\u0113jo\u0161a receptes ar ur\u012bnvielu pagatavotais mazg\u0101\u0161anas l\u012bdzeklis ir hipoaler\u0123isks un piem\u0113rots jut\u012bgai \u0101dai. Ra\u017eots V\u0101cij\u0101.<\/p>\n","protected":false},"excerpt":{"rendered":"<p>Ra\u017eot\u0101js: Frosch Produkta nosaukums: Frosch Zero% \u0101dai nekairino\u0161s mazg\u0101\u0161anas l\u012bdzeklis 1500ml Vai pieejams p\u0101rdo\u0161an\u0101: J\u0101 \u0100du nekairino\u0161s, ta\u010du ar \u012bpa\u0161i lab\u0101m mazg\u0101\u0161anas \u012bpa\u0161\u012bb\u0101m mazg\u0101\u0161anas l\u012bdzeklis baltajiem un kr\u0101sainajiem audumiem, piem\u0113rots mazg\u0101\u0161anai no 20 l\u012bdz 95\u00b0C. \u0160is p\u0113c \u012bpa\u0161i saudz\u0113jo\u0161a receptes ar ur\u012bnvielu pagatavotais mazg\u0101\u0161anas l\u012bdzeklis ir hipoaler\u0123isks un piem\u0113rots jut\u012bgai \u0101dai. Ra\u017eots V\u0101cij\u0101.<\/p>\n","protected":false},"featured_media":2984,"comment_status":"open","ping_status":"closed","template":"","meta":[],"product_brand":[63],"product_cat":[150,149,165],"product_tag":[],"class_list":{"0":"post-3151","1":"product","2":"type-product","3":"status-publish","4":"has-post-thumbnail","6":"product_brand-frosch","7":"product_cat-ekomarkejums","8":"product_cat-mazgasanas-un-skalosanas-lidzekli","9":"product_cat-pasakumi-zidainiem-un-berniem","11":"first","12":"instock","13":"shipping-taxable","14":"purchasable","15":"product-type-simple"},"_links":{"self":[{"href":"https:\/\/myliusvara.lt\/lv\/wp-json\/wp\/v2\/product\/3151","targetHints":{"allow":["GET"]}}],"collection":[{"href":"https:\/\/myliusvara.lt\/lv\/wp-json\/wp\/v2\/product"}],"about":[{"href":"https:\/\/myliusvara.lt\/lv\/wp-json\/wp\/v2\/types\/product"}],"replies":[{"embeddable":true,"href":"https:\/\/myliusvara.lt\/lv\/wp-json\/wp\/v2\/comments?post=3151"}],"wp:featuredmedia":[{"embeddable":true,"href":"https:\/\/myliusvara.lt\/lv\/wp-json\/wp\/v2\/media\/2984"}],"wp:attachment":[{"href":"https:\/\/myliusvara.lt\/lv\/wp-json\/wp\/v2\/media?parent=3151"}],"wp:term":[{"taxonomy":"product_brand","embeddable":true,"href":"https:\/\/myliusvara.lt\/lv\/wp-json\/wp\/v2\/product_brand?post=3151"},{"taxonomy":"product_cat","embeddable":true,"href":"https:\/\/myliusvara.lt\/lv\/wp-json\/wp\/v2\/product_cat?post=3151"},{"taxonomy":"product_tag","embeddable":true,"href":"https:\/\/myliusvara.lt\/lv\/wp-json\/wp\/v2\/product_tag?post=3151"}],"curies":[{"name":"wp","href":"https:\/\/api.w.org\/{rel}","templated":true}]}}