{"id":3147,"date":"2025-04-13T10:09:39","date_gmt":"2025-04-13T10:09:39","guid":{"rendered":"https:\/\/myliusvara.lt\/produktas\/frosch-avenu-etikis-atkalkotajs\/"},"modified":"2026-02-23T13:26:44","modified_gmt":"2026-02-23T13:26:44","slug":"frosch-avenu-etikis-atkalkotajs","status":"publish","type":"product","link":"https:\/\/myliusvara.lt\/lv\/top-piedavajumi\/frosch-avenu-etikis-atkalkotajs\/","title":{"rendered":"Frosch ka\u013c\u0137akmens t\u012br\u012bt\u0101js ar Ave\u0146u eti\u0137i 500ml"},"content":{"rendered":"<p><strong>Efekt\u012bvs l\u012bdzeklis pret ka\u013c\u0137akmeni<\/strong><\/p>\n<p>Ekolo\u0123iska kvalit\u0101te kop\u0161 1986*<\/p>\n<p><em><strong>9 galven\u0101s Frosch produktu ekolo\u0123isk\u0101s \u012bpa\u0161\u012bbas:<\/strong><\/em><\/p>\n<ol>\n<li>Ekolo\u0123iskas formulas ar dab\u012bg\u0101m akt\u012bvaj\u0101m viel\u0101m.<\/li>\n<li>Augu izcelsmes virsmakt\u012bv\u0101s vielas.<\/li>\n<li>Nekait\u012bgas \u0101dai, dermato\u0123iski test\u0113ts.<\/li>\n<li>Atbild\u012bga izejvielu izv\u0113le, nekait\u0113 cilv\u0113kiem un dabai.<\/li>\n<\/ol>\n<p>Efekt\u012bvi no\u0146em ka\u013c\u0137akmens nogulsnes. Ra\u017eots V\u0101cij\u0101.<\/p>\n","protected":false},"excerpt":{"rendered":"<p>Efekt\u012bvs l\u012bdzeklis pret ka\u013c\u0137akmeni Ekolo\u0123iska kvalit\u0101te kop\u0161 1986* 9 galven\u0101s Frosch produktu ekolo\u0123isk\u0101s \u012bpa\u0161\u012bbas: Ekolo\u0123iskas formulas ar dab\u012bg\u0101m akt\u012bvaj\u0101m viel\u0101m. Augu izcelsmes virsmakt\u012bv\u0101s vielas. Nekait\u012bgas \u0101dai, dermato\u0123iski test\u0113ts. Atbild\u012bga izejvielu izv\u0113le, nekait\u0113 cilv\u0113kiem un dabai. Efekt\u012bvi no\u0146em ka\u013c\u0137akmens nogulsnes. Ra\u017eots V\u0101cij\u0101.<\/p>\n","protected":false},"featured_media":2981,"comment_status":"open","ping_status":"closed","template":"","meta":[],"product_brand":[63],"product_cat":[162,151,152],"product_tag":[],"class_list":{"0":"post-3147","1":"product","2":"type-product","3":"status-publish","4":"has-post-thumbnail","6":"product_brand-frosch","7":"product_cat-top-piedavajumi","8":"product_cat-vannas-istabas-tualetes-kanalizacijas-tirisanas-lidzekli","9":"product_cat-virtuves-kopsanas-lidzekli","11":"first","12":"instock","13":"shipping-taxable","14":"purchasable","15":"product-type-simple"},"_links":{"self":[{"href":"https:\/\/myliusvara.lt\/lv\/wp-json\/wp\/v2\/product\/3147","targetHints":{"allow":["GET"]}}],"collection":[{"href":"https:\/\/myliusvara.lt\/lv\/wp-json\/wp\/v2\/product"}],"about":[{"href":"https:\/\/myliusvara.lt\/lv\/wp-json\/wp\/v2\/types\/product"}],"replies":[{"embeddable":true,"href":"https:\/\/myliusvara.lt\/lv\/wp-json\/wp\/v2\/comments?post=3147"}],"wp:featuredmedia":[{"embeddable":true,"href":"https:\/\/myliusvara.lt\/lv\/wp-json\/wp\/v2\/media\/2981"}],"wp:attachment":[{"href":"https:\/\/myliusvara.lt\/lv\/wp-json\/wp\/v2\/media?parent=3147"}],"wp:term":[{"taxonomy":"product_brand","embeddable":true,"href":"https:\/\/myliusvara.lt\/lv\/wp-json\/wp\/v2\/product_brand?post=3147"},{"taxonomy":"product_cat","embeddable":true,"href":"https:\/\/myliusvara.lt\/lv\/wp-json\/wp\/v2\/product_cat?post=3147"},{"taxonomy":"product_tag","embeddable":true,"href":"https:\/\/myliusvara.lt\/lv\/wp-json\/wp\/v2\/product_tag?post=3147"}],"curies":[{"name":"wp","href":"https:\/\/api.w.org\/{rel}","templated":true}]}}