{"id":3146,"date":"2025-04-13T10:06:20","date_gmt":"2025-04-13T10:06:20","guid":{"rendered":"https:\/\/myliusvara.lt\/produktas\/frosch-etikis-tualetes-kopsanas-lidzeklis-750ml\/"},"modified":"2026-02-23T13:26:45","modified_gmt":"2026-02-23T13:26:45","slug":"frosch-etikis-tualetes-kopsanas-lidzeklis-750ml","status":"publish","type":"product","link":"https:\/\/myliusvara.lt\/lv\/vannas-istabas-tualetes-kanalizacijas-tirisanas-lidzekli\/frosch-etikis-tualetes-kopsanas-lidzeklis-750ml\/","title":{"rendered":"Frosch WC t\u012br\u012bt\u0101js ar Eti\u0137i 750ml"},"content":{"rendered":"<p>Ra\u017eot\u0101js: <strong>Frosch<\/strong><br \/>\nProdukta nosaukums: <strong>Frosch eti\u0137a WC kop\u0161anas l\u012bdzeklis 750ml<\/strong><br \/>\nVai pieejams p\u0101rdo\u0161an\u0101: <strong>J\u0101<\/strong><\/p>\n<p>\u0160is ir eti\u0137a tualetes kop\u0161anas l\u012bdzeklis. \u013boti efekt\u012bvi un dabiski no\u0146em ka\u013c\u0137akmeni, ur\u012bna nogulsnes un net\u012brumus. Izn\u012bcina nepat\u012bkamas smakas. Lieto\u0161ana: pirms lieto\u0161anas sakrat\u012bt. Nospiediet aizsargv\u0101ci\u0146u (&#8220;1&#8221;) un pagrieziet (&#8220;2&#8221;). Ra\u017eots V\u0101cij\u0101.<\/p>\n","protected":false},"excerpt":{"rendered":"<p>Ra\u017eot\u0101js: Frosch Produkta nosaukums: Frosch eti\u0137a WC kop\u0161anas l\u012bdzeklis 750ml Vai pieejams p\u0101rdo\u0161an\u0101: J\u0101 \u0160is ir eti\u0137a tualetes kop\u0161anas l\u012bdzeklis. \u013boti efekt\u012bvi un dabiski no\u0146em ka\u013c\u0137akmeni, ur\u012bna nogulsnes un net\u012brumus. Izn\u012bcina nepat\u012bkamas smakas. Lieto\u0161ana: pirms lieto\u0161anas sakrat\u012bt. Nospiediet aizsargv\u0101ci\u0146u (&#8220;1&#8221;) un pagrieziet (&#8220;2&#8221;). Ra\u017eots V\u0101cij\u0101.<\/p>\n","protected":false},"featured_media":2975,"comment_status":"open","ping_status":"closed","template":"","meta":[],"product_brand":[63],"product_cat":[150,151],"product_tag":[],"class_list":{"0":"post-3146","1":"product","2":"type-product","3":"status-publish","4":"has-post-thumbnail","6":"product_brand-frosch","7":"product_cat-ekomarkejums","8":"product_cat-vannas-istabas-tualetes-kanalizacijas-tirisanas-lidzekli","10":"first","11":"instock","12":"shipping-taxable","13":"purchasable","14":"product-type-simple"},"_links":{"self":[{"href":"https:\/\/myliusvara.lt\/lv\/wp-json\/wp\/v2\/product\/3146","targetHints":{"allow":["GET"]}}],"collection":[{"href":"https:\/\/myliusvara.lt\/lv\/wp-json\/wp\/v2\/product"}],"about":[{"href":"https:\/\/myliusvara.lt\/lv\/wp-json\/wp\/v2\/types\/product"}],"replies":[{"embeddable":true,"href":"https:\/\/myliusvara.lt\/lv\/wp-json\/wp\/v2\/comments?post=3146"}],"wp:featuredmedia":[{"embeddable":true,"href":"https:\/\/myliusvara.lt\/lv\/wp-json\/wp\/v2\/media\/2975"}],"wp:attachment":[{"href":"https:\/\/myliusvara.lt\/lv\/wp-json\/wp\/v2\/media?parent=3146"}],"wp:term":[{"taxonomy":"product_brand","embeddable":true,"href":"https:\/\/myliusvara.lt\/lv\/wp-json\/wp\/v2\/product_brand?post=3146"},{"taxonomy":"product_cat","embeddable":true,"href":"https:\/\/myliusvara.lt\/lv\/wp-json\/wp\/v2\/product_cat?post=3146"},{"taxonomy":"product_tag","embeddable":true,"href":"https:\/\/myliusvara.lt\/lv\/wp-json\/wp\/v2\/product_tag?post=3146"}],"curies":[{"name":"wp","href":"https:\/\/api.w.org\/{rel}","templated":true}]}}