{"id":3130,"date":"2025-04-13T10:36:26","date_gmt":"2025-04-13T10:36:26","guid":{"rendered":"https:\/\/myliusvara.lt\/produktas\/dr-beckmann-universalais-tirisanas-akmens-550g\/"},"modified":"2026-02-23T13:26:40","modified_gmt":"2026-02-23T13:26:40","slug":"dr-beckmann-universalais-tirisanas-akmens-550g","status":"publish","type":"product","link":"https:\/\/myliusvara.lt\/lv\/virtuves-kopsanas-lidzekli\/dr-beckmann-universalais-tirisanas-akmens-550g\/","title":{"rendered":"Dr. Beckmann Univers\u0101ls t\u012br\u012b\u0161anas akmens 550g"},"content":{"rendered":"<p>Ra\u017eot\u0101js:<strong> Dr. Beckmann<\/strong><br \/>\nProdukta nosaukums: <strong>Dr. Beckmann Univers\u0101ls t\u012br\u012b\u0161anas akmens 550g<\/strong><br \/>\nVai pieejams p\u0101rdo\u0161an\u0101: <strong>J\u0101<\/strong><\/p>\n<p>T\u012br\u012b\u0161anas akmens. Vienlaikus t\u012bra, pul\u0113 un aizsarg\u0101 virtuves un vannas izlietnes, pl\u012b\u0161u virsmas (ieskaitot stikla keramikas), katlus, pannas, virtuves m\u0113beles, darba virsmas, cepe\u0161kr\u0101snis, to durvis un stiklus, cepe\u0161podus. Efekt\u012bvi no\u0146em pat iesak\u0146oju\u0161os net\u012brumus. Ra\u017eots V\u0101cij\u0101.<\/p>\n","protected":false},"excerpt":{"rendered":"<p>Ra\u017eot\u0101js: Dr. Beckmann Produkta nosaukums: Dr. Beckmann Univers\u0101ls t\u012br\u012b\u0161anas akmens 550g Vai pieejams p\u0101rdo\u0161an\u0101: J\u0101 T\u012br\u012b\u0161anas akmens. Vienlaikus t\u012bra, pul\u0113 un aizsarg\u0101 virtuves un vannas izlietnes, pl\u012b\u0161u virsmas (ieskaitot stikla keramikas), katlus, pannas, virtuves m\u0113beles, darba virsmas, cepe\u0161kr\u0101snis, to durvis un stiklus, cepe\u0161podus. Efekt\u012bvi no\u0146em pat iesak\u0146oju\u0161os net\u012brumus. Ra\u017eots V\u0101cij\u0101.<\/p>\n","protected":false},"featured_media":3017,"comment_status":"open","ping_status":"closed","template":"","meta":[],"product_brand":[64],"product_cat":[151,152],"product_tag":[],"class_list":{"0":"post-3130","1":"product","2":"type-product","3":"status-publish","4":"has-post-thumbnail","6":"product_brand-dr-beckmann","7":"product_cat-vannas-istabas-tualetes-kanalizacijas-tirisanas-lidzekli","8":"product_cat-virtuves-kopsanas-lidzekli","10":"first","11":"instock","12":"shipping-taxable","13":"purchasable","14":"product-type-simple"},"_links":{"self":[{"href":"https:\/\/myliusvara.lt\/lv\/wp-json\/wp\/v2\/product\/3130","targetHints":{"allow":["GET"]}}],"collection":[{"href":"https:\/\/myliusvara.lt\/lv\/wp-json\/wp\/v2\/product"}],"about":[{"href":"https:\/\/myliusvara.lt\/lv\/wp-json\/wp\/v2\/types\/product"}],"replies":[{"embeddable":true,"href":"https:\/\/myliusvara.lt\/lv\/wp-json\/wp\/v2\/comments?post=3130"}],"wp:featuredmedia":[{"embeddable":true,"href":"https:\/\/myliusvara.lt\/lv\/wp-json\/wp\/v2\/media\/3017"}],"wp:attachment":[{"href":"https:\/\/myliusvara.lt\/lv\/wp-json\/wp\/v2\/media?parent=3130"}],"wp:term":[{"taxonomy":"product_brand","embeddable":true,"href":"https:\/\/myliusvara.lt\/lv\/wp-json\/wp\/v2\/product_brand?post=3130"},{"taxonomy":"product_cat","embeddable":true,"href":"https:\/\/myliusvara.lt\/lv\/wp-json\/wp\/v2\/product_cat?post=3130"},{"taxonomy":"product_tag","embeddable":true,"href":"https:\/\/myliusvara.lt\/lv\/wp-json\/wp\/v2\/product_tag?post=3130"}],"curies":[{"name":"wp","href":"https:\/\/api.w.org\/{rel}","templated":true}]}}