{"id":3129,"date":"2025-04-13T10:44:42","date_gmt":"2025-04-13T10:44:42","guid":{"rendered":"https:\/\/myliusvara.lt\/produktas\/frosch-velas-mazgasanas-lidzeklis-ar-granatabolu-ekstraktu-1500ml\/"},"modified":"2026-02-23T13:26:40","modified_gmt":"2026-02-23T13:26:40","slug":"frosch-velas-mazgasanas-lidzeklis-ar-granatabolu-ekstraktu-1500ml","status":"publish","type":"product","link":"https:\/\/myliusvara.lt\/lv\/ekomarkejums\/frosch-velas-mazgasanas-lidzeklis-ar-granatabolu-ekstraktu-1500ml\/","title":{"rendered":"Frosch Mazg\u0101\u0161anas l\u012bdzeklis ar Gran\u0101t\u0101bolu (kr\u0101sainajiem) 1,5l"},"content":{"rendered":"<p>Ra\u017eot\u0101js: <strong>Frosch<\/strong><br \/>\nProdukta nosaukums: <strong>Frosch mazg\u0101\u0161anas l\u012bdzeklis ar gran\u0101t\u0101bolu ekstraktu 1500ml<\/strong><br \/>\nVai pieejams p\u0101rdo\u0161an\u0101: <strong>J\u0101<\/strong><\/p>\n<p>Piem\u0113rots visiem kr\u0101sainajiem audumiem, iz\u0146emot vilnu un z\u012bdu. Produkta sast\u0101v\u0101 ir gran\u0101t\u0101bolu ekstrakts, t\u0101p\u0113c auduma \u0161\u0137iedras nesabr\u016bk, ve\u013ca k\u013c\u016bst m\u012bksta, ap\u017eilbino\u0161i t\u012bra un pat\u012bkama valk\u0101t. Ilgsto\u0161a aizsardz\u012bba pret kr\u0101su izbal\u0113\u0161anu. Ra\u017eots V\u0101cij\u0101.<\/p>\n","protected":false},"excerpt":{"rendered":"<p>Ra\u017eot\u0101js: Frosch Produkta nosaukums: Frosch mazg\u0101\u0161anas l\u012bdzeklis ar gran\u0101t\u0101bolu ekstraktu 1500ml Vai pieejams p\u0101rdo\u0161an\u0101: J\u0101 Piem\u0113rots visiem kr\u0101sainajiem audumiem, iz\u0146emot vilnu un z\u012bdu. Produkta sast\u0101v\u0101 ir gran\u0101t\u0101bolu ekstrakts, t\u0101p\u0113c auduma \u0161\u0137iedras nesabr\u016bk, ve\u013ca k\u013c\u016bst m\u012bksta, ap\u017eilbino\u0161i t\u012bra un pat\u012bkama valk\u0101t. Ilgsto\u0161a aizsardz\u012bba pret kr\u0101su izbal\u0113\u0161anu. Ra\u017eots V\u0101cij\u0101.<\/p>\n","protected":false},"featured_media":3023,"comment_status":"open","ping_status":"closed","template":"","meta":[],"product_brand":[63],"product_cat":[150,149],"product_tag":[],"class_list":{"0":"post-3129","1":"product","2":"type-product","3":"status-publish","4":"has-post-thumbnail","6":"product_brand-frosch","7":"product_cat-ekomarkejums","8":"product_cat-mazgasanas-un-skalosanas-lidzekli","10":"first","11":"instock","12":"shipping-taxable","13":"purchasable","14":"product-type-simple"},"_links":{"self":[{"href":"https:\/\/myliusvara.lt\/lv\/wp-json\/wp\/v2\/product\/3129","targetHints":{"allow":["GET"]}}],"collection":[{"href":"https:\/\/myliusvara.lt\/lv\/wp-json\/wp\/v2\/product"}],"about":[{"href":"https:\/\/myliusvara.lt\/lv\/wp-json\/wp\/v2\/types\/product"}],"replies":[{"embeddable":true,"href":"https:\/\/myliusvara.lt\/lv\/wp-json\/wp\/v2\/comments?post=3129"}],"wp:featuredmedia":[{"embeddable":true,"href":"https:\/\/myliusvara.lt\/lv\/wp-json\/wp\/v2\/media\/3023"}],"wp:attachment":[{"href":"https:\/\/myliusvara.lt\/lv\/wp-json\/wp\/v2\/media?parent=3129"}],"wp:term":[{"taxonomy":"product_brand","embeddable":true,"href":"https:\/\/myliusvara.lt\/lv\/wp-json\/wp\/v2\/product_brand?post=3129"},{"taxonomy":"product_cat","embeddable":true,"href":"https:\/\/myliusvara.lt\/lv\/wp-json\/wp\/v2\/product_cat?post=3129"},{"taxonomy":"product_tag","embeddable":true,"href":"https:\/\/myliusvara.lt\/lv\/wp-json\/wp\/v2\/product_tag?post=3129"}],"curies":[{"name":"wp","href":"https:\/\/api.w.org\/{rel}","templated":true}]}}