{"id":3122,"date":"2025-04-13T10:52:03","date_gmt":"2025-04-13T10:52:03","guid":{"rendered":"https:\/\/myliusvara.lt\/produktas\/frosch-maigs-mazgasanas-lidzeklis-vilnai-un-jutigiem-audumiem-1500ml\/"},"modified":"2026-02-23T13:26:39","modified_gmt":"2026-02-23T13:26:39","slug":"frosch-maigs-mazgasanas-lidzeklis-vilnai-un-jutigiem-audumiem-1500ml","status":"publish","type":"product","link":"https:\/\/myliusvara.lt\/lv\/mazgasanas-un-skalosanas-lidzekli\/frosch-maigs-mazgasanas-lidzeklis-vilnai-un-jutigiem-audumiem-1500ml\/","title":{"rendered":"Frosch Maigs vilnas un jut\u012bgu audumu mazg\u0101\u0161anas l\u012bdzeklis 1,5l"},"content":{"rendered":"<p>Ra\u017eot\u0101js: <strong>Frosch<\/strong><br \/>\nProdukta nosaukums: <strong>Frosch maigs vilnas un jut\u012bgu audumu mazg\u0101\u0161anas l\u012bdzeklis 1500ml<\/strong><br \/>\nVai pieejams p\u0101rdo\u0161an\u0101: <strong>J\u0101<\/strong><\/p>\n<p>Maigs mazg\u0101\u0161anas l\u012bdzeklis \u0161\u0137iedr\u0101m no 20\u00b0C l\u012bdz 60\u00b0C. Piem\u0113rots vilnai, z\u012bdam, viskozes \u0161\u0137iedrai, elast\u0101nam un sint\u0113tiskiem materi\u0101liem, k\u0101 ar\u012b p\u016bku kop\u0161anai. Formula ar mandel\u0113m maigi t\u012bra un kopj audumu \u0161\u0137iedras. Bez balin\u0101t\u0101ja, optiskiem balin\u0101t\u0101jiem un fosforesc\u0113jo\u0161\u0101m viel\u0101m. Dermato\u0123iski test\u0113ts. Ra\u017eots V\u0101cij\u0101.<\/p>\n","protected":false},"excerpt":{"rendered":"<p>Ra\u017eot\u0101js: Frosch Produkta nosaukums: Frosch maigs vilnas un jut\u012bgu audumu mazg\u0101\u0161anas l\u012bdzeklis 1500ml Vai pieejams p\u0101rdo\u0161an\u0101: J\u0101 Maigs mazg\u0101\u0161anas l\u012bdzeklis \u0161\u0137iedr\u0101m no 20\u00b0C l\u012bdz 60\u00b0C. Piem\u0113rots vilnai, z\u012bdam, viskozes \u0161\u0137iedrai, elast\u0101nam un sint\u0113tiskiem materi\u0101liem, k\u0101 ar\u012b p\u016bku kop\u0161anai. Formula ar mandel\u0113m maigi t\u012bra un kopj audumu \u0161\u0137iedras. Bez balin\u0101t\u0101ja, optiskiem balin\u0101t\u0101jiem un fosforesc\u0113jo\u0161\u0101m viel\u0101m. Dermato\u0123iski<\/p>\n<div class=\"klb-readmore\"><a class=\"c-btn\" href=\"https:\/\/myliusvara.lt\/lv\/mazgasanas-un-skalosanas-lidzekli\/frosch-maigs-mazgasanas-lidzeklis-vilnai-un-jutigiem-audumiem-1500ml\/\">Read More <i class=\"far fa-plus\"><\/i><\/a><\/div>\n","protected":false},"featured_media":3032,"comment_status":"open","ping_status":"closed","template":"","meta":[],"product_brand":[63],"product_cat":[149],"product_tag":[],"class_list":{"0":"post-3122","1":"product","2":"type-product","3":"status-publish","4":"has-post-thumbnail","6":"product_brand-frosch","7":"product_cat-mazgasanas-un-skalosanas-lidzekli","9":"first","10":"instock","11":"shipping-taxable","12":"purchasable","13":"product-type-simple"},"_links":{"self":[{"href":"https:\/\/myliusvara.lt\/lv\/wp-json\/wp\/v2\/product\/3122","targetHints":{"allow":["GET"]}}],"collection":[{"href":"https:\/\/myliusvara.lt\/lv\/wp-json\/wp\/v2\/product"}],"about":[{"href":"https:\/\/myliusvara.lt\/lv\/wp-json\/wp\/v2\/types\/product"}],"replies":[{"embeddable":true,"href":"https:\/\/myliusvara.lt\/lv\/wp-json\/wp\/v2\/comments?post=3122"}],"wp:featuredmedia":[{"embeddable":true,"href":"https:\/\/myliusvara.lt\/lv\/wp-json\/wp\/v2\/media\/3032"}],"wp:attachment":[{"href":"https:\/\/myliusvara.lt\/lv\/wp-json\/wp\/v2\/media?parent=3122"}],"wp:term":[{"taxonomy":"product_brand","embeddable":true,"href":"https:\/\/myliusvara.lt\/lv\/wp-json\/wp\/v2\/product_brand?post=3122"},{"taxonomy":"product_cat","embeddable":true,"href":"https:\/\/myliusvara.lt\/lv\/wp-json\/wp\/v2\/product_cat?post=3122"},{"taxonomy":"product_tag","embeddable":true,"href":"https:\/\/myliusvara.lt\/lv\/wp-json\/wp\/v2\/product_tag?post=3122"}],"curies":[{"name":"wp","href":"https:\/\/api.w.org\/{rel}","templated":true}]}}