{"id":3097,"date":"2020-10-04T18:05:07","date_gmt":"2020-10-04T18:05:07","guid":{"rendered":"https:\/\/myliusvara.lt\/sazinieties-ar\/"},"modified":"2025-05-22T13:54:07","modified_gmt":"2025-05-22T13:54:07","slug":"sazinieties-ar","status":"publish","type":"page","link":"https:\/\/myliusvara.lt\/lv\/sazinieties-ar\/","title":{"rendered":"Sazinieties ar"},"content":{"rendered":"\t\t<div data-elementor-type=\"wp-page\" data-elementor-id=\"3097\" class=\"elementor elementor-3097 elementor-261\" data-elementor-post-type=\"page\">\n\t\t\t\t\t\t<section class=\"elementor-section elementor-top-section elementor-element elementor-element-38d37d5 elementor-section-full_width elementor-section-height-default elementor-section-height-default\" data-id=\"38d37d5\" data-element_type=\"section\" data-e-type=\"section\">\n\t\t\t\t\t\t<div class=\"elementor-container elementor-column-gap-no\">\n\t\t\t\t\t<div class=\"elementor-column elementor-col-100 elementor-top-column elementor-element elementor-element-12e2885\" data-id=\"12e2885\" data-element_type=\"column\" data-e-type=\"column\">\n\t\t\t<div class=\"elementor-widget-wrap elementor-element-populated\">\n\t\t\t\t\t\t<div class=\"elementor-element elementor-element-9567197 elementor-widget elementor-widget-medibazar-breadcrumb\" data-id=\"9567197\" data-element_type=\"widget\" data-e-type=\"widget\" data-widget_type=\"medibazar-breadcrumb.default\">\n\t\t\t\t<div class=\"elementor-widget-container\">\n\t\t\t\t\t<div class=\"breadcrumb-area pt-125 pb-125\" style=\"background-image:url(http:\/\/myliusvara.lt\/wp-content\/uploads\/2025\/03\/21780.jpg)\"><div class=\"container\"><div class=\"klb-breadcrumb-wrapper\"><div class=\"row\"><div class=\"col-xl-12\"><div class=\"breadcrumb-text\"><h1>Sazinieties ar<\/h1><\/div><\/div><ul class=\"breadcrumb-menu\"><li><a  href=\"https:\/\/myliusvara.lt\/lv\/\" title=\"S\u0101kums\" rel=\"bookmark\">S\u0101kums<\/a> <\/li>  <\/ul><\/div><\/div><\/div><\/div>\t\t\t\t<\/div>\n\t\t\t\t<\/div>\n\t\t\t\t\t<\/div>\n\t\t<\/div>\n\t\t\t\t\t<\/div>\n\t\t<\/section>\n\t\t<div class=\"elementor-element elementor-element-8d81d38 e-flex e-con-boxed e-con e-parent\" data-id=\"8d81d38\" data-element_type=\"container\" data-e-type=\"container\">\n\t\t\t\t\t<div class=\"e-con-inner\">\n\t\t<div class=\"elementor-element elementor-element-94b55d5 e-con-full e-flex e-con e-child\" data-id=\"94b55d5\" data-element_type=\"container\" data-e-type=\"container\">\n\t\t\t\t<div class=\"elementor-element elementor-element-c315a3b elementor-widget elementor-widget-medibazar-contact-list\" data-id=\"c315a3b\" data-element_type=\"widget\" data-e-type=\"widget\" data-widget_type=\"medibazar-contact-list.default\">\n\t\t\t\t<div class=\"elementor-widget-container\">\n\t\t\t\t\t<div class=\"contact-address-wrapper\"><div class=\"section-title mb-30\"><h2>Sazinieties ar<\/h2><p><\/p><\/div><ul class=\"contact-address-link\"><li><div class=\"contact-address-icon f-left mr-25\"><\/div><div class=\"contact-address-text\"><span>MB &quot;BRIEDIS GIRIOJ&quot;<\/span><h4>Uz\u0146\u0113muma kods 303423460<br>\nBankas konts:\nLT10 7044 0600 0799 4561<br>\nBankas nosaukums: AB SEB banka<\/h4><\/div><\/li><li><div class=\"contact-address-icon f-left mr-25\"><i class=\"far fa-map-marked-alt\"><\/i><\/div><div class=\"contact-address-text\"><span>Adrese<\/span><h4>\nV. Kudirkos g. 22,\nLT-01113, Vilnius.<\/h4><\/div><\/li><li><div class=\"contact-address-icon f-left mr-25\"><i class=\"far fa-phone\"><\/i><\/div><div class=\"contact-address-text\"><span>t\u0101lrunis<\/span><h4><a href=\"tel:+37066079790\">+370 660 79790<\/a>\n<\/h4><\/div><\/li><li><div class=\"contact-address-icon f-left mr-25\"><i class=\"far fa-envelope-open\"><\/i><\/div><div class=\"contact-address-text\"><span>e-pastu<\/span><h4><a href=\"mailto:info@myliusvara.lt\">info@myliusvara.lt<\/a>\n<\/h4><\/div><\/li><\/ul><\/div>\t\t\t\t<\/div>\n\t\t\t\t<\/div>\n\t\t\t\t<\/div>\n\t\t<div class=\"elementor-element elementor-element-4b75803 e-con-full e-flex e-con e-child\" data-id=\"4b75803\" data-element_type=\"container\" data-e-type=\"container\" data-settings=\"{&quot;background_background&quot;:&quot;classic&quot;}\">\n\t\t\t\t<div class=\"elementor-element elementor-element-c892888 elementor-widget elementor-widget-heading\" data-id=\"c892888\" data-element_type=\"widget\" data-e-type=\"widget\" data-widget_type=\"heading.default\">\n\t\t\t\t<div class=\"elementor-widget-container\">\n\t\t\t\t\t<h2 class=\"elementor-heading-title elementor-size-default\">Rakstiet mums<\/h2>\t\t\t\t<\/div>\n\t\t\t\t<\/div>\n\t\t\t\t<div class=\"elementor-element elementor-element-87c8bc0 elementor-button-align-start elementor-widget elementor-widget-form\" data-id=\"87c8bc0\" data-element_type=\"widget\" data-e-type=\"widget\" data-settings=\"{&quot;step_next_label&quot;:&quot;N\\u0101kamais&quot;,&quot;step_previous_label&quot;:&quot;Iepriek\\u0161\\u0113jais&quot;,&quot;button_width&quot;:&quot;100&quot;,&quot;step_type&quot;:&quot;number_text&quot;,&quot;step_icon_shape&quot;:&quot;circle&quot;}\" data-widget_type=\"form.default\">\n\t\t\t\t<div class=\"elementor-widget-container\">\n\t\t\t\t\t\t\t<form class=\"elementor-form\" method=\"post\" name=\"Jauna veidlapa\" aria-label=\"Jauna veidlapa\">\n\t\t\t<input type=\"hidden\" name=\"post_id\" value=\"3097\"\/>\n\t\t\t<input type=\"hidden\" name=\"form_id\" value=\"87c8bc0\"\/>\n\t\t\t<input type=\"hidden\" name=\"referer_title\" value=\"Sazinieties ar - Es m\u012blu \u0160var\u0105\" \/>\n\n\t\t\t\t\t\t\t<input type=\"hidden\" name=\"queried_id\" value=\"3097\"\/>\n\t\t\t\n\t\t\t<div class=\"elementor-form-fields-wrapper elementor-labels-above\">\n\t\t\t\t\t\t\t\t<div class=\"elementor-field-type-text elementor-field-group elementor-column elementor-field-group-name elementor-col-100\">\n\t\t\t\t\t\t\t\t\t\t\t\t<label for=\"form-field-name\" class=\"elementor-field-label\">\n\t\t\t\t\t\t\t\tV\u0101rds Uzv\u0101rds\t\t\t\t\t\t\t<\/label>\n\t\t\t\t\t\t\t\t\t\t\t\t\t\t<input size=\"1\" type=\"text\" name=\"form_fields[name]\" id=\"form-field-name\" class=\"elementor-field elementor-size-sm  elementor-field-textual\" placeholder=\"V\u0101rds Uzv\u0101rds\">\n\t\t\t\t\t\t\t\t\t\t\t<\/div>\n\t\t\t\t\t\t\t\t<div class=\"elementor-field-type-email elementor-field-group elementor-column elementor-field-group-email elementor-col-50 elementor-field-required\">\n\t\t\t\t\t\t\t\t\t\t\t\t<label for=\"form-field-email\" class=\"elementor-field-label\">\n\t\t\t\t\t\t\t\tE-pasts\t\t\t\t\t\t\t<\/label>\n\t\t\t\t\t\t\t\t\t\t\t\t\t\t<input size=\"1\" type=\"email\" name=\"form_fields[email]\" id=\"form-field-email\" class=\"elementor-field elementor-size-sm  elementor-field-textual\" placeholder=\"E-pasts\" required=\"required\">\n\t\t\t\t\t\t\t\t\t\t\t<\/div>\n\t\t\t\t\t\t\t\t<div class=\"elementor-field-type-tel elementor-field-group elementor-column elementor-field-group-field_f8f2c0a elementor-col-50 elementor-field-required\">\n\t\t\t\t\t\t\t\t\t\t\t\t<label for=\"form-field-field_f8f2c0a\" class=\"elementor-field-label\">\n\t\t\t\t\t\t\t\tT\u0101lrunis\t\t\t\t\t\t\t<\/label>\n\t\t\t\t\t\t\t\t<input size=\"1\" type=\"tel\" name=\"form_fields[field_f8f2c0a]\" id=\"form-field-field_f8f2c0a\" class=\"elementor-field elementor-size-sm  elementor-field-textual\" placeholder=\"T\u0101lrunis\" required=\"required\" pattern=\"[0-9()#&amp;+*-=.]+\" title=\"Tiek pie\u0146emti tikai skait\u013ci un t\u0101lru\u0146a z\u012bmes (#, -, * u.c.).\">\n\n\t\t\t\t\t\t<\/div>\n\t\t\t\t\t\t\t\t<div class=\"elementor-field-type-textarea elementor-field-group elementor-column elementor-field-group-message elementor-col-100\">\n\t\t\t\t\t\t\t\t\t\t\t\t<label for=\"form-field-message\" class=\"elementor-field-label\">\n\t\t\t\t\t\t\t\tJ\u016bsu piepras\u012bjums\t\t\t\t\t\t\t<\/label>\n\t\t\t\t\t\t<textarea class=\"elementor-field-textual elementor-field  elementor-size-sm\" name=\"form_fields[message]\" id=\"form-field-message\" rows=\"4\" placeholder=\"J\u016bsu piepras\u012bjums\"><\/textarea>\t\t\t\t<\/div>\n\t\t\t\t\t\t\t\t<div class=\"elementor-field-group elementor-column elementor-field-type-submit elementor-col-100 e-form__buttons\">\n\t\t\t\t\t<button class=\"elementor-button elementor-size-lg\" type=\"submit\">\n\t\t\t\t\t\t<span class=\"elementor-button-content-wrapper\">\n\t\t\t\t\t\t\t\t\t\t\t\t\t\t\t\t\t\t\t\t\t\t<span class=\"elementor-button-text\">Nos\u016bt\u012bt piepras\u012bjumu<\/span>\n\t\t\t\t\t\t\t\t\t\t\t\t\t<\/span>\n\t\t\t\t\t<\/button>\n\t\t\t\t<\/div>\n\t\t\t<\/div>\n\t\t<\/form>\n\t\t\t\t\t\t<\/div>\n\t\t\t\t<\/div>\n\t\t\t\t<\/div>\n\t\t\t\t\t<\/div>\n\t\t\t\t<\/div>\n\t\t\t\t<\/div>\n\t\t","protected":false},"excerpt":{"rendered":"<p>Sazinieties ar Prad\u017eia Sazinieties ar MB &quot;BRIEDIS GIRIOJ&quot; Uz\u0146\u0113muma kods 303423460 Bankas konts: LT10 7044 0600 0799 4561 Bankas nosaukums: AB SEB banka Adrese V. Kudirkos g. 22, LT-01113, Vilnius. t\u0101lrunis +370 660 79790 e-pastu info@myliusvara.lt Rakstiet mums<\/p>\n","protected":false},"author":5783,"featured_media":0,"parent":0,"menu_order":0,"comment_status":"closed","ping_status":"closed","template":"","meta":{"footnotes":""},"class_list":["post-3097","page","type-page","status-publish","hentry"],"_links":{"self":[{"href":"https:\/\/myliusvara.lt\/lv\/wp-json\/wp\/v2\/pages\/3097","targetHints":{"allow":["GET"]}}],"collection":[{"href":"https:\/\/myliusvara.lt\/lv\/wp-json\/wp\/v2\/pages"}],"about":[{"href":"https:\/\/myliusvara.lt\/lv\/wp-json\/wp\/v2\/types\/page"}],"author":[{"embeddable":true,"href":"https:\/\/myliusvara.lt\/lv\/wp-json\/wp\/v2\/users\/5783"}],"replies":[{"embeddable":true,"href":"https:\/\/myliusvara.lt\/lv\/wp-json\/wp\/v2\/comments?post=3097"}],"version-history":[{"count":4,"href":"https:\/\/myliusvara.lt\/lv\/wp-json\/wp\/v2\/pages\/3097\/revisions"}],"predecessor-version":[{"id":3310,"href":"https:\/\/myliusvara.lt\/lv\/wp-json\/wp\/v2\/pages\/3097\/revisions\/3310"}],"wp:attachment":[{"href":"https:\/\/myliusvara.lt\/lv\/wp-json\/wp\/v2\/media?parent=3097"}],"curies":[{"name":"wp","href":"https:\/\/api.w.org\/{rel}","templated":true}]}}