{"id":4259,"date":"2026-01-19T13:38:21","date_gmt":"2026-01-19T13:38:21","guid":{"rendered":"https:\/\/myliusvara.lt\/uncategorized\/dr-beckmann-coffee-machine-cleaning-tablets-6-pcs\/"},"modified":"2026-02-23T13:26:18","modified_gmt":"2026-02-23T13:26:18","slug":"dr-beckmann-coffee-machine-cleaning-tablets-6-pcs","status":"publish","type":"product","link":"https:\/\/myliusvara.lt\/en\/kitchen-care-products\/dr-beckmann-coffee-machine-cleaning-tablets-6-pcs\/","title":{"rendered":"Dr. Beckmann Kafijas apar\u0101tu t\u012br\u012b\u0161anas tabletes 6gab."},"content":{"rendered":"<p>Z\u012bmols:<strong> Dr. Beckmann<\/strong><br \/>\nProdukta nosaukums: <strong>Dr. Beckmann Kafijas apar\u0101tu t\u012br\u012b\u0161anas tabletes 6gab.<\/strong><br \/>\nVai pieejams p\u0101rdo\u0161an\u0101: <strong>J\u0101<\/strong><\/p>\n<p>No\u0146em kafijas taukus un kafijas e\u013c\u013cu atlikumus. Uzticama aizsardz\u012bba un kop\u0161ana j\u016bsu ier\u012bcei. Ar akt\u012bvo sk\u0101bekli. Lieto\u0161ana: ievietojiet tableti kafijas apar\u0101t\u0101 un palaidiet t\u012br\u012b\u0161anas programmu saska\u0146\u0101 ar ra\u017eot\u0101ja nor\u0101d\u012bjumiem. Ra\u017eots V\u0101cij\u0101.<\/p>\n","protected":false},"excerpt":{"rendered":"<p>Z\u012bmols: Dr. Beckmann Produkta nosaukums: Dr. Beckmann Kafijas apar\u0101tu t\u012br\u012b\u0161anas tabletes 6gab. Vai pieejams p\u0101rdo\u0161an\u0101: J\u0101 No\u0146em kafijas taukus un kafijas e\u013c\u013cu atlikumus. Uzticama aizsardz\u012bba un kop\u0161ana j\u016bsu ier\u012bcei. Ar akt\u012bvo sk\u0101bekli. Lieto\u0161ana: ievietojiet tableti kafijas apar\u0101t\u0101 un palaidiet t\u012br\u012b\u0161anas programmu saska\u0146\u0101 ar ra\u017eot\u0101ja nor\u0101d\u012bjumiem. Ra\u017eots V\u0101cij\u0101.<\/p>\n","protected":false},"featured_media":3828,"comment_status":"open","ping_status":"closed","template":"","meta":[],"product_brand":[64],"product_cat":[154],"product_tag":[],"class_list":{"0":"post-4259","1":"product","2":"type-product","3":"status-publish","4":"has-post-thumbnail","6":"product_brand-dr-beckmann","7":"product_cat-kitchen-care-products","9":"first","10":"instock","11":"shipping-taxable","12":"purchasable","13":"product-type-simple"},"_links":{"self":[{"href":"https:\/\/myliusvara.lt\/en\/wp-json\/wp\/v2\/product\/4259","targetHints":{"allow":["GET"]}}],"collection":[{"href":"https:\/\/myliusvara.lt\/en\/wp-json\/wp\/v2\/product"}],"about":[{"href":"https:\/\/myliusvara.lt\/en\/wp-json\/wp\/v2\/types\/product"}],"replies":[{"embeddable":true,"href":"https:\/\/myliusvara.lt\/en\/wp-json\/wp\/v2\/comments?post=4259"}],"wp:featuredmedia":[{"embeddable":true,"href":"https:\/\/myliusvara.lt\/en\/wp-json\/wp\/v2\/media\/3828"}],"wp:attachment":[{"href":"https:\/\/myliusvara.lt\/en\/wp-json\/wp\/v2\/media?parent=4259"}],"wp:term":[{"taxonomy":"product_brand","embeddable":true,"href":"https:\/\/myliusvara.lt\/en\/wp-json\/wp\/v2\/product_brand?post=4259"},{"taxonomy":"product_cat","embeddable":true,"href":"https:\/\/myliusvara.lt\/en\/wp-json\/wp\/v2\/product_cat?post=4259"},{"taxonomy":"product_tag","embeddable":true,"href":"https:\/\/myliusvara.lt\/en\/wp-json\/wp\/v2\/product_tag?post=4259"}],"curies":[{"name":"wp","href":"https:\/\/api.w.org\/{rel}","templated":true}]}}