{"id":4258,"date":"2026-01-19T13:38:21","date_gmt":"2026-01-19T13:38:21","guid":{"rendered":"https:\/\/myliusvara.lt\/uncategorized\/dr-beckmann-intensive-wc-cleaning-foam-3x100g\/"},"modified":"2026-02-23T13:26:18","modified_gmt":"2026-02-23T13:26:18","slug":"dr-beckmann-intensive-wc-cleaning-foam-3x100g","status":"publish","type":"product","link":"https:\/\/myliusvara.lt\/en\/bathroom-toilet-and-drain-cleaners\/dr-beckmann-intensive-wc-cleaning-foam-3x100g\/","title":{"rendered":"Dr. Beckmann Intens\u012bv\u0101s WC t\u012br\u012b\u0161anas putas 3x100g"},"content":{"rendered":"<p>Z\u012bmols:<strong> Dr. Beckmann<\/strong><br \/>\nProdukta nosaukums: <strong>Dr. Beckmann Intens\u012bv\u0101s WC t\u012br\u012b\u0161anas putas 3x100g<\/strong><br \/>\nVai pieejams p\u0101rdo\u0161an\u0101: <strong>J\u0101<\/strong><\/p>\n<p>Intens\u012bv\u0101s WC t\u012br\u012b\u0161anas putas \u0101tri, viegli un r\u016bp\u012bgi izt\u012bra tualeti. Speci\u0101la ekspertu izstr\u0101d\u0101ta formula ar citronsk\u0101bi efekt\u012bvi no\u0146em ka\u013c\u0137akmens nogulsnes, ur\u012bna plankumus un net\u012brumus. Lieto\u0161ana: Ievietojiet kapsulu WC skalojuma rezervu\u0101r\u0101 un \u013caujiet tai iz\u0161\u0137\u012bst. Ra\u017eots V\u0101cij\u0101.<\/p>\n","protected":false},"excerpt":{"rendered":"<p>Z\u012bmols: Dr. Beckmann Produkta nosaukums: Dr. Beckmann Intens\u012bv\u0101s WC t\u012br\u012b\u0161anas putas 3x100g Vai pieejams p\u0101rdo\u0161an\u0101: J\u0101 Intens\u012bv\u0101s WC t\u012br\u012b\u0161anas putas \u0101tri, viegli un r\u016bp\u012bgi izt\u012bra tualeti. Speci\u0101la ekspertu izstr\u0101d\u0101ta formula ar citronsk\u0101bi efekt\u012bvi no\u0146em ka\u013c\u0137akmens nogulsnes, ur\u012bna plankumus un net\u012brumus. Lieto\u0161ana: Ievietojiet kapsulu WC skalojuma rezervu\u0101r\u0101 un \u013caujiet tai iz\u0161\u0137\u012bst. Ra\u017eots V\u0101cij\u0101.<\/p>\n","protected":false},"featured_media":3822,"comment_status":"open","ping_status":"closed","template":"","meta":[],"product_brand":[64],"product_cat":[153],"product_tag":[],"class_list":{"0":"post-4258","1":"product","2":"type-product","3":"status-publish","4":"has-post-thumbnail","6":"product_brand-dr-beckmann","7":"product_cat-bathroom-toilet-and-drain-cleaners","9":"first","10":"instock","11":"shipping-taxable","12":"purchasable","13":"product-type-simple"},"_links":{"self":[{"href":"https:\/\/myliusvara.lt\/en\/wp-json\/wp\/v2\/product\/4258","targetHints":{"allow":["GET"]}}],"collection":[{"href":"https:\/\/myliusvara.lt\/en\/wp-json\/wp\/v2\/product"}],"about":[{"href":"https:\/\/myliusvara.lt\/en\/wp-json\/wp\/v2\/types\/product"}],"replies":[{"embeddable":true,"href":"https:\/\/myliusvara.lt\/en\/wp-json\/wp\/v2\/comments?post=4258"}],"wp:featuredmedia":[{"embeddable":true,"href":"https:\/\/myliusvara.lt\/en\/wp-json\/wp\/v2\/media\/3822"}],"wp:attachment":[{"href":"https:\/\/myliusvara.lt\/en\/wp-json\/wp\/v2\/media?parent=4258"}],"wp:term":[{"taxonomy":"product_brand","embeddable":true,"href":"https:\/\/myliusvara.lt\/en\/wp-json\/wp\/v2\/product_brand?post=4258"},{"taxonomy":"product_cat","embeddable":true,"href":"https:\/\/myliusvara.lt\/en\/wp-json\/wp\/v2\/product_cat?post=4258"},{"taxonomy":"product_tag","embeddable":true,"href":"https:\/\/myliusvara.lt\/en\/wp-json\/wp\/v2\/product_tag?post=4258"}],"curies":[{"name":"wp","href":"https:\/\/api.w.org\/{rel}","templated":true}]}}