{"id":4250,"date":"2026-01-16T13:51:11","date_gmt":"2026-01-16T13:51:11","guid":{"rendered":"https:\/\/myliusvara.lt\/uncategorized\/dr-beckmann-stain-remover-office-and-diy-50ml\/"},"modified":"2026-02-23T13:26:22","modified_gmt":"2026-02-23T13:26:22","slug":"dr-beckmann-stain-remover-office-and-diy-50ml","status":"publish","type":"product","link":"https:\/\/myliusvara.lt\/en\/stain-removers\/dr-beckmann-stain-remover-office-and-diy-50ml\/","title":{"rendered":"Dr. Beckmann Traipu t\u012br\u012bt\u0101js Birojs un DIY 50ml"},"content":{"rendered":"<p>Dr. Beckmann traipu t\u012br\u012bt\u0101js &#8220;Birojs un dari pats&#8221; ir speci\u0101li izstr\u0101d\u0101ts sare\u017e\u0123\u012btiem, gr\u016bti no\u0146emamiem traipiem, kas rodas biroj\u0101 vai veicot da\u017e\u0101dus dari pats darbus. \u0160is l\u012bdzeklis efekt\u012bvi no\u0146em ko\u0161\u013c\u0101jam\u0101s gumijas atlikumus, da\u017e\u0101da veida kr\u0101sas, piem\u0113ram, akrilkr\u0101sas, sienu kr\u0101sas. Lieto\u0161ana: Uzkl\u0101jiet uz traipa un mazg\u0101jiet. Ra\u017eots V\u0101cij\u0101.<\/p>\n","protected":false},"excerpt":{"rendered":"<p>Dr. Beckmann traipu t\u012br\u012bt\u0101js &#8220;Birojs un dari pats&#8221; ir speci\u0101li izstr\u0101d\u0101ts sare\u017e\u0123\u012btiem, gr\u016bti no\u0146emamiem traipiem, kas rodas biroj\u0101 vai veicot da\u017e\u0101dus dari pats darbus. \u0160is l\u012bdzeklis efekt\u012bvi no\u0146em ko\u0161\u013c\u0101jam\u0101s gumijas atlikumus, da\u017e\u0101da veida kr\u0101sas, piem\u0113ram, akrilkr\u0101sas, sienu kr\u0101sas. Lieto\u0161ana: Uzkl\u0101jiet uz traipa un mazg\u0101jiet. Ra\u017eots V\u0101cij\u0101.<\/p>\n","protected":false},"featured_media":3798,"comment_status":"open","ping_status":"closed","template":"","meta":[],"product_brand":[64],"product_cat":[169],"product_tag":[],"class_list":{"0":"post-4250","1":"product","2":"type-product","3":"status-publish","4":"has-post-thumbnail","6":"product_brand-dr-beckmann","7":"product_cat-stain-removers","9":"first","10":"instock","11":"shipping-taxable","12":"purchasable","13":"product-type-simple"},"_links":{"self":[{"href":"https:\/\/myliusvara.lt\/en\/wp-json\/wp\/v2\/product\/4250","targetHints":{"allow":["GET"]}}],"collection":[{"href":"https:\/\/myliusvara.lt\/en\/wp-json\/wp\/v2\/product"}],"about":[{"href":"https:\/\/myliusvara.lt\/en\/wp-json\/wp\/v2\/types\/product"}],"replies":[{"embeddable":true,"href":"https:\/\/myliusvara.lt\/en\/wp-json\/wp\/v2\/comments?post=4250"}],"wp:featuredmedia":[{"embeddable":true,"href":"https:\/\/myliusvara.lt\/en\/wp-json\/wp\/v2\/media\/3798"}],"wp:attachment":[{"href":"https:\/\/myliusvara.lt\/en\/wp-json\/wp\/v2\/media?parent=4250"}],"wp:term":[{"taxonomy":"product_brand","embeddable":true,"href":"https:\/\/myliusvara.lt\/en\/wp-json\/wp\/v2\/product_brand?post=4250"},{"taxonomy":"product_cat","embeddable":true,"href":"https:\/\/myliusvara.lt\/en\/wp-json\/wp\/v2\/product_cat?post=4250"},{"taxonomy":"product_tag","embeddable":true,"href":"https:\/\/myliusvara.lt\/en\/wp-json\/wp\/v2\/product_tag?post=4250"}],"curies":[{"name":"wp","href":"https:\/\/api.w.org\/{rel}","templated":true}]}}