{"id":4249,"date":"2026-01-16T13:53:38","date_gmt":"2026-01-16T13:53:38","guid":{"rendered":"https:\/\/myliusvara.lt\/uncategorized\/dr-beckmann-stain-remover-lubricants-and-oils-50ml\/"},"modified":"2026-02-23T13:26:22","modified_gmt":"2026-02-23T13:26:22","slug":"dr-beckmann-stain-remover-lubricants-and-oils-50ml","status":"publish","type":"product","link":"https:\/\/myliusvara.lt\/en\/stain-removers\/dr-beckmann-stain-remover-lubricants-and-oils-50ml\/","title":{"rendered":"Dr. Beckmann Traipu t\u012br\u012bt\u0101js E\u013c\u013cas un Sm\u0113rvielas 50ml"},"content":{"rendered":"<p>Dr. Beckmann traipu t\u012br\u012bt\u0101js E\u013c\u013cas un sm\u0113rvielas ir speci\u0101li izstr\u0101d\u0101ts gr\u016bti no\u0146emamu taukainu traipu no\u0146em\u0161anai. L\u012bdzeklis efekt\u012bvi no\u0146em da\u017e\u0101du veidu sm\u0113rvielu un e\u013c\u013cu traipus, piem\u0113ram, motore\u013c\u013cu, r\u016bpniecisk\u0101s un sadz\u012bves instrumentu sm\u0113rvielas, velosip\u0113da un motocikla sm\u0113rvielas, benz\u012bna un degvielas traipus. Lieto\u0161ana: Uzkl\u0101jiet uz traipa un mazg\u0101jiet. Ra\u017eots V\u0101cij\u0101.<\/p>\n","protected":false},"excerpt":{"rendered":"<p>Dr. Beckmann traipu t\u012br\u012bt\u0101js E\u013c\u013cas un sm\u0113rvielas ir speci\u0101li izstr\u0101d\u0101ts gr\u016bti no\u0146emamu taukainu traipu no\u0146em\u0161anai. L\u012bdzeklis efekt\u012bvi no\u0146em da\u017e\u0101du veidu sm\u0113rvielu un e\u013c\u013cu traipus, piem\u0113ram, motore\u013c\u013cu, r\u016bpniecisk\u0101s un sadz\u012bves instrumentu sm\u0113rvielas, velosip\u0113da un motocikla sm\u0113rvielas, benz\u012bna un degvielas traipus. Lieto\u0161ana: Uzkl\u0101jiet uz traipa un mazg\u0101jiet. Ra\u017eots V\u0101cij\u0101.<\/p>\n","protected":false},"featured_media":3766,"comment_status":"open","ping_status":"closed","template":"","meta":[],"product_brand":[64],"product_cat":[169],"product_tag":[],"class_list":{"0":"post-4249","1":"product","2":"type-product","3":"status-publish","4":"has-post-thumbnail","6":"product_brand-dr-beckmann","7":"product_cat-stain-removers","9":"first","10":"instock","11":"shipping-taxable","12":"purchasable","13":"product-type-simple"},"_links":{"self":[{"href":"https:\/\/myliusvara.lt\/en\/wp-json\/wp\/v2\/product\/4249","targetHints":{"allow":["GET"]}}],"collection":[{"href":"https:\/\/myliusvara.lt\/en\/wp-json\/wp\/v2\/product"}],"about":[{"href":"https:\/\/myliusvara.lt\/en\/wp-json\/wp\/v2\/types\/product"}],"replies":[{"embeddable":true,"href":"https:\/\/myliusvara.lt\/en\/wp-json\/wp\/v2\/comments?post=4249"}],"wp:featuredmedia":[{"embeddable":true,"href":"https:\/\/myliusvara.lt\/en\/wp-json\/wp\/v2\/media\/3766"}],"wp:attachment":[{"href":"https:\/\/myliusvara.lt\/en\/wp-json\/wp\/v2\/media?parent=4249"}],"wp:term":[{"taxonomy":"product_brand","embeddable":true,"href":"https:\/\/myliusvara.lt\/en\/wp-json\/wp\/v2\/product_brand?post=4249"},{"taxonomy":"product_cat","embeddable":true,"href":"https:\/\/myliusvara.lt\/en\/wp-json\/wp\/v2\/product_cat?post=4249"},{"taxonomy":"product_tag","embeddable":true,"href":"https:\/\/myliusvara.lt\/en\/wp-json\/wp\/v2\/product_tag?post=4249"}],"curies":[{"name":"wp","href":"https:\/\/api.w.org\/{rel}","templated":true}]}}