{"id":4248,"date":"2026-01-16T13:55:09","date_gmt":"2026-01-16T13:55:09","guid":{"rendered":"https:\/\/myliusvara.lt\/uncategorized\/dr-beckmann-stain-remover-fruits-and-beverages-50g\/"},"modified":"2026-02-23T13:26:22","modified_gmt":"2026-02-23T13:26:22","slug":"dr-beckmann-stain-remover-fruits-and-beverages-50g","status":"publish","type":"product","link":"https:\/\/myliusvara.lt\/en\/stain-removers\/dr-beckmann-stain-remover-fruits-and-beverages-50g\/","title":{"rendered":"Dr. Beckmann Traipu t\u012br\u012bt\u0101js Aug\u013ci un Dz\u0113rieni 50g"},"content":{"rendered":"<p>Dr. Beckmann traipu t\u012br\u012bt\u0101js Aug\u013ci un dz\u0113rieni ir speci\u0101li izstr\u0101d\u0101ts, lai no\u0146emtu da\u017e\u0101du aug\u013cu, ogu un dz\u0113rienu atst\u0101tos traipus no tekstilizstr\u0101d\u0101jumiem. L\u012bdzeklis efekt\u012bvi no\u0146em sarkan\u0101 v\u012bna, kafijas, t\u0113jas, kakao, sulu, limon\u0101des, kolas, aug\u013cu un d\u0101rze\u0146u sulu, ogu, marmel\u0101des, iev\u0101r\u012bjuma, z\u012bdai\u0146a p\u0101rtikas atst\u0101tos traipus. Lieto\u0161ana: Uzkl\u0101jiet uz traipa un mazg\u0101jiet. Ra\u017eots V\u0101cij\u0101.<\/p>\n","protected":false},"excerpt":{"rendered":"<p>Dr. Beckmann traipu t\u012br\u012bt\u0101js Aug\u013ci un dz\u0113rieni ir speci\u0101li izstr\u0101d\u0101ts, lai no\u0146emtu da\u017e\u0101du aug\u013cu, ogu un dz\u0113rienu atst\u0101tos traipus no tekstilizstr\u0101d\u0101jumiem. L\u012bdzeklis efekt\u012bvi no\u0146em sarkan\u0101 v\u012bna, kafijas, t\u0113jas, kakao, sulu, limon\u0101des, kolas, aug\u013cu un d\u0101rze\u0146u sulu, ogu, marmel\u0101des, iev\u0101r\u012bjuma, z\u012bdai\u0146a p\u0101rtikas atst\u0101tos traipus. Lieto\u0161ana: Uzkl\u0101jiet uz traipa un mazg\u0101jiet. Ra\u017eots V\u0101cij\u0101.<\/p>\n","protected":false},"featured_media":3769,"comment_status":"open","ping_status":"closed","template":"","meta":[],"product_brand":[64],"product_cat":[169],"product_tag":[],"class_list":{"0":"post-4248","1":"product","2":"type-product","3":"status-publish","4":"has-post-thumbnail","6":"product_brand-dr-beckmann","7":"product_cat-stain-removers","9":"first","10":"instock","11":"shipping-taxable","12":"purchasable","13":"product-type-simple"},"_links":{"self":[{"href":"https:\/\/myliusvara.lt\/en\/wp-json\/wp\/v2\/product\/4248","targetHints":{"allow":["GET"]}}],"collection":[{"href":"https:\/\/myliusvara.lt\/en\/wp-json\/wp\/v2\/product"}],"about":[{"href":"https:\/\/myliusvara.lt\/en\/wp-json\/wp\/v2\/types\/product"}],"replies":[{"embeddable":true,"href":"https:\/\/myliusvara.lt\/en\/wp-json\/wp\/v2\/comments?post=4248"}],"wp:featuredmedia":[{"embeddable":true,"href":"https:\/\/myliusvara.lt\/en\/wp-json\/wp\/v2\/media\/3769"}],"wp:attachment":[{"href":"https:\/\/myliusvara.lt\/en\/wp-json\/wp\/v2\/media?parent=4248"}],"wp:term":[{"taxonomy":"product_brand","embeddable":true,"href":"https:\/\/myliusvara.lt\/en\/wp-json\/wp\/v2\/product_brand?post=4248"},{"taxonomy":"product_cat","embeddable":true,"href":"https:\/\/myliusvara.lt\/en\/wp-json\/wp\/v2\/product_cat?post=4248"},{"taxonomy":"product_tag","embeddable":true,"href":"https:\/\/myliusvara.lt\/en\/wp-json\/wp\/v2\/product_tag?post=4248"}],"curies":[{"name":"wp","href":"https:\/\/api.w.org\/{rel}","templated":true}]}}