{"id":4246,"date":"2026-01-16T13:58:18","date_gmt":"2026-01-16T13:58:18","guid":{"rendered":"https:\/\/myliusvara.lt\/uncategorized\/dr-beckmann-stain-remover-deodorants-and-rust-50ml\/"},"modified":"2026-02-23T13:26:21","modified_gmt":"2026-02-23T13:26:21","slug":"dr-beckmann-stain-remover-deodorants-and-rust-50ml","status":"publish","type":"product","link":"https:\/\/myliusvara.lt\/en\/stain-removers\/dr-beckmann-stain-remover-deodorants-and-rust-50ml\/","title":{"rendered":"Dr. Beckmann traipu t\u012br\u012bt\u0101js Dezodoranti un R\u016bsa 50ml"},"content":{"rendered":"<p>Dr. Beckmann traipu t\u012br\u012bt\u0101js Dezodoranti un r\u016bsa ir speci\u0101li izstr\u0101d\u0101ts, lai no\u0146emtu sare\u017e\u0123\u012btus dezodorantu, sviedru, r\u016bsas un met\u0101la plankumu atlikumus no tekstilizstr\u0101d\u0101jumiem. \u0160is produkts efekt\u012bvi no\u0146em dezodorantu olbaltumvielu un alum\u012bnija s\u0101\u013cu atst\u0101tos plankumus, sviedru traipus, r\u016bsas kr\u0101sas izmai\u0146as. Lieto\u0161ana: Uzkl\u0101jiet uz traipa, atst\u0101jiet iedarboties un p\u0113c tam mazg\u0101jiet. Ra\u017eots V\u0101cij\u0101.<\/p>\n","protected":false},"excerpt":{"rendered":"<p>Dr. Beckmann traipu t\u012br\u012bt\u0101js Dezodoranti un r\u016bsa ir speci\u0101li izstr\u0101d\u0101ts, lai no\u0146emtu sare\u017e\u0123\u012btus dezodorantu, sviedru, r\u016bsas un met\u0101la plankumu atlikumus no tekstilizstr\u0101d\u0101jumiem. \u0160is produkts efekt\u012bvi no\u0146em dezodorantu olbaltumvielu un alum\u012bnija s\u0101\u013cu atst\u0101tos plankumus, sviedru traipus, r\u016bsas kr\u0101sas izmai\u0146as. Lieto\u0161ana: Uzkl\u0101jiet uz traipa, atst\u0101jiet iedarboties un p\u0113c tam mazg\u0101jiet. Ra\u017eots V\u0101cij\u0101.<\/p>\n","protected":false},"featured_media":3775,"comment_status":"open","ping_status":"closed","template":"","meta":[],"product_brand":[64],"product_cat":[169],"product_tag":[],"class_list":{"0":"post-4246","1":"product","2":"type-product","3":"status-publish","4":"has-post-thumbnail","6":"product_brand-dr-beckmann","7":"product_cat-stain-removers","9":"first","10":"instock","11":"shipping-taxable","12":"purchasable","13":"product-type-simple"},"_links":{"self":[{"href":"https:\/\/myliusvara.lt\/en\/wp-json\/wp\/v2\/product\/4246","targetHints":{"allow":["GET"]}}],"collection":[{"href":"https:\/\/myliusvara.lt\/en\/wp-json\/wp\/v2\/product"}],"about":[{"href":"https:\/\/myliusvara.lt\/en\/wp-json\/wp\/v2\/types\/product"}],"replies":[{"embeddable":true,"href":"https:\/\/myliusvara.lt\/en\/wp-json\/wp\/v2\/comments?post=4246"}],"wp:featuredmedia":[{"embeddable":true,"href":"https:\/\/myliusvara.lt\/en\/wp-json\/wp\/v2\/media\/3775"}],"wp:attachment":[{"href":"https:\/\/myliusvara.lt\/en\/wp-json\/wp\/v2\/media?parent=4246"}],"wp:term":[{"taxonomy":"product_brand","embeddable":true,"href":"https:\/\/myliusvara.lt\/en\/wp-json\/wp\/v2\/product_brand?post=4246"},{"taxonomy":"product_cat","embeddable":true,"href":"https:\/\/myliusvara.lt\/en\/wp-json\/wp\/v2\/product_cat?post=4246"},{"taxonomy":"product_tag","embeddable":true,"href":"https:\/\/myliusvara.lt\/en\/wp-json\/wp\/v2\/product_tag?post=4246"}],"curies":[{"name":"wp","href":"https:\/\/api.w.org\/{rel}","templated":true}]}}