{"id":4244,"date":"2026-01-14T17:31:10","date_gmt":"2026-01-14T17:31:10","guid":{"rendered":"https:\/\/myliusvara.lt\/uncategorized\/dr-beckmann-colour-and-dirt-collector-sheets-40-pcs\/"},"modified":"2026-02-23T13:26:24","modified_gmt":"2026-02-23T13:26:24","slug":"dr-beckmann-colour-and-dirt-collector-sheets-40-pcs","status":"publish","type":"product","link":"https:\/\/myliusvara.lt\/en\/laundry-and-rinsing-products\/dr-beckmann-colour-and-dirt-collector-sheets-40-pcs\/","title":{"rendered":"Dr. Beckmann Kr\u0101sas un net\u012brumus aizturo\u0161\u0101s salvetes 40gab."},"content":{"rendered":"<p>Pal\u012bdz aizsarg\u0101t ve\u013cu no kr\u0101su p\u0101rne\u0161anas un pel\u0113ko\u0161anas mazg\u0101\u0161anas laik\u0101. \u012apa\u0161i absorb\u0113jo\u0161\u0101s salvetes aiztur mazg\u0101\u0161anas laik\u0101 atbr\u012bvot\u0101s kr\u0101svielas un net\u012brumus, \u013cauj kop\u0101 mazg\u0101t da\u017e\u0101du kr\u0101su ap\u0123\u0113rbus un pal\u012bdz saglab\u0101t kr\u0101su spilgtumu. Piem\u0113rotas baltai un kr\u0101sainai ve\u013cai. Lieto\u0161ana: ievietojiet salvetes kop\u0101 ar ve\u013cu mazg\u0101\u0161anas ma\u0161\u012bn\u0101. Ra\u017eots V\u0101cij\u0101.<\/p>\n","protected":false},"excerpt":{"rendered":"<p>Pal\u012bdz aizsarg\u0101t ve\u013cu no kr\u0101su p\u0101rne\u0161anas un pel\u0113ko\u0161anas mazg\u0101\u0161anas laik\u0101. \u012apa\u0161i absorb\u0113jo\u0161\u0101s salvetes aiztur mazg\u0101\u0161anas laik\u0101 atbr\u012bvot\u0101s kr\u0101svielas un net\u012brumus, \u013cauj kop\u0101 mazg\u0101t da\u017e\u0101du kr\u0101su ap\u0123\u0113rbus un pal\u012bdz saglab\u0101t kr\u0101su spilgtumu. Piem\u0113rotas baltai un kr\u0101sainai ve\u013cai. Lieto\u0161ana: ievietojiet salvetes kop\u0101 ar ve\u013cu mazg\u0101\u0161anas ma\u0161\u012bn\u0101. Ra\u017eots V\u0101cij\u0101.<\/p>\n","protected":false},"featured_media":3636,"comment_status":"open","ping_status":"closed","template":"","meta":[],"product_brand":[64],"product_cat":[144],"product_tag":[],"class_list":{"0":"post-4244","1":"product","2":"type-product","3":"status-publish","4":"has-post-thumbnail","6":"product_brand-dr-beckmann","7":"product_cat-laundry-and-rinsing-products","9":"first","10":"instock","11":"shipping-taxable","12":"purchasable","13":"product-type-simple"},"_links":{"self":[{"href":"https:\/\/myliusvara.lt\/en\/wp-json\/wp\/v2\/product\/4244","targetHints":{"allow":["GET"]}}],"collection":[{"href":"https:\/\/myliusvara.lt\/en\/wp-json\/wp\/v2\/product"}],"about":[{"href":"https:\/\/myliusvara.lt\/en\/wp-json\/wp\/v2\/types\/product"}],"replies":[{"embeddable":true,"href":"https:\/\/myliusvara.lt\/en\/wp-json\/wp\/v2\/comments?post=4244"}],"wp:featuredmedia":[{"embeddable":true,"href":"https:\/\/myliusvara.lt\/en\/wp-json\/wp\/v2\/media\/3636"}],"wp:attachment":[{"href":"https:\/\/myliusvara.lt\/en\/wp-json\/wp\/v2\/media?parent=4244"}],"wp:term":[{"taxonomy":"product_brand","embeddable":true,"href":"https:\/\/myliusvara.lt\/en\/wp-json\/wp\/v2\/product_brand?post=4244"},{"taxonomy":"product_cat","embeddable":true,"href":"https:\/\/myliusvara.lt\/en\/wp-json\/wp\/v2\/product_cat?post=4244"},{"taxonomy":"product_tag","embeddable":true,"href":"https:\/\/myliusvara.lt\/en\/wp-json\/wp\/v2\/product_tag?post=4244"}],"curies":[{"name":"wp","href":"https:\/\/api.w.org\/{rel}","templated":true}]}}