{"id":4236,"date":"2026-01-14T17:31:09","date_gmt":"2026-01-14T17:31:09","guid":{"rendered":"https:\/\/myliusvara.lt\/uncategorized\/dr-beckmann-toilet-cleaning-sheets-citrus-sensation-20-pcs\/"},"modified":"2026-02-23T13:26:26","modified_gmt":"2026-02-23T13:26:26","slug":"dr-beckmann-toilet-cleaning-sheets-citrus-sensation-20-pcs","status":"publish","type":"product","link":"https:\/\/myliusvara.lt\/en\/bathroom-toilet-and-drain-cleaners\/dr-beckmann-toilet-cleaning-sheets-citrus-sensation-20-pcs\/","title":{"rendered":"Dr. Beckmann Tualetes t\u012br\u012b\u0161anas lapel\u012b\u0161i Citrus Sensation 20gab."},"content":{"rendered":"<p>\u012apa\u0161i viegli lapel\u012b\u0161i ir 100% \u0161\u0137\u012bsto\u0161i un efekt\u012bvi aizsarg\u0101 pret net\u012brumiem, ka\u013c\u0137akmens nogulsn\u0113m un ur\u012bna plankumiem. No\u0146em nepat\u012bkamas smakas un atst\u0101j pat\u012bkamu citrona smar\u017eu. Lieto\u0161ana: Iemetiet 1 lapel\u012bti tualetes \u016bden\u012b. P\u0113c da\u017e\u0101m sekund\u0113m aktiviz\u0113jiet puto\u0161anas sp\u0113ku, maisot un t\u012brot tualetes suku. Ra\u017eots V\u0101cij\u0101.<\/p>\n","protected":false},"excerpt":{"rendered":"<p>\u012apa\u0161i viegli lapel\u012b\u0161i ir 100% \u0161\u0137\u012bsto\u0161i un efekt\u012bvi aizsarg\u0101 pret net\u012brumiem, ka\u013c\u0137akmens nogulsn\u0113m un ur\u012bna plankumiem. No\u0146em nepat\u012bkamas smakas un atst\u0101j pat\u012bkamu citrona smar\u017eu. Lieto\u0161ana: Iemetiet 1 lapel\u012bti tualetes \u016bden\u012b. P\u0113c da\u017e\u0101m sekund\u0113m aktiviz\u0113jiet puto\u0161anas sp\u0113ku, maisot un t\u012brot tualetes suku. Ra\u017eots V\u0101cij\u0101.<\/p>\n","protected":false},"featured_media":3615,"comment_status":"open","ping_status":"closed","template":"","meta":[],"product_brand":[64],"product_cat":[153,96],"product_tag":[],"class_list":{"0":"post-4236","1":"product","2":"type-product","3":"status-publish","4":"has-post-thumbnail","6":"product_brand-dr-beckmann","7":"product_cat-bathroom-toilet-and-drain-cleaners","8":"product_cat-new-products","10":"first","11":"instock","12":"shipping-taxable","13":"purchasable","14":"product-type-simple"},"_links":{"self":[{"href":"https:\/\/myliusvara.lt\/en\/wp-json\/wp\/v2\/product\/4236","targetHints":{"allow":["GET"]}}],"collection":[{"href":"https:\/\/myliusvara.lt\/en\/wp-json\/wp\/v2\/product"}],"about":[{"href":"https:\/\/myliusvara.lt\/en\/wp-json\/wp\/v2\/types\/product"}],"replies":[{"embeddable":true,"href":"https:\/\/myliusvara.lt\/en\/wp-json\/wp\/v2\/comments?post=4236"}],"wp:featuredmedia":[{"embeddable":true,"href":"https:\/\/myliusvara.lt\/en\/wp-json\/wp\/v2\/media\/3615"}],"wp:attachment":[{"href":"https:\/\/myliusvara.lt\/en\/wp-json\/wp\/v2\/media?parent=4236"}],"wp:term":[{"taxonomy":"product_brand","embeddable":true,"href":"https:\/\/myliusvara.lt\/en\/wp-json\/wp\/v2\/product_brand?post=4236"},{"taxonomy":"product_cat","embeddable":true,"href":"https:\/\/myliusvara.lt\/en\/wp-json\/wp\/v2\/product_cat?post=4236"},{"taxonomy":"product_tag","embeddable":true,"href":"https:\/\/myliusvara.lt\/en\/wp-json\/wp\/v2\/product_tag?post=4236"}],"curies":[{"name":"wp","href":"https:\/\/api.w.org\/{rel}","templated":true}]}}