{"id":4233,"date":"2026-01-14T17:31:08","date_gmt":"2026-01-14T17:31:08","guid":{"rendered":"https:\/\/myliusvara.lt\/uncategorized\/dr-beckmann-oven-cleaner-375ml\/"},"modified":"2026-02-23T13:26:27","modified_gmt":"2026-02-23T13:26:27","slug":"dr-beckmann-oven-cleaner-375ml","status":"publish","type":"product","link":"https:\/\/myliusvara.lt\/en\/kitchen-care-products\/dr-beckmann-oven-cleaner-375ml\/","title":{"rendered":"Dr. Beckmann cepe\u0161kr\u0101sns t\u012br\u012bt\u0101js 375ml"},"content":{"rendered":"<p>Uzticami no\u0146em iesak\u0146oju\u0161os un piedegu\u0161us p\u0101rtikas produktus un tauku traipus. Lieto\u0161ana: Izsmidziniet uz aukstaj\u0101m virsm\u0101m. Atst\u0101jiet iedarboties vismaz 20 min\u016btes vai ilg\u0101k, ja virsmas ir \u013coti net\u012bras. R\u016bp\u012bgi noslaukiet ar mitru s\u016bkli. P\u0113c lieto\u0161anas noskalojiet smidzin\u0101t\u0101ja uzgali. Der\u012bguma termi\u0146\u0161: 5 gadi no ra\u017eo\u0161anas datuma. Ra\u017eots V\u0101cij\u0101.<\/p>\n","protected":false},"excerpt":{"rendered":"<p>Uzticami no\u0146em iesak\u0146oju\u0161os un piedegu\u0161us p\u0101rtikas produktus un tauku traipus. Lieto\u0161ana: Izsmidziniet uz aukstaj\u0101m virsm\u0101m. Atst\u0101jiet iedarboties vismaz 20 min\u016btes vai ilg\u0101k, ja virsmas ir \u013coti net\u012bras. R\u016bp\u012bgi noslaukiet ar mitru s\u016bkli. P\u0113c lieto\u0161anas noskalojiet smidzin\u0101t\u0101ja uzgali. Der\u012bguma termi\u0146\u0161: 5 gadi no ra\u017eo\u0161anas datuma. Ra\u017eots V\u0101cij\u0101.<\/p>\n","protected":false},"featured_media":3576,"comment_status":"open","ping_status":"closed","template":"","meta":[],"product_brand":[64],"product_cat":[154],"product_tag":[],"class_list":{"0":"post-4233","1":"product","2":"type-product","3":"status-publish","4":"has-post-thumbnail","6":"product_brand-dr-beckmann","7":"product_cat-kitchen-care-products","9":"first","10":"instock","11":"shipping-taxable","12":"purchasable","13":"product-type-simple"},"_links":{"self":[{"href":"https:\/\/myliusvara.lt\/en\/wp-json\/wp\/v2\/product\/4233","targetHints":{"allow":["GET"]}}],"collection":[{"href":"https:\/\/myliusvara.lt\/en\/wp-json\/wp\/v2\/product"}],"about":[{"href":"https:\/\/myliusvara.lt\/en\/wp-json\/wp\/v2\/types\/product"}],"replies":[{"embeddable":true,"href":"https:\/\/myliusvara.lt\/en\/wp-json\/wp\/v2\/comments?post=4233"}],"wp:featuredmedia":[{"embeddable":true,"href":"https:\/\/myliusvara.lt\/en\/wp-json\/wp\/v2\/media\/3576"}],"wp:attachment":[{"href":"https:\/\/myliusvara.lt\/en\/wp-json\/wp\/v2\/media?parent=4233"}],"wp:term":[{"taxonomy":"product_brand","embeddable":true,"href":"https:\/\/myliusvara.lt\/en\/wp-json\/wp\/v2\/product_brand?post=4233"},{"taxonomy":"product_cat","embeddable":true,"href":"https:\/\/myliusvara.lt\/en\/wp-json\/wp\/v2\/product_cat?post=4233"},{"taxonomy":"product_tag","embeddable":true,"href":"https:\/\/myliusvara.lt\/en\/wp-json\/wp\/v2\/product_tag?post=4233"}],"curies":[{"name":"wp","href":"https:\/\/api.w.org\/{rel}","templated":true}]}}