{"id":4227,"date":"2026-01-14T17:31:08","date_gmt":"2026-01-14T17:31:08","guid":{"rendered":"https:\/\/myliusvara.lt\/uncategorized\/dr-beckmann-hob-and-stainless-steel-polish-250ml\/"},"modified":"2026-02-23T13:26:29","modified_gmt":"2026-02-23T13:26:29","slug":"dr-beckmann-hob-and-stainless-steel-polish-250ml","status":"publish","type":"product","link":"https:\/\/myliusvara.lt\/en\/kitchen-care-products\/dr-beckmann-hob-and-stainless-steel-polish-250ml\/","title":{"rendered":"Dr. Beckmann Pl\u012bts un ner\u016bs\u0113jo\u0161a t\u0113rauda spodrin\u0101t\u0101js 250ml"},"content":{"rendered":"<p>Uzticami no\u0146em taukus, net\u012brumus, \u016bdens plankumus un pirkstu nospiedumus. Sp\u012bd, neatst\u0101j sv\u012btras, svaigi smar\u017eo. \u0100trai un vieglai t\u012br\u012b\u0161anai. Vis\u0101m pl\u012bt\u012bm (stikla keramikas, indukcijas un g\u0101zes) un ner\u016bs\u0113jo\u0161a t\u0113rauda virsm\u0101m. Lieto\u0161ana: Iesak\u0146oju\u0161\u0101s nogulsnes iepriek\u0161 no\u0146emiet ar kas\u012bkli. Uzsmidziniet uz virsmas un noslaukiet ar m\u012bkstu dr\u0101ni\u0146u. Ra\u017eots V\u0101cij\u0101.<\/p>\n","protected":false},"excerpt":{"rendered":"<p>Uzticami no\u0146em taukus, net\u012brumus, \u016bdens plankumus un pirkstu nospiedumus. Sp\u012bd, neatst\u0101j sv\u012btras, svaigi smar\u017eo. \u0100trai un vieglai t\u012br\u012b\u0161anai. Vis\u0101m pl\u012bt\u012bm (stikla keramikas, indukcijas un g\u0101zes) un ner\u016bs\u0113jo\u0161a t\u0113rauda virsm\u0101m. Lieto\u0161ana: Iesak\u0146oju\u0161\u0101s nogulsnes iepriek\u0161 no\u0146emiet ar kas\u012bkli. Uzsmidziniet uz virsmas un noslaukiet ar m\u012bkstu dr\u0101ni\u0146u. Ra\u017eots V\u0101cij\u0101.<\/p>\n","protected":false},"featured_media":3594,"comment_status":"open","ping_status":"closed","template":"","meta":[],"product_brand":[64],"product_cat":[153,154],"product_tag":[],"class_list":{"0":"post-4227","1":"product","2":"type-product","3":"status-publish","4":"has-post-thumbnail","6":"product_brand-dr-beckmann","7":"product_cat-bathroom-toilet-and-drain-cleaners","8":"product_cat-kitchen-care-products","10":"first","11":"instock","12":"shipping-taxable","13":"purchasable","14":"product-type-simple"},"_links":{"self":[{"href":"https:\/\/myliusvara.lt\/en\/wp-json\/wp\/v2\/product\/4227","targetHints":{"allow":["GET"]}}],"collection":[{"href":"https:\/\/myliusvara.lt\/en\/wp-json\/wp\/v2\/product"}],"about":[{"href":"https:\/\/myliusvara.lt\/en\/wp-json\/wp\/v2\/types\/product"}],"replies":[{"embeddable":true,"href":"https:\/\/myliusvara.lt\/en\/wp-json\/wp\/v2\/comments?post=4227"}],"wp:featuredmedia":[{"embeddable":true,"href":"https:\/\/myliusvara.lt\/en\/wp-json\/wp\/v2\/media\/3594"}],"wp:attachment":[{"href":"https:\/\/myliusvara.lt\/en\/wp-json\/wp\/v2\/media?parent=4227"}],"wp:term":[{"taxonomy":"product_brand","embeddable":true,"href":"https:\/\/myliusvara.lt\/en\/wp-json\/wp\/v2\/product_brand?post=4227"},{"taxonomy":"product_cat","embeddable":true,"href":"https:\/\/myliusvara.lt\/en\/wp-json\/wp\/v2\/product_cat?post=4227"},{"taxonomy":"product_tag","embeddable":true,"href":"https:\/\/myliusvara.lt\/en\/wp-json\/wp\/v2\/product_tag?post=4227"}],"curies":[{"name":"wp","href":"https:\/\/api.w.org\/{rel}","templated":true}]}}