{"id":4225,"date":"2026-01-14T17:31:07","date_gmt":"2026-01-14T17:31:07","guid":{"rendered":"https:\/\/myliusvara.lt\/uncategorized\/dr-beckmann-deodorant-stain-and-sweat-remover-250ml\/"},"modified":"2026-02-23T13:26:29","modified_gmt":"2026-02-23T13:26:29","slug":"dr-beckmann-deodorant-stain-and-sweat-remover-250ml","status":"publish","type":"product","link":"https:\/\/myliusvara.lt\/en\/stain-removers\/dr-beckmann-deodorant-stain-and-sweat-remover-250ml\/","title":{"rendered":"Dr. Beckmann dezodoranta plankumu un sviedru t\u012br\u012bt\u0101js 250ml"},"content":{"rendered":"<p>Laika gait\u0101 dezodorantu un sviedru atlikumu d\u0113\u013c veidojas gr\u016bti no\u0146emami plankumi. Turkl\u0101t sviedru smakas izplat\u012b\u0161an\u0101 s\u0101k piedal\u012bties ne tikai plankumi, bet ar\u012b pats audums. T\u0101 k\u0101 \u0161os plankumus un smakas nevar piln\u012bb\u0101 no\u0146emt ar parastajiem l\u012bdzek\u013ciem, probl\u0113ma ar katru reizi tikai pieaug. L\u012bdzeklis efekt\u012bvi no\u0146em visus dezodorantu un sviedru atst\u0101tos plankumus. Lieto\u0161ana: Izsmidziniet uz traipa un mazg\u0101jiet. Ra\u017eots V\u0101cij\u0101.<\/p>\n","protected":false},"excerpt":{"rendered":"<p>Laika gait\u0101 dezodorantu un sviedru atlikumu d\u0113\u013c veidojas gr\u016bti no\u0146emami plankumi. Turkl\u0101t sviedru smakas izplat\u012b\u0161an\u0101 s\u0101k piedal\u012bties ne tikai plankumi, bet ar\u012b pats audums. T\u0101 k\u0101 \u0161os plankumus un smakas nevar piln\u012bb\u0101 no\u0146emt ar parastajiem l\u012bdzek\u013ciem, probl\u0113ma ar katru reizi tikai pieaug. L\u012bdzeklis efekt\u012bvi no\u0146em visus dezodorantu un sviedru atst\u0101tos plankumus. Lieto\u0161ana: Izsmidziniet uz traipa<\/p>\n<div class=\"klb-readmore\"><a class=\"c-btn\" href=\"https:\/\/myliusvara.lt\/en\/stain-removers\/dr-beckmann-deodorant-stain-and-sweat-remover-250ml\/\">Read More <i class=\"far fa-plus\"><\/i><\/a><\/div>\n","protected":false},"featured_media":3570,"comment_status":"open","ping_status":"closed","template":"","meta":[],"product_brand":[64],"product_cat":[169],"product_tag":[],"class_list":{"0":"post-4225","1":"product","2":"type-product","3":"status-publish","4":"has-post-thumbnail","6":"product_brand-dr-beckmann","7":"product_cat-stain-removers","9":"first","10":"instock","11":"shipping-taxable","12":"purchasable","13":"product-type-simple"},"_links":{"self":[{"href":"https:\/\/myliusvara.lt\/en\/wp-json\/wp\/v2\/product\/4225","targetHints":{"allow":["GET"]}}],"collection":[{"href":"https:\/\/myliusvara.lt\/en\/wp-json\/wp\/v2\/product"}],"about":[{"href":"https:\/\/myliusvara.lt\/en\/wp-json\/wp\/v2\/types\/product"}],"replies":[{"embeddable":true,"href":"https:\/\/myliusvara.lt\/en\/wp-json\/wp\/v2\/comments?post=4225"}],"wp:featuredmedia":[{"embeddable":true,"href":"https:\/\/myliusvara.lt\/en\/wp-json\/wp\/v2\/media\/3570"}],"wp:attachment":[{"href":"https:\/\/myliusvara.lt\/en\/wp-json\/wp\/v2\/media?parent=4225"}],"wp:term":[{"taxonomy":"product_brand","embeddable":true,"href":"https:\/\/myliusvara.lt\/en\/wp-json\/wp\/v2\/product_brand?post=4225"},{"taxonomy":"product_cat","embeddable":true,"href":"https:\/\/myliusvara.lt\/en\/wp-json\/wp\/v2\/product_cat?post=4225"},{"taxonomy":"product_tag","embeddable":true,"href":"https:\/\/myliusvara.lt\/en\/wp-json\/wp\/v2\/product_tag?post=4225"}],"curies":[{"name":"wp","href":"https:\/\/api.w.org\/{rel}","templated":true}]}}