{"id":4224,"date":"2026-01-14T17:31:07","date_gmt":"2026-01-14T17:31:07","guid":{"rendered":"https:\/\/myliusvara.lt\/uncategorized\/dr-beckmann-spray-starch-for-easy-ironing-500ml\/"},"modified":"2026-02-23T13:26:30","modified_gmt":"2026-02-23T13:26:30","slug":"dr-beckmann-spray-starch-for-easy-ironing-500ml","status":"publish","type":"product","link":"https:\/\/myliusvara.lt\/en\/laundry-and-rinsing-products\/dr-beckmann-spray-starch-for-easy-ironing-500ml\/","title":{"rendered":"Dr. Beckmann smidzin\u0101m\u0101 ciete vieglai gludin\u0101\u0161anai 500ml"},"content":{"rendered":"<p>Inovat\u012bv\u0101 formula rada dab\u012bgu vilkmes sp\u0113ku, t\u0101d\u0113\u013c nodro\u0161ina vieglu grumbu un krokas gludin\u0101\u0161anu. Lieto\u0161ana: Piem\u0113rots visiem mazg\u0101jamiem audumiem, sint\u0113tisko, dab\u012bgo vai jaukto \u0161\u0137iedru. Nav piem\u0113rots vilnai, z\u012bdam vai m\u0101ksl\u012bgajam z\u012bdam (piem\u0113ram, viskoze, acet\u0101ts), audumiem, kas j\u0101mazg\u0101 \u0137\u012bmiski vai kurus nedr\u012bkst gludin\u0101t. Ra\u017eots V\u0101cij\u0101.<\/p>\n","protected":false},"excerpt":{"rendered":"<p>Inovat\u012bv\u0101 formula rada dab\u012bgu vilkmes sp\u0113ku, t\u0101d\u0113\u013c nodro\u0161ina vieglu grumbu un krokas gludin\u0101\u0161anu. Lieto\u0161ana: Piem\u0113rots visiem mazg\u0101jamiem audumiem, sint\u0113tisko, dab\u012bgo vai jaukto \u0161\u0137iedru. Nav piem\u0113rots vilnai, z\u012bdam vai m\u0101ksl\u012bgajam z\u012bdam (piem\u0113ram, viskoze, acet\u0101ts), audumiem, kas j\u0101mazg\u0101 \u0137\u012bmiski vai kurus nedr\u012bkst gludin\u0101t. Ra\u017eots V\u0101cij\u0101.<\/p>\n","protected":false},"featured_media":3573,"comment_status":"open","ping_status":"closed","template":"","meta":[],"product_brand":[64],"product_cat":[144],"product_tag":[],"class_list":{"0":"post-4224","1":"product","2":"type-product","3":"status-publish","4":"has-post-thumbnail","6":"product_brand-dr-beckmann","7":"product_cat-laundry-and-rinsing-products","9":"first","10":"instock","11":"shipping-taxable","12":"purchasable","13":"product-type-simple"},"_links":{"self":[{"href":"https:\/\/myliusvara.lt\/en\/wp-json\/wp\/v2\/product\/4224","targetHints":{"allow":["GET"]}}],"collection":[{"href":"https:\/\/myliusvara.lt\/en\/wp-json\/wp\/v2\/product"}],"about":[{"href":"https:\/\/myliusvara.lt\/en\/wp-json\/wp\/v2\/types\/product"}],"replies":[{"embeddable":true,"href":"https:\/\/myliusvara.lt\/en\/wp-json\/wp\/v2\/comments?post=4224"}],"wp:featuredmedia":[{"embeddable":true,"href":"https:\/\/myliusvara.lt\/en\/wp-json\/wp\/v2\/media\/3573"}],"wp:attachment":[{"href":"https:\/\/myliusvara.lt\/en\/wp-json\/wp\/v2\/media?parent=4224"}],"wp:term":[{"taxonomy":"product_brand","embeddable":true,"href":"https:\/\/myliusvara.lt\/en\/wp-json\/wp\/v2\/product_brand?post=4224"},{"taxonomy":"product_cat","embeddable":true,"href":"https:\/\/myliusvara.lt\/en\/wp-json\/wp\/v2\/product_cat?post=4224"},{"taxonomy":"product_tag","embeddable":true,"href":"https:\/\/myliusvara.lt\/en\/wp-json\/wp\/v2\/product_tag?post=4224"}],"curies":[{"name":"wp","href":"https:\/\/api.w.org\/{rel}","templated":true}]}}