{"id":4223,"date":"2026-01-14T17:31:04","date_gmt":"2026-01-14T17:31:04","guid":{"rendered":"https:\/\/myliusvara.lt\/uncategorized\/erdal-black-shoe-sponge\/"},"modified":"2026-02-23T13:26:30","modified_gmt":"2026-02-23T13:26:30","slug":"erdal-black-shoe-sponge","status":"publish","type":"product","link":"https:\/\/myliusvara.lt\/en\/footwear-and-leather-care\/erdal-black-shoe-sponge\/","title":{"rendered":"Erdal Melna apavu s\u016bklis"},"content":{"rendered":"<p>Melns s\u016bklis apavu kop\u0161anai. Sast\u0101v\u0101 ir bi\u0161u vasks. Pie\u0161\u0137ir sp\u012bdumu visiem \u0101das veidiem. Lieto\u0161ana: not\u012briet apavus ar s\u016bkli. Nav piem\u0113rots lak\u0101das un gumijas apaviem.<\/p>\n","protected":false},"excerpt":{"rendered":"<p>Melns s\u016bklis apavu kop\u0161anai. Sast\u0101v\u0101 ir bi\u0161u vasks. Pie\u0161\u0137ir sp\u012bdumu visiem \u0101das veidiem. Lieto\u0161ana: not\u012briet apavus ar s\u016bkli. Nav piem\u0113rots lak\u0101das un gumijas apaviem.<\/p>\n","protected":false},"featured_media":3555,"comment_status":"open","ping_status":"closed","template":"","meta":[],"product_brand":[214],"product_cat":[173],"product_tag":[],"class_list":{"0":"post-4223","1":"product","2":"type-product","3":"status-publish","4":"has-post-thumbnail","6":"product_brand-erdal","7":"product_cat-footwear-and-leather-care","9":"first","10":"instock","11":"shipping-taxable","12":"purchasable","13":"product-type-simple"},"_links":{"self":[{"href":"https:\/\/myliusvara.lt\/en\/wp-json\/wp\/v2\/product\/4223","targetHints":{"allow":["GET"]}}],"collection":[{"href":"https:\/\/myliusvara.lt\/en\/wp-json\/wp\/v2\/product"}],"about":[{"href":"https:\/\/myliusvara.lt\/en\/wp-json\/wp\/v2\/types\/product"}],"replies":[{"embeddable":true,"href":"https:\/\/myliusvara.lt\/en\/wp-json\/wp\/v2\/comments?post=4223"}],"wp:featuredmedia":[{"embeddable":true,"href":"https:\/\/myliusvara.lt\/en\/wp-json\/wp\/v2\/media\/3555"}],"wp:attachment":[{"href":"https:\/\/myliusvara.lt\/en\/wp-json\/wp\/v2\/media?parent=4223"}],"wp:term":[{"taxonomy":"product_brand","embeddable":true,"href":"https:\/\/myliusvara.lt\/en\/wp-json\/wp\/v2\/product_brand?post=4223"},{"taxonomy":"product_cat","embeddable":true,"href":"https:\/\/myliusvara.lt\/en\/wp-json\/wp\/v2\/product_cat?post=4223"},{"taxonomy":"product_tag","embeddable":true,"href":"https:\/\/myliusvara.lt\/en\/wp-json\/wp\/v2\/product_tag?post=4223"}],"curies":[{"name":"wp","href":"https:\/\/api.w.org\/{rel}","templated":true}]}}