{"id":4220,"date":"2026-01-14T17:31:04","date_gmt":"2026-01-14T17:31:04","guid":{"rendered":"https:\/\/myliusvara.lt\/uncategorized\/dr-beckmann-quick-power-wash-liquid-detergent-for-coloured-garments-800ml\/"},"modified":"2026-02-23T13:26:31","modified_gmt":"2026-02-23T13:26:31","slug":"dr-beckmann-quick-power-wash-liquid-detergent-for-coloured-garments-800ml","status":"publish","type":"product","link":"https:\/\/myliusvara.lt\/en\/laundry-and-rinsing-products\/dr-beckmann-quick-power-wash-liquid-detergent-for-coloured-garments-800ml\/","title":{"rendered":"Dr. Beckmann Quick Power Wash \u0161\u0137idrais mazg\u0101\u0161anas l\u012bdzeklis kr\u0101sainiem ap\u0123\u0113rbiem 800ml"},"content":{"rendered":"<p>Paredz\u0113ts kr\u0101sainiem ap\u0123\u0113rbiem. Jaud\u012bgi no\u0146em traipus pat \u012bs\u0101 15 min\u016b\u0161u cikl\u0101, nodro\u0161ina \u012bpa\u0161u kr\u0101su aizsardz\u012bbu, pal\u012bdzot saglab\u0101t ap\u0123\u0113rbu spilgtumu un aizsarg\u0101t no izbal\u0113\u0161anas. Efekt\u012bvs vis\u0101s mazg\u0101\u0161anas programm\u0101s, pat zem\u0101 temperat\u016br\u0101. Piem\u0113rots visiem audumiem, iz\u0146emot vilnu un z\u012bdu. Lieto\u0161ana: ielieciet nepiecie\u0161amo daudzumu mazg\u0101\u0161anas ma\u0161\u012bnas nodal\u012bjum\u0101. Ra\u017eots V\u0101cij\u0101.<\/p>\n","protected":false},"excerpt":{"rendered":"<p>Paredz\u0113ts kr\u0101sainiem ap\u0123\u0113rbiem. Jaud\u012bgi no\u0146em traipus pat \u012bs\u0101 15 min\u016b\u0161u cikl\u0101, nodro\u0161ina \u012bpa\u0161u kr\u0101su aizsardz\u012bbu, pal\u012bdzot saglab\u0101t ap\u0123\u0113rbu spilgtumu un aizsarg\u0101t no izbal\u0113\u0161anas. Efekt\u012bvs vis\u0101s mazg\u0101\u0161anas programm\u0101s, pat zem\u0101 temperat\u016br\u0101. Piem\u0113rots visiem audumiem, iz\u0146emot vilnu un z\u012bdu. Lieto\u0161ana: ielieciet nepiecie\u0161amo daudzumu mazg\u0101\u0161anas ma\u0161\u012bnas nodal\u012bjum\u0101. Ra\u017eots V\u0101cij\u0101.<\/p>\n","protected":false},"featured_media":3564,"comment_status":"open","ping_status":"closed","template":"","meta":[],"product_brand":[64],"product_cat":[144,96],"product_tag":[],"class_list":{"0":"post-4220","1":"product","2":"type-product","3":"status-publish","4":"has-post-thumbnail","6":"product_brand-dr-beckmann","7":"product_cat-laundry-and-rinsing-products","8":"product_cat-new-products","10":"first","11":"instock","12":"shipping-taxable","13":"purchasable","14":"product-type-simple"},"_links":{"self":[{"href":"https:\/\/myliusvara.lt\/en\/wp-json\/wp\/v2\/product\/4220","targetHints":{"allow":["GET"]}}],"collection":[{"href":"https:\/\/myliusvara.lt\/en\/wp-json\/wp\/v2\/product"}],"about":[{"href":"https:\/\/myliusvara.lt\/en\/wp-json\/wp\/v2\/types\/product"}],"replies":[{"embeddable":true,"href":"https:\/\/myliusvara.lt\/en\/wp-json\/wp\/v2\/comments?post=4220"}],"wp:featuredmedia":[{"embeddable":true,"href":"https:\/\/myliusvara.lt\/en\/wp-json\/wp\/v2\/media\/3564"}],"wp:attachment":[{"href":"https:\/\/myliusvara.lt\/en\/wp-json\/wp\/v2\/media?parent=4220"}],"wp:term":[{"taxonomy":"product_brand","embeddable":true,"href":"https:\/\/myliusvara.lt\/en\/wp-json\/wp\/v2\/product_brand?post=4220"},{"taxonomy":"product_cat","embeddable":true,"href":"https:\/\/myliusvara.lt\/en\/wp-json\/wp\/v2\/product_cat?post=4220"},{"taxonomy":"product_tag","embeddable":true,"href":"https:\/\/myliusvara.lt\/en\/wp-json\/wp\/v2\/product_tag?post=4220"}],"curies":[{"name":"wp","href":"https:\/\/api.w.org\/{rel}","templated":true}]}}