{"id":4218,"date":"2026-01-14T17:31:03","date_gmt":"2026-01-14T17:31:03","guid":{"rendered":"https:\/\/myliusvara.lt\/uncategorized\/erdal-black-shoe-cream-for-leather-in-tin\/"},"modified":"2026-02-23T13:26:31","modified_gmt":"2026-02-23T13:26:31","slug":"erdal-black-shoe-cream-for-leather-in-tin","status":"publish","type":"product","link":"https:\/\/myliusvara.lt\/en\/footwear-and-leather-care\/erdal-black-shoe-cream-for-leather-in-tin\/","title":{"rendered":"Erdal Melna apavu kr\u0113ma (kast\u012bt\u0113)"},"content":{"rendered":"<p>Erdal apavu pul\u0113\u0161anas l\u012bdzeklis ar dab\u012bgu bi\u0161u vasku intens\u012bvi kopj gludu un stingru \u0101du. Bag\u0101ta formula uztur \u0101du elast\u012bgu un m\u012bkstu, pie\u0161\u0137ir z\u012bdainu sp\u012bdumu, atjauno kr\u0101su un aizsarg\u0101 pret negat\u012bvu vides ietekmi. Produkts nesatur \u0161\u0137\u012bdin\u0101t\u0101jus. Lieto\u0161ana: Vispirms not\u012briet putek\u013cus un net\u012brumus no apaviem. Uzkl\u0101jiet kr\u0113mu un iedarbiniet to ar suku. Noslaukiet ar m\u012bkstu dr\u0101nu. Ra\u017eots V\u0101cij\u0101.<\/p>\n","protected":false},"excerpt":{"rendered":"<p>Erdal apavu pul\u0113\u0161anas l\u012bdzeklis ar dab\u012bgu bi\u0161u vasku intens\u012bvi kopj gludu un stingru \u0101du. Bag\u0101ta formula uztur \u0101du elast\u012bgu un m\u012bkstu, pie\u0161\u0137ir z\u012bdainu sp\u012bdumu, atjauno kr\u0101su un aizsarg\u0101 pret negat\u012bvu vides ietekmi. Produkts nesatur \u0161\u0137\u012bdin\u0101t\u0101jus. Lieto\u0161ana: Vispirms not\u012briet putek\u013cus un net\u012brumus no apaviem. Uzkl\u0101jiet kr\u0113mu un iedarbiniet to ar suku. Noslaukiet ar m\u012bkstu dr\u0101nu. Ra\u017eots<\/p>\n<div class=\"klb-readmore\"><a class=\"c-btn\" href=\"https:\/\/myliusvara.lt\/en\/footwear-and-leather-care\/erdal-black-shoe-cream-for-leather-in-tin\/\">Read More <i class=\"far fa-plus\"><\/i><\/a><\/div>\n","protected":false},"featured_media":3534,"comment_status":"open","ping_status":"closed","template":"","meta":[],"product_brand":[214],"product_cat":[173],"product_tag":[],"class_list":{"0":"post-4218","1":"product","2":"type-product","3":"status-publish","4":"has-post-thumbnail","6":"product_brand-erdal","7":"product_cat-footwear-and-leather-care","9":"first","10":"instock","11":"shipping-taxable","12":"purchasable","13":"product-type-simple"},"_links":{"self":[{"href":"https:\/\/myliusvara.lt\/en\/wp-json\/wp\/v2\/product\/4218","targetHints":{"allow":["GET"]}}],"collection":[{"href":"https:\/\/myliusvara.lt\/en\/wp-json\/wp\/v2\/product"}],"about":[{"href":"https:\/\/myliusvara.lt\/en\/wp-json\/wp\/v2\/types\/product"}],"replies":[{"embeddable":true,"href":"https:\/\/myliusvara.lt\/en\/wp-json\/wp\/v2\/comments?post=4218"}],"wp:featuredmedia":[{"embeddable":true,"href":"https:\/\/myliusvara.lt\/en\/wp-json\/wp\/v2\/media\/3534"}],"wp:attachment":[{"href":"https:\/\/myliusvara.lt\/en\/wp-json\/wp\/v2\/media?parent=4218"}],"wp:term":[{"taxonomy":"product_brand","embeddable":true,"href":"https:\/\/myliusvara.lt\/en\/wp-json\/wp\/v2\/product_brand?post=4218"},{"taxonomy":"product_cat","embeddable":true,"href":"https:\/\/myliusvara.lt\/en\/wp-json\/wp\/v2\/product_cat?post=4218"},{"taxonomy":"product_tag","embeddable":true,"href":"https:\/\/myliusvara.lt\/en\/wp-json\/wp\/v2\/product_tag?post=4218"}],"curies":[{"name":"wp","href":"https:\/\/api.w.org\/{rel}","templated":true}]}}