{"id":4213,"date":"2026-01-14T17:31:03","date_gmt":"2026-01-14T17:31:03","guid":{"rendered":"https:\/\/myliusvara.lt\/uncategorized\/erdal-black-shoe-polish\/"},"modified":"2026-02-23T13:26:33","modified_gmt":"2026-02-23T13:26:33","slug":"erdal-black-shoe-polish","status":"publish","type":"product","link":"https:\/\/myliusvara.lt\/en\/footwear-and-leather-care\/erdal-black-shoe-polish\/","title":{"rendered":"Erdal Melns apavu spodrin\u0101t\u0101js"},"content":{"rendered":"<p>L\u012bdzeklis pie\u0161\u0137ir gludai \u0101dai \u0101tru un intens\u012bvu sp\u012bdumu bez pul\u0113\u0161anas. Izmantota augstas kvalit\u0101tes, \u0101tri \u017e\u016bsto\u0161a formula. Sast\u0101v\u0101 ir dab\u012bg\u0101 mande\u013cu e\u013c\u013ca. Lieto\u0161ana: No\u0146emiet putek\u013cus un net\u012brumus. Pl\u0101n\u0101 k\u0101rt\u0101 uzkl\u0101jiet kr\u0113mu un vienm\u0113r\u012bgi sadaliet ar s\u016bk\u013ca aplikatoru. Ra\u017eots V\u0101cij\u0101.<\/p>\n","protected":false},"excerpt":{"rendered":"<p>L\u012bdzeklis pie\u0161\u0137ir gludai \u0101dai \u0101tru un intens\u012bvu sp\u012bdumu bez pul\u0113\u0161anas. Izmantota augstas kvalit\u0101tes, \u0101tri \u017e\u016bsto\u0161a formula. Sast\u0101v\u0101 ir dab\u012bg\u0101 mande\u013cu e\u013c\u013ca. Lieto\u0161ana: No\u0146emiet putek\u013cus un net\u012brumus. Pl\u0101n\u0101 k\u0101rt\u0101 uzkl\u0101jiet kr\u0113mu un vienm\u0113r\u012bgi sadaliet ar s\u016bk\u013ca aplikatoru. Ra\u017eots V\u0101cij\u0101.<\/p>\n","protected":false},"featured_media":3549,"comment_status":"open","ping_status":"closed","template":"","meta":[],"product_brand":[214],"product_cat":[173],"product_tag":[],"class_list":{"0":"post-4213","1":"product","2":"type-product","3":"status-publish","4":"has-post-thumbnail","6":"product_brand-erdal","7":"product_cat-footwear-and-leather-care","9":"first","10":"instock","11":"shipping-taxable","12":"purchasable","13":"product-type-simple"},"_links":{"self":[{"href":"https:\/\/myliusvara.lt\/en\/wp-json\/wp\/v2\/product\/4213","targetHints":{"allow":["GET"]}}],"collection":[{"href":"https:\/\/myliusvara.lt\/en\/wp-json\/wp\/v2\/product"}],"about":[{"href":"https:\/\/myliusvara.lt\/en\/wp-json\/wp\/v2\/types\/product"}],"replies":[{"embeddable":true,"href":"https:\/\/myliusvara.lt\/en\/wp-json\/wp\/v2\/comments?post=4213"}],"wp:featuredmedia":[{"embeddable":true,"href":"https:\/\/myliusvara.lt\/en\/wp-json\/wp\/v2\/media\/3549"}],"wp:attachment":[{"href":"https:\/\/myliusvara.lt\/en\/wp-json\/wp\/v2\/media?parent=4213"}],"wp:term":[{"taxonomy":"product_brand","embeddable":true,"href":"https:\/\/myliusvara.lt\/en\/wp-json\/wp\/v2\/product_brand?post=4213"},{"taxonomy":"product_cat","embeddable":true,"href":"https:\/\/myliusvara.lt\/en\/wp-json\/wp\/v2\/product_cat?post=4213"},{"taxonomy":"product_tag","embeddable":true,"href":"https:\/\/myliusvara.lt\/en\/wp-json\/wp\/v2\/product_tag?post=4213"}],"curies":[{"name":"wp","href":"https:\/\/api.w.org\/{rel}","templated":true}]}}