{"id":4209,"date":"2026-01-14T17:31:02","date_gmt":"2026-01-14T17:31:02","guid":{"rendered":"https:\/\/myliusvara.lt\/uncategorized\/sanytol-floor-and-surface-cleaner-disinfectant-eucalyptus\/"},"modified":"2026-02-23T13:26:34","modified_gmt":"2026-02-23T13:26:34","slug":"sanytol-floor-and-surface-cleaner-disinfectant-eucalyptus","status":"publish","type":"product","link":"https:\/\/myliusvara.lt\/en\/sanitizing-products\/sanytol-floor-and-surface-cleaner-disinfectant-eucalyptus\/","title":{"rendered":"Sanytol Gr\u012bdu un virsmu t\u012br\u012bt\u0101js-dezinfektants \u2013 Eikalipts"},"content":{"rendered":"<p>Uzturiet m\u0101jas t\u012bras un vesel\u012bgas ar SANYTOL gr\u012bdu un virsmu dezinfekcijas t\u012br\u012bt\u0101ju, kas efekt\u012bvi no\u0146em net\u012brumus un dezinfic\u0113. Sast\u0101v\u0101 eso\u0161\u0101 100% augu izcelsmes akt\u012bv\u0101 viela nodro\u0161ina 99,9% bakt\u0113riju, s\u0113n\u012b\u0161u un v\u012brusu likvid\u0113\u0161anu, ilgsto\u0161i saglab\u0101jo\u0161u svaigu arom\u0101tu un dro\u0161u lieto\u0161anu bez balin\u0101t\u0101ja. Piem\u0113rots stikla, lamin\u0101t\u0101m, linoleja, PVC, vinila gr\u012bd\u0101m, neglaz\u0113t\u0101m fl\u012bz\u0113m.<\/p>\n","protected":false},"excerpt":{"rendered":"<p>Uzturiet m\u0101jas t\u012bras un vesel\u012bgas ar SANYTOL gr\u012bdu un virsmu dezinfekcijas t\u012br\u012bt\u0101ju, kas efekt\u012bvi no\u0146em net\u012brumus un dezinfic\u0113. Sast\u0101v\u0101 eso\u0161\u0101 100% augu izcelsmes akt\u012bv\u0101 viela nodro\u0161ina 99,9% bakt\u0113riju, s\u0113n\u012b\u0161u un v\u012brusu likvid\u0113\u0161anu, ilgsto\u0161i saglab\u0101jo\u0161u svaigu arom\u0101tu un dro\u0161u lieto\u0161anu bez balin\u0101t\u0101ja. Piem\u0113rots stikla, lamin\u0101t\u0101m, linoleja, PVC, vinila gr\u012bd\u0101m, neglaz\u0113t\u0101m fl\u012bz\u0113m.<\/p>\n","protected":false},"featured_media":3519,"comment_status":"open","ping_status":"closed","template":"","meta":[],"product_brand":[217],"product_cat":[96,233],"product_tag":[],"class_list":{"0":"post-4209","1":"product","2":"type-product","3":"status-publish","4":"has-post-thumbnail","6":"product_brand-sanytol","7":"product_cat-new-products","8":"product_cat-sanitizing-products","10":"first","11":"instock","12":"shipping-taxable","13":"purchasable","14":"product-type-simple"},"_links":{"self":[{"href":"https:\/\/myliusvara.lt\/en\/wp-json\/wp\/v2\/product\/4209","targetHints":{"allow":["GET"]}}],"collection":[{"href":"https:\/\/myliusvara.lt\/en\/wp-json\/wp\/v2\/product"}],"about":[{"href":"https:\/\/myliusvara.lt\/en\/wp-json\/wp\/v2\/types\/product"}],"replies":[{"embeddable":true,"href":"https:\/\/myliusvara.lt\/en\/wp-json\/wp\/v2\/comments?post=4209"}],"wp:featuredmedia":[{"embeddable":true,"href":"https:\/\/myliusvara.lt\/en\/wp-json\/wp\/v2\/media\/3519"}],"wp:attachment":[{"href":"https:\/\/myliusvara.lt\/en\/wp-json\/wp\/v2\/media?parent=4209"}],"wp:term":[{"taxonomy":"product_brand","embeddable":true,"href":"https:\/\/myliusvara.lt\/en\/wp-json\/wp\/v2\/product_brand?post=4209"},{"taxonomy":"product_cat","embeddable":true,"href":"https:\/\/myliusvara.lt\/en\/wp-json\/wp\/v2\/product_cat?post=4209"},{"taxonomy":"product_tag","embeddable":true,"href":"https:\/\/myliusvara.lt\/en\/wp-json\/wp\/v2\/product_tag?post=4209"}],"curies":[{"name":"wp","href":"https:\/\/api.w.org\/{rel}","templated":true}]}}