{"id":4208,"date":"2026-01-14T17:31:02","date_gmt":"2026-01-14T17:31:02","guid":{"rendered":"https:\/\/myliusvara.lt\/uncategorized\/sanytol-universal-disinfecting-wipes-eucalyptus\/"},"modified":"2026-02-23T13:26:35","modified_gmt":"2026-02-23T13:26:35","slug":"sanytol-universal-disinfecting-wipes-eucalyptus","status":"publish","type":"product","link":"https:\/\/myliusvara.lt\/en\/sanitizing-products\/sanytol-universal-disinfecting-wipes-eucalyptus\/","title":{"rendered":"Sanytol Univers\u0101l\u0101s dezinfekcijas salvetes \u2013 Eikalipts"},"content":{"rendered":"<p>Praktisk\u0101s un efekt\u012bv\u0101s SANYTOL univers\u0101l\u0101s dezinfekcijas salvetes vienlaikus t\u012bra un dezinfic\u0113 da\u017e\u0101das m\u0101jas virsmas, ir ide\u0101li piem\u0113rotas ikdienas t\u012br\u012b\u0161anai un atst\u0101j svaigu t\u012br\u012bbas arom\u0101tu. Salvetes ir kompost\u0113jamas, izgatavotas no 100% dab\u012bg\u0101m, biolo\u0123iski no\u0101rd\u0101m\u0101m \u0161\u0137iedr\u0101m, piln\u012bb\u0101 sadal\u0101s 24 ned\u0113\u013cu laik\u0101 un ir bez balin\u0101t\u0101ja, dermato\u0123iski test\u0113tas. No\u0146em 99,9% bakt\u0113riju, s\u0113n\u012b\u0161u un v\u012brusu.<\/p>\n","protected":false},"excerpt":{"rendered":"<p>Praktisk\u0101s un efekt\u012bv\u0101s SANYTOL univers\u0101l\u0101s dezinfekcijas salvetes vienlaikus t\u012bra un dezinfic\u0113 da\u017e\u0101das m\u0101jas virsmas, ir ide\u0101li piem\u0113rotas ikdienas t\u012br\u012b\u0161anai un atst\u0101j svaigu t\u012br\u012bbas arom\u0101tu. Salvetes ir kompost\u0113jamas, izgatavotas no 100% dab\u012bg\u0101m, biolo\u0123iski no\u0101rd\u0101m\u0101m \u0161\u0137iedr\u0101m, piln\u012bb\u0101 sadal\u0101s 24 ned\u0113\u013cu laik\u0101 un ir bez balin\u0101t\u0101ja, dermato\u0123iski test\u0113tas. No\u0146em 99,9% bakt\u0113riju, s\u0113n\u012b\u0161u un v\u012brusu.<\/p>\n","protected":false},"featured_media":3525,"comment_status":"open","ping_status":"closed","template":"","meta":[],"product_brand":[217],"product_cat":[96,233],"product_tag":[],"class_list":{"0":"post-4208","1":"product","2":"type-product","3":"status-publish","4":"has-post-thumbnail","6":"product_brand-sanytol","7":"product_cat-new-products","8":"product_cat-sanitizing-products","10":"first","11":"instock","12":"shipping-taxable","13":"purchasable","14":"product-type-simple"},"_links":{"self":[{"href":"https:\/\/myliusvara.lt\/en\/wp-json\/wp\/v2\/product\/4208","targetHints":{"allow":["GET"]}}],"collection":[{"href":"https:\/\/myliusvara.lt\/en\/wp-json\/wp\/v2\/product"}],"about":[{"href":"https:\/\/myliusvara.lt\/en\/wp-json\/wp\/v2\/types\/product"}],"replies":[{"embeddable":true,"href":"https:\/\/myliusvara.lt\/en\/wp-json\/wp\/v2\/comments?post=4208"}],"wp:featuredmedia":[{"embeddable":true,"href":"https:\/\/myliusvara.lt\/en\/wp-json\/wp\/v2\/media\/3525"}],"wp:attachment":[{"href":"https:\/\/myliusvara.lt\/en\/wp-json\/wp\/v2\/media?parent=4208"}],"wp:term":[{"taxonomy":"product_brand","embeddable":true,"href":"https:\/\/myliusvara.lt\/en\/wp-json\/wp\/v2\/product_brand?post=4208"},{"taxonomy":"product_cat","embeddable":true,"href":"https:\/\/myliusvara.lt\/en\/wp-json\/wp\/v2\/product_cat?post=4208"},{"taxonomy":"product_tag","embeddable":true,"href":"https:\/\/myliusvara.lt\/en\/wp-json\/wp\/v2\/product_tag?post=4208"}],"curies":[{"name":"wp","href":"https:\/\/api.w.org\/{rel}","templated":true}]}}