{"id":4206,"date":"2026-01-14T17:31:02","date_gmt":"2026-01-14T17:31:02","guid":{"rendered":"https:\/\/myliusvara.lt\/uncategorized\/sanytol-laundry-disinfectant-1l\/"},"modified":"2026-02-23T13:26:35","modified_gmt":"2026-02-23T13:26:35","slug":"sanytol-laundry-disinfectant-1l","status":"publish","type":"product","link":"https:\/\/myliusvara.lt\/en\/sanitizing-products\/sanytol-laundry-disinfectant-1l\/","title":{"rendered":"Sanytol Ap\u0123\u0113rbu dezinfekcijas l\u012bdzeklis 1l"},"content":{"rendered":"<p>Ap\u0123\u0113rbu dezinfektants &#8220;Sanytol&#8221; Balti ziedi paredz\u0113ts higi\u0113niski t\u012bru un svaigi smar\u017eojo\u0161u skalbjam\u0101s ve\u013cas nodro\u0161in\u0101\u0161anai, kad mazg\u0101\u0161ana zem\u0101 temperat\u016br\u0101 neiznicina visus mikrobus. L\u012bdzeklis izn\u012bcina 99,9% bakt\u0113riju, Candida albicans un v\u012brusu, ieskaitot cilv\u0113ka koronav\u012brusu 229E un H1N1, un efekt\u012bvi no\u0146em nepat\u012bkamas smakas. Pateicoties inovat\u012bvajai STOP ODORS tehnolo\u0123ijai, tas ne tikai izn\u012bcina smakas, bet ar\u012b aizsarg\u0101 pret jaunu smaku ra\u0161anos. Lieto\u0161ana: Pievienojiet mazg\u0101\u0161anas skalo\u0161anas nodal\u012bjumam. Ra\u017eots Francij\u0101.<\/p>\n","protected":false},"excerpt":{"rendered":"<p>Ap\u0123\u0113rbu dezinfektants &#8220;Sanytol&#8221; Balti ziedi paredz\u0113ts higi\u0113niski t\u012bru un svaigi smar\u017eojo\u0161u skalbjam\u0101s ve\u013cas nodro\u0161in\u0101\u0161anai, kad mazg\u0101\u0161ana zem\u0101 temperat\u016br\u0101 neiznicina visus mikrobus. L\u012bdzeklis izn\u012bcina 99,9% bakt\u0113riju, Candida albicans un v\u012brusu, ieskaitot cilv\u0113ka koronav\u012brusu 229E un H1N1, un efekt\u012bvi no\u0146em nepat\u012bkamas smakas. Pateicoties inovat\u012bvajai STOP ODORS tehnolo\u0123ijai, tas ne tikai izn\u012bcina smakas, bet ar\u012b aizsarg\u0101 pret jaunu<\/p>\n<div class=\"klb-readmore\"><a class=\"c-btn\" href=\"https:\/\/myliusvara.lt\/en\/sanitizing-products\/sanytol-laundry-disinfectant-1l\/\">Read More <i class=\"far fa-plus\"><\/i><\/a><\/div>\n","protected":false},"featured_media":3513,"comment_status":"open","ping_status":"closed","template":"","meta":[],"product_brand":[217],"product_cat":[96,233],"product_tag":[],"class_list":{"0":"post-4206","1":"product","2":"type-product","3":"status-publish","4":"has-post-thumbnail","6":"product_brand-sanytol","7":"product_cat-new-products","8":"product_cat-sanitizing-products","10":"first","11":"instock","12":"shipping-taxable","13":"purchasable","14":"product-type-simple"},"_links":{"self":[{"href":"https:\/\/myliusvara.lt\/en\/wp-json\/wp\/v2\/product\/4206","targetHints":{"allow":["GET"]}}],"collection":[{"href":"https:\/\/myliusvara.lt\/en\/wp-json\/wp\/v2\/product"}],"about":[{"href":"https:\/\/myliusvara.lt\/en\/wp-json\/wp\/v2\/types\/product"}],"replies":[{"embeddable":true,"href":"https:\/\/myliusvara.lt\/en\/wp-json\/wp\/v2\/comments?post=4206"}],"wp:featuredmedia":[{"embeddable":true,"href":"https:\/\/myliusvara.lt\/en\/wp-json\/wp\/v2\/media\/3513"}],"wp:attachment":[{"href":"https:\/\/myliusvara.lt\/en\/wp-json\/wp\/v2\/media?parent=4206"}],"wp:term":[{"taxonomy":"product_brand","embeddable":true,"href":"https:\/\/myliusvara.lt\/en\/wp-json\/wp\/v2\/product_brand?post=4206"},{"taxonomy":"product_cat","embeddable":true,"href":"https:\/\/myliusvara.lt\/en\/wp-json\/wp\/v2\/product_cat?post=4206"},{"taxonomy":"product_tag","embeddable":true,"href":"https:\/\/myliusvara.lt\/en\/wp-json\/wp\/v2\/product_tag?post=4206"}],"curies":[{"name":"wp","href":"https:\/\/api.w.org\/{rel}","templated":true}]}}