{"id":4203,"date":"2026-01-14T17:31:01","date_gmt":"2026-01-14T17:31:01","guid":{"rendered":"https:\/\/myliusvara.lt\/uncategorized\/emsal-universal-floor-cleaner-1l\/"},"modified":"2026-02-23T13:26:36","modified_gmt":"2026-02-23T13:26:36","slug":"emsal-universal-floor-cleaner-1l","status":"publish","type":"product","link":"https:\/\/myliusvara.lt\/en\/floor-furniture-and-carpet-cleaners\/emsal-universal-floor-cleaner-1l\/","title":{"rendered":"Emsal &#8211; Univers\u0101ls gr\u012bdu t\u012br\u012bt\u0101js 1L"},"content":{"rendered":"<p>Dab\u012bga sast\u0101va t\u012br\u012bt\u0101js ar BIOSAN\u00ae tehnolo\u0123iju, kas balst\u012bta uz hitos\u0101nu no atjaunojam\u0101m izejviel\u0101m. Efekt\u012bvi t\u012bra un kopj gr\u012bdas, neatst\u0101j sv\u012btras, neveidojas k\u0101rtas. Nodro\u0161ina aizsardz\u012bbu pret net\u012brumiem un svaigu arom\u0101tu. Piem\u0113rots parketam, lamin\u0101tam, linoleja, akmens, fl\u012b\u017eu, PVC, gumijas segumiem. Lieto\u0161ana: 5 litros silta \u016bdens ielieciet 3 v\u0101ci\u0146us l\u012bdzek\u013ca. T\u012briet ar samitrin\u0101tu lupatu. Ra\u017eots V\u0101cij\u0101.<\/p>\n","protected":false},"excerpt":{"rendered":"<p>Dab\u012bga sast\u0101va t\u012br\u012bt\u0101js ar BIOSAN\u00ae tehnolo\u0123iju, kas balst\u012bta uz hitos\u0101nu no atjaunojam\u0101m izejviel\u0101m. Efekt\u012bvi t\u012bra un kopj gr\u012bdas, neatst\u0101j sv\u012btras, neveidojas k\u0101rtas. Nodro\u0161ina aizsardz\u012bbu pret net\u012brumiem un svaigu arom\u0101tu. Piem\u0113rots parketam, lamin\u0101tam, linoleja, akmens, fl\u012b\u017eu, PVC, gumijas segumiem. Lieto\u0161ana: 5 litros silta \u016bdens ielieciet 3 v\u0101ci\u0146us l\u012bdzek\u013ca. T\u012briet ar samitrin\u0101tu lupatu. Ra\u017eots V\u0101cij\u0101.<\/p>\n","protected":false},"featured_media":3489,"comment_status":"open","ping_status":"closed","template":"","meta":[],"product_brand":[213],"product_cat":[172],"product_tag":[],"class_list":{"0":"post-4203","1":"product","2":"type-product","3":"status-publish","4":"has-post-thumbnail","6":"product_brand-emsal","7":"product_cat-floor-furniture-and-carpet-cleaners","9":"first","10":"instock","11":"shipping-taxable","12":"purchasable","13":"product-type-simple"},"_links":{"self":[{"href":"https:\/\/myliusvara.lt\/en\/wp-json\/wp\/v2\/product\/4203","targetHints":{"allow":["GET"]}}],"collection":[{"href":"https:\/\/myliusvara.lt\/en\/wp-json\/wp\/v2\/product"}],"about":[{"href":"https:\/\/myliusvara.lt\/en\/wp-json\/wp\/v2\/types\/product"}],"replies":[{"embeddable":true,"href":"https:\/\/myliusvara.lt\/en\/wp-json\/wp\/v2\/comments?post=4203"}],"wp:featuredmedia":[{"embeddable":true,"href":"https:\/\/myliusvara.lt\/en\/wp-json\/wp\/v2\/media\/3489"}],"wp:attachment":[{"href":"https:\/\/myliusvara.lt\/en\/wp-json\/wp\/v2\/media?parent=4203"}],"wp:term":[{"taxonomy":"product_brand","embeddable":true,"href":"https:\/\/myliusvara.lt\/en\/wp-json\/wp\/v2\/product_brand?post=4203"},{"taxonomy":"product_cat","embeddable":true,"href":"https:\/\/myliusvara.lt\/en\/wp-json\/wp\/v2\/product_cat?post=4203"},{"taxonomy":"product_tag","embeddable":true,"href":"https:\/\/myliusvara.lt\/en\/wp-json\/wp\/v2\/product_tag?post=4203"}],"curies":[{"name":"wp","href":"https:\/\/api.w.org\/{rel}","templated":true}]}}