{"id":4200,"date":"2026-01-14T17:31:01","date_gmt":"2026-01-14T17:31:01","guid":{"rendered":"https:\/\/myliusvara.lt\/uncategorized\/rorax-drain-cleaner-power-gel-1l\/"},"modified":"2026-02-23T13:26:37","modified_gmt":"2026-02-23T13:26:37","slug":"rorax-drain-cleaner-power-gel-1l","status":"publish","type":"product","link":"https:\/\/myliusvara.lt\/en\/bathroom-toilet-and-drain-cleaners\/rorax-drain-cleaner-power-gel-1l\/","title":{"rendered":"Rorax Caurul\u012b\u0161u t\u012br\u012bt\u0101js POWER GEL 1l"},"content":{"rendered":"<p>RORAX caurul\u012b\u0161u t\u012br\u012bt\u0101js POWER GEL efekt\u012bvi no\u0146em gr\u016bti p\u0101rvaramus aizs\u0113r\u0113jumus, ko izraisa mati un tauki. L\u012bdzeklis pal\u012bdz nov\u0113rst caurul\u012b\u0161u aizs\u0113r\u0113\u0161anu un izn\u012bcina nepat\u012bkamas smakas. Piem\u0113rots vis\u0101m sadz\u012bves kanaliz\u0101cijas caurul\u0113m. Lieto\u0161ana: ielieciet 250 ml l\u012bdzek\u013ca kanaliz\u0101cij\u0101 un atst\u0101jiet iedarboties 30 min\u016btes, p\u0113c tam noskalojiet ar siltu \u016bdeni. Stipra aizs\u0113r\u0113\u0161anas gad\u012bjum\u0101 iepriek\u0161 no\u0146emiet \u016bdeni virs noteces atveres. Ra\u017eots V\u0101cij\u0101.<\/p>\n","protected":false},"excerpt":{"rendered":"<p>RORAX caurul\u012b\u0161u t\u012br\u012bt\u0101js POWER GEL efekt\u012bvi no\u0146em gr\u016bti p\u0101rvaramus aizs\u0113r\u0113jumus, ko izraisa mati un tauki. L\u012bdzeklis pal\u012bdz nov\u0113rst caurul\u012b\u0161u aizs\u0113r\u0113\u0161anu un izn\u012bcina nepat\u012bkamas smakas. Piem\u0113rots vis\u0101m sadz\u012bves kanaliz\u0101cijas caurul\u0113m. Lieto\u0161ana: ielieciet 250 ml l\u012bdzek\u013ca kanaliz\u0101cij\u0101 un atst\u0101jiet iedarboties 30 min\u016btes, p\u0113c tam noskalojiet ar siltu \u016bdeni. Stipra aizs\u0113r\u0113\u0161anas gad\u012bjum\u0101 iepriek\u0161 no\u0146emiet \u016bdeni virs noteces atveres.<\/p>\n<div class=\"klb-readmore\"><a class=\"c-btn\" href=\"https:\/\/myliusvara.lt\/en\/bathroom-toilet-and-drain-cleaners\/rorax-drain-cleaner-power-gel-1l\/\">Read More <i class=\"far fa-plus\"><\/i><\/a><\/div>\n","protected":false},"featured_media":3507,"comment_status":"open","ping_status":"closed","template":"","meta":[],"product_brand":[215],"product_cat":[153],"product_tag":[],"class_list":{"0":"post-4200","1":"product","2":"type-product","3":"status-publish","4":"has-post-thumbnail","6":"product_brand-rorax","7":"product_cat-bathroom-toilet-and-drain-cleaners","9":"first","10":"instock","11":"shipping-taxable","12":"purchasable","13":"product-type-simple"},"_links":{"self":[{"href":"https:\/\/myliusvara.lt\/en\/wp-json\/wp\/v2\/product\/4200","targetHints":{"allow":["GET"]}}],"collection":[{"href":"https:\/\/myliusvara.lt\/en\/wp-json\/wp\/v2\/product"}],"about":[{"href":"https:\/\/myliusvara.lt\/en\/wp-json\/wp\/v2\/types\/product"}],"replies":[{"embeddable":true,"href":"https:\/\/myliusvara.lt\/en\/wp-json\/wp\/v2\/comments?post=4200"}],"wp:featuredmedia":[{"embeddable":true,"href":"https:\/\/myliusvara.lt\/en\/wp-json\/wp\/v2\/media\/3507"}],"wp:attachment":[{"href":"https:\/\/myliusvara.lt\/en\/wp-json\/wp\/v2\/media?parent=4200"}],"wp:term":[{"taxonomy":"product_brand","embeddable":true,"href":"https:\/\/myliusvara.lt\/en\/wp-json\/wp\/v2\/product_brand?post=4200"},{"taxonomy":"product_cat","embeddable":true,"href":"https:\/\/myliusvara.lt\/en\/wp-json\/wp\/v2\/product_cat?post=4200"},{"taxonomy":"product_tag","embeddable":true,"href":"https:\/\/myliusvara.lt\/en\/wp-json\/wp\/v2\/product_tag?post=4200"}],"curies":[{"name":"wp","href":"https:\/\/api.w.org\/{rel}","templated":true}]}}