{"id":4198,"date":"2026-01-14T17:31:00","date_gmt":"2026-01-14T17:31:00","guid":{"rendered":"https:\/\/myliusvara.lt\/uncategorized\/emsal-clean-and-shine-with-careprotect-formula-1l\/"},"modified":"2026-02-23T13:26:38","modified_gmt":"2026-02-23T13:26:38","slug":"emsal-clean-and-shine-with-careprotect-formula-1l","status":"publish","type":"product","link":"https:\/\/myliusvara.lt\/en\/floor-furniture-and-carpet-cleaners\/emsal-clean-and-shine-with-careprotect-formula-1l\/","title":{"rendered":"Emsal &#8211; Clean &#038; Shine ar CAREPROTECT formulu 1L"},"content":{"rendered":"<p>Ilgsto\u0161s sp\u012bdums un t\u012br\u012bba vis\u0101m \u016bdensiztur\u012bg\u0101m virsm\u0101m: plastmasai, PVC, linoleja, p\u0101rkl\u0101t\u0101m kor\u0137a un koka gr\u012bd\u0101m, neglaz\u0113t\u0101m fl\u012bz\u0113m, marmuram, gran\u012btam. Aizsarg\u0101 pret nodilumu, skr\u0101p\u0113jumiem un net\u012brumiem, nav nepiecie\u0161ama pul\u0113\u0161ana. Sast\u0101v\u0101 apels\u012bnu un saulespu\u0137u vasks, pat\u012bkams arom\u0101ts. Lieto\u0161ana: 5 litros silta \u016bdens ielieciet 3 v\u0101ci\u0146us l\u012bdzek\u013ca. T\u012briet ar samitrin\u0101tu lupatu. Ra\u017eots V\u0101cij\u0101.<\/p>\n","protected":false},"excerpt":{"rendered":"<p>Ilgsto\u0161s sp\u012bdums un t\u012br\u012bba vis\u0101m \u016bdensiztur\u012bg\u0101m virsm\u0101m: plastmasai, PVC, linoleja, p\u0101rkl\u0101t\u0101m kor\u0137a un koka gr\u012bd\u0101m, neglaz\u0113t\u0101m fl\u012bz\u0113m, marmuram, gran\u012btam. Aizsarg\u0101 pret nodilumu, skr\u0101p\u0113jumiem un net\u012brumiem, nav nepiecie\u0161ama pul\u0113\u0161ana. Sast\u0101v\u0101 apels\u012bnu un saulespu\u0137u vasks, pat\u012bkams arom\u0101ts. Lieto\u0161ana: 5 litros silta \u016bdens ielieciet 3 v\u0101ci\u0146us l\u012bdzek\u013ca. T\u012briet ar samitrin\u0101tu lupatu. Ra\u017eots V\u0101cij\u0101.<\/p>\n","protected":false},"featured_media":3492,"comment_status":"open","ping_status":"closed","template":"","meta":[],"product_brand":[213],"product_cat":[172],"product_tag":[],"class_list":{"0":"post-4198","1":"product","2":"type-product","3":"status-publish","4":"has-post-thumbnail","6":"product_brand-emsal","7":"product_cat-floor-furniture-and-carpet-cleaners","9":"first","10":"instock","11":"shipping-taxable","12":"purchasable","13":"product-type-simple"},"_links":{"self":[{"href":"https:\/\/myliusvara.lt\/en\/wp-json\/wp\/v2\/product\/4198","targetHints":{"allow":["GET"]}}],"collection":[{"href":"https:\/\/myliusvara.lt\/en\/wp-json\/wp\/v2\/product"}],"about":[{"href":"https:\/\/myliusvara.lt\/en\/wp-json\/wp\/v2\/types\/product"}],"replies":[{"embeddable":true,"href":"https:\/\/myliusvara.lt\/en\/wp-json\/wp\/v2\/comments?post=4198"}],"wp:featuredmedia":[{"embeddable":true,"href":"https:\/\/myliusvara.lt\/en\/wp-json\/wp\/v2\/media\/3492"}],"wp:attachment":[{"href":"https:\/\/myliusvara.lt\/en\/wp-json\/wp\/v2\/media?parent=4198"}],"wp:term":[{"taxonomy":"product_brand","embeddable":true,"href":"https:\/\/myliusvara.lt\/en\/wp-json\/wp\/v2\/product_brand?post=4198"},{"taxonomy":"product_cat","embeddable":true,"href":"https:\/\/myliusvara.lt\/en\/wp-json\/wp\/v2\/product_cat?post=4198"},{"taxonomy":"product_tag","embeddable":true,"href":"https:\/\/myliusvara.lt\/en\/wp-json\/wp\/v2\/product_tag?post=4198"}],"curies":[{"name":"wp","href":"https:\/\/api.w.org\/{rel}","templated":true}]}}